{"id":83526,"date":"2024-01-26T09:52:10","date_gmt":"2024-01-26T07:52:10","guid":{"rendered":"https:\/\/galicianparts.com\/shop\/producto\/5978873-junta-toma-deposito-combustible-fiat-uno-tb-ducato-126-citroen-peugeot-original\/"},"modified":"2024-03-04T15:20:20","modified_gmt":"2024-03-04T13:20:20","slug":"5978873-junta-toma-deposito-combustible-fiat-uno-tb-ducato-126-citroen-peugeot-original","status":"publish","type":"product","link":"https:\/\/galicianparts.com\/shop\/producto\/5978873-junta-toma-deposito-combustible-fiat-uno-tb-ducato-126-citroen-peugeot-original\/","title":{"rendered":"5978873 Junta toma dep\u00f3sito combustible Fiat Uno TB \/Ducato \/126 \/Citro\u00ebn \/Peugeot ORIGINAL"},"content":{"rendered":"<p>Junta del tap\u00f3n del dep\u00f3sito de carburante de:<br \/>\nDi\u00e1metro interior: 53 mm<br \/>\nDi\u00e1metro exterior: 86 mm<br \/>\nAltura: 13 mm<\/p>\n<p>FIAT &#8211; MD 126 BIS (1987-1999)<br \/>\nFIAT &#8211; 2B DUNA BENZINA\/DIESEL (1986-1990)<br \/>\nFIAT &#8211; XP ELBA CSL (1991-1996) 1300 CARB.<br \/>\nFIAT &#8211; XP ELBA CSL (1991-1996) 1500 SPI USA&#8217;83<br \/>\nFIAT &#8211; XP ELBA CSL (1991-1996) 1697 DS<br \/>\nFIAT &#8211; XS MILLE CLIP (1995-1997) 994 SPI \/ 1372 SPI<br \/>\nFIAT &#8211; ML UNO CS (1988-1990)<br \/>\nFIAT &#8211; MU UNO DIESEL R\/89 (1989-1995)<br \/>\nFIAT &#8211; MS UNO R\/89 (1989-1995) 1116 \/ 1116 TREND \/ 1370 DAV-15 \/ 1370 CARB.<br \/>\nFIAT &#8211; MS UNO R\/89 (1989-1995) 1370 SPI \/ 1370 SPI USA&#8217;83 \/ 1500 SPI USA&#8217;83<br \/>\nFIAT &#8211; MR UNO R\/89 (1989-1995) 903 \/ 994 CARB. \/ 1000 \/ 1108 \/ 1000 DAV.<br \/>\nFIAT &#8211; MR UNO R\/89 (1989-1995) 1000 USA&#8217;83 \/ 1108 USA&#8217;83 (51CV) \/ 1100 USA&#8217;83 (49CV) \/ 994 SPI<br \/>\nFIAT &#8211; MT UNO TURBO R\/89 (1989-1993) 1370<br \/>\nFIAT &#8211; MT UNO TURBO R\/89 (1989-1993) 1370 USA&#8217;83 \/ 1300 USA&#8217;83<br \/>\nFIAT PROFESSIONAL &#8211; 2M FIORINO (1991-1993) 1116 CARB \/ 1300 CARB \/ 1300 DS \/ 1697 DS(149 B3) \/ 1697 DS(146 B2) \/ 1697 DS USA &#8217;83<br \/>\nFIAT PROFESSIONAL &#8211; 2M FIORINO (1991-1993) 1500 SPI USA&#8217;83<br \/>\nFIAT PROFESSIONAL &#8211; NB NUOVO DUCATO BZ R.90 (1990-1994)<br \/>\nFIAT PROFESSIONAL &#8211; NA NUOVO DUCATO DS.R.90 (1990-1994)<br \/>\nFIAT PROFESSIONAL &#8211; NC TALENTO R.90 (1990-1994)<br \/>\nCITROEN &#8211; C25 (1990-1994)<br \/>\nPEUGEOT &#8211; J5 (1990-1994)<\/p>\n<p>LA PIEZA ES NUEVA Y ORIGINAL.<\/p>\n","protected":false},"excerpt":{"rendered":"<p>Junta del tap\u00f3n del dep\u00f3sito de carburante de: Di\u00e1metro interior: 53 mm Di\u00e1metro exterior: 86 mm Altura: 13 mm FIAT &#8211; MD 126 BIS (1987-1999) FIAT &#8211; 2B DUNA BENZINA\/DIESEL (1986-1990) FIAT &#8211; XP ELBA CSL (1991-1996) 1300 CARB. FIAT &#8211; XP ELBA CSL (1991-1996) 1500 SPI USA&#8217;83 FIAT &#8211; XP ELBA CSL (1991-1996) 1697 [&hellip;]<\/p>\n","protected":false},"featured_media":83528,"template":"","meta":{"_seopress_robots_primary_cat":"","_seopress_titles_title":"","_seopress_titles_desc":"","_seopress_robots_index":""},"product_cat":[67,132,23,88,89,90,20,91,157,24,110,114],"product_tag":[],"class_list":{"0":"post-83526","1":"product","2":"type-product","3":"status-publish","4":"has-post-thumbnail","6":"product_cat-recambios-fiat-126","7":"product_cat-recambios-citroen-c25","8":"product_cat-recambios-citroen","9":"product_cat-recambios-fiat-ducato","10":"product_cat-recambios-fiat-duna","11":"product_cat-recambios-fiat-elba","12":"product_cat-recambios-fiat","13":"product_cat-recambios-fiat-fiorino","14":"product_cat-recambios-peugeot-j5","15":"product_cat-recambios-peugeot","16":"product_cat-recambios-fiat-talento","17":"product_cat-recambios-fiat-uno","19":"first","20":"outofstock","21":"taxable","22":"shipping-taxable","23":"purchasable","24":"product-type-simple"},"_links":{"self":[{"href":"https:\/\/galicianparts.com\/shop\/wp-json\/wp\/v2\/product\/83526"}],"collection":[{"href":"https:\/\/galicianparts.com\/shop\/wp-json\/wp\/v2\/product"}],"about":[{"href":"https:\/\/galicianparts.com\/shop\/wp-json\/wp\/v2\/types\/product"}],"wp:featuredmedia":[{"embeddable":true,"href":"https:\/\/galicianparts.com\/shop\/wp-json\/wp\/v2\/media\/83528"}],"wp:attachment":[{"href":"https:\/\/galicianparts.com\/shop\/wp-json\/wp\/v2\/media?parent=83526"}],"wp:term":[{"taxonomy":"product_cat","embeddable":true,"href":"https:\/\/galicianparts.com\/shop\/wp-json\/wp\/v2\/product_cat?post=83526"},{"taxonomy":"product_tag","embeddable":true,"href":"https:\/\/galicianparts.com\/shop\/wp-json\/wp\/v2\/product_tag?post=83526"}],"curies":[{"name":"wp","href":"https:\/\/api.w.org\/{rel}","templated":true}]}}