{"id":83667,"date":"2024-01-31T10:21:56","date_gmt":"2024-01-31T08:21:56","guid":{"rendered":"https:\/\/galicianparts.com\/shop\/producto\/40003990-reten-ciguenal\/"},"modified":"2025-09-13T22:20:46","modified_gmt":"2025-09-13T20:20:46","slug":"40003990-reten-ciguenal","status":"publish","type":"product","link":"https:\/\/galicianparts.com\/shop\/producto\/40003990-reten-ciguenal\/","title":{"rendered":"40003990 Ret\u00e9n 64x80x8 cig\u00fce\u00f1al lado cambio Fiat \/Lancia \/Seat ORIGINAL"},"content":{"rendered":"<p>Ret\u00e9n de la tapa del c\u00e1rter de:<br \/>\nDi\u00e1metro interior: 64 mm<br \/>\nDi\u00e1metro exterior: 80 mm<br \/>\nAltura: 8 mm<\/p>\n<p>FIAT Cinquecento (170)<br \/>\n0.9, A\u00f1o 07.1991 &#8211; 12.1993, 903 ccm, 41 cv<br \/>\n0.9 i.e. (170AC), A\u00f1o 07.1991 &#8211; 10.1994, 903 ccm, 41 cv<br \/>\n0.9 i.e. S, A\u00f1o 07.1991 &#8211; 07.1999, 899 ccm, 40 cv<br \/>\nFIAT Regata (138)<br \/>\n1.3 70, A\u00f1o 10.1983 &#8211; 07.1989, 1301 ccm, 65 cv<br \/>\n1.3 70, A\u00f1o 10.1983 &#8211; 07.1986, 1301 ccm, 68 cv<br \/>\n1.5 75, A\u00f1o 12.1983 &#8211; 07.1989, 1498 ccm, 75 cv<br \/>\n1.5 85, A\u00f1o 05.1985 &#8211; 12.1987, 1498 ccm, 79 cv<br \/>\n1.5 Super 85, A\u00f1o 10.1983 &#8211; 05.1985, 1498 ccm, 82 cv<br \/>\nFIAT 850 Coup\u00e9 (100)<br \/>\n0.9 Sport, A\u00f1o 03.1968 &#8211; 10.1972, 903 ccm, 52 cv<br \/>\nFIAT X 1\/9 (128)<br \/>\n1.3, A\u00f1o 10.1975 &#8211; 07.1978, 1290 ccm, 73 cv<br \/>\n1.3, A\u00f1o 05.1973 &#8211; 12.1979, 1290 ccm, 75 cv<br \/>\n1.5 (128AS1_), A\u00f1o 12.1978 &#8211; 12.1989, 1498 ccm, 85 cv<br \/>\nFIAT Ritmo I Cabrio<br \/>\n50 1.3, A\u00f1o 10.1985 &#8211; 12.1987, 1302 ccm, 68 cv<br \/>\n1.5 80, A\u00f1o 03.1983 &#8211; 12.1986, 1498 ccm, 82 cv<br \/>\n1.5 80, A\u00f1o 01.1980 &#8211; 07.1989, 1498 ccm, 86 cv<br \/>\nFIAT Ritmo I Hatchback (138)<br \/>\n1.0, A\u00f1o 10.1978 &#8211; 10.1982, 1049 ccm, 60 cv<br \/>\n1.1, A\u00f1o 10.1982 &#8211; 12.1987, 1116 ccm, 55 cv<br \/>\n1.1, A\u00f1o 05.1985 &#8211; 12.1987, 1116 ccm, 58 cv<br \/>\n1.1, A\u00f1o 08.1980 &#8211; 08.1988, 1116 ccm, 60 cv<br \/>\n1.3, A\u00f1o 01.1978 &#8211; 08.1985, 1301 ccm, 65 cv<br \/>\n1.3, A\u00f1o 01.1983 &#8211; 05.1985, 1301 ccm, 68 cv<br \/>\n1.3, A\u00f1o 01.1981 &#8211; 10.1982, 1301 ccm, 75 cv<br \/>\n1.5, A\u00f1o 01.1978 &#8211; 12.1988, 1498 ccm, 75 cv<br \/>\n1.5, A\u00f1o 08.1985 &#8211; 05.1987, 1498 ccm, 79 cv<br \/>\n1.5, A\u00f1o 01.1983 &#8211; 12.1987, 1498 ccm, 82 cv<br \/>\n1.5, A\u00f1o 01.1981 &#8211; 05.1987, 1498 ccm, 85 cv<br \/>\n1.7 Diesel, A\u00f1o 10.1979 &#8211; 10.1982, 1714 ccm, 55 cv<br \/>\nFIAT 127 Hatchback (127)<br \/>\n0.9, A\u00f1o 07.1971 &#8211; 05.1983, 903 ccm, 40 cv<br \/>\n0.9 (127A), A\u00f1o 10.1971 &#8211; 12.1984, 903 ccm, 45 cv<br \/>\n1.0, A\u00f1o 05.1977 &#8211; 12.1986, 1049 ccm, 50 cv<br \/>\n1.0 Sport, A\u00f1o 07.1978 &#8211; 03.1982, 1049 ccm, 70 cv<br \/>\nFIAT 128 Coup\u00e9 (128)<br \/>\n1.1, A\u00f1o 03.1972 &#8211; 03.1981, 1116 ccm, 64 cv<br \/>\n1.1, A\u00f1o 08.1975 &#8211; 03.1981, 1116 ccm, 65 cv<br \/>\n1.3, A\u00f1o 03.1972 &#8211; 12.1979, 1290 ccm, 75 cv<br \/>\n1.3 Berlinetta, A\u00f1o 07.1975 &#8211; 12.1979, 1290 ccm, 73 cv<br \/>\nFIAT 128 Berlina (128)<br \/>\n1.1, A\u00f1o 03.1975 &#8211; 10.1981, 1116 ccm, 45 cv<br \/>\n1.1 (128A), A\u00f1o 03.1969 &#8211; 12.1984, 1116 ccm, 55 cv<br \/>\n1.3 (128A), A\u00f1o 08.1974 &#8211; 12.1984, 1290 ccm, 60 cv<br \/>\n1.3 Rally (128A), A\u00f1o 07.1971 &#8211; 03.1976, 1290 ccm, 67 cv<br \/>\nFIAT Tempra (159)<br \/>\n1.4 i.e. (159.AA), A\u00f1o 03.1991 &#8211; 08.1996, 1372 ccm, 78 cv<br \/>\n1.4 i.e., A\u00f1o 05.1990 &#8211; 08.1996, 1372 ccm, 69 cv<br \/>\n1.6 (159.AD), A\u00f1o 03.1990 &#8211; 05.1994, 1581 ccm, 86 cv<br \/>\n1.6 (159AS, 159AT), A\u00f1o 05.1990 &#8211; 07.1996, 1581 ccm, 69 cv<br \/>\n1.6 i.e., A\u00f1o 07.1990 &#8211; 07.1992, 1581 ccm, 78 cv<br \/>\n1.6 i.e., A\u00f1o 07.1994 &#8211; 08.1996, 1581 ccm, 87 cv<br \/>\n1.6 i.e., A\u00f1o 07.1994 &#8211; 08.1996, 1581 ccm, 90 cv<br \/>\n1.6 i.e., A\u00f1o 07.1992 &#8211; 08.1996, 1581 ccm, 75 cv<br \/>\nFIAT Panda I Hatchback (141)<br \/>\n0.9 Fire S A las 4 ruedas, A\u00f1o 10.1980 &#8211; 05.1986, 903 ccm, 45 cv<br \/>\n800, A\u00f1o 03.1981 &#8211; 12.1985, 843 ccm, 34 cv<br \/>\n0.9, A\u00f1o 05.1992 &#8211; 12.1996, 899 ccm, 40 cv<br \/>\n0.9, A\u00f1o 10.1980 &#8211; 07.1994, 903 ccm, 45 cv<br \/>\nFIAT Tipo Hatchback (160)<br \/>\n1.4, A\u00f1o 07.1987 &#8211; 12.1989, 1372 ccm, 71 cv<br \/>\n1.4 i.e., A\u00f1o 05.1989 &#8211; 05.1995, 1372 ccm, 78 cv<br \/>\n1.4 i.e., A\u00f1o 05.1989 &#8211; 05.1995, 1372 ccm, 70 cv<br \/>\n1.6, A\u00f1o 03.1993 &#8211; 10.1995, 1581 ccm, 76 cv<br \/>\n1.6, A\u00f1o 03.1988 &#8211; 10.1992, 1581 ccm, 79 cv<br \/>\n1.6, A\u00f1o 01.1988 &#8211; 10.1991, 1581 ccm, 83 cv<br \/>\n1.6 i.e., A\u00f1o 10.1992 &#8211; 05.1995, 1581 ccm, 75 cv<br \/>\n1.6 i.e., A\u00f1o 07.1990 &#8211; 01.1993, 1581 ccm, 78 cv<br \/>\n1.6 SX DGT, A\u00f1o 05.1989 &#8211; 10.1995, 1581 ccm, 90 cv<br \/>\nFIAT Fiorino Furg\u00f3n (127)<br \/>\n0.9, A\u00f1o 10.1977 &#8211; 10.1986, 903 ccm, 45 cv<br \/>\nFIAT Fiorino II Furg\u00f3n (146)<br \/>\n1.4, A\u00f1o 12.1992 &#8211; 10.1996, 1372 ccm, 71 cv<br \/>\n70 i.e. 1.4, A\u00f1o 05.1994 &#8211; 05.2001, 1372 ccm, 67 cv<br \/>\n75 i.e. 1.5, A\u00f1o 05.1988 &#8211; 12.1993, 1498 ccm, 75 cv<br \/>\n75 i.e. 1.6, A\u00f1o 10.1993 &#8211; 05.2001, 1581 ccm, 75 cv<br \/>\nFIAT Punto I (176)<br \/>\n1.4 GT Turbo (176AD_), A\u00f1o 10.1993 &#8211; 03.1997, 1372 ccm, 133 cv<br \/>\n1.4 GT Turbo (176AS_), A\u00f1o 10.1996 &#8211; 07.1999, 1372 ccm, 131 cv<br \/>\n1.6, A\u00f1o 01.1994 &#8211; 05.1997, 1581 ccm, 88 cv<br \/>\nFIAT Uno Hatchback (146)<br \/>\n1.1, A\u00f1o 10.1988 &#8211; 07.2006, 1108 ccm, 58 cv<br \/>\n1.3 Turbo i.e., A\u00f1o 01.1987 &#8211; 12.1987, 1301 ccm, 99 cv<br \/>\n1.3 Turbo i.e., A\u00f1o 10.1989 &#8211; 03.1991, 1301 ccm, 101 cv<br \/>\n1.3 Turbo i.e., A\u00f1o 05.1985 &#8211; 08.1989, 1301 ccm, 105 cv<br \/>\n1.4 Turbo, A\u00f1o 10.1988 &#8211; 08.2000, 1372 ccm, 105 cv<br \/>\n1.4 Turbo i.e., A\u00f1o 10.1989 &#8211; 10.1993, 1372 ccm, 112 cv<br \/>\n1.4 Turbo i.e., A\u00f1o 12.1989 &#8211; 12.1996, 1372 ccm, 118 cv<br \/>\n1.6, A\u00f1o 12.1989 &#8211; 05.1993, 1581 ccm, 88 cv<br \/>\n1.6 R, A\u00f1o 05.1993 &#8211; 12.1995, 1581 ccm, 90 cv<br \/>\n45 0.9, A\u00f1o 03.1983 &#8211; 10.1992, 903 ccm, 45 cv<br \/>\n0.9 45, A\u00f1o 03.1984 &#8211; 12.1988, 903 ccm, 46 cv<br \/>\n1.1 50, A\u00f1o 01.1986 &#8211; 12.1989, 1116 ccm, 50 cv<br \/>\n1.1 55, A\u00f1o 01.1983 &#8211; 08.1989, 1116 ccm, 54 cv<br \/>\n1.1 60, A\u00f1o 05.1985 &#8211; 08.1989, 1116 ccm, 58 cv<br \/>\n1.3 70, A\u00f1o 05.1985 &#8211; 08.1989, 1302 ccm, 65 cv<br \/>\n1.3 70, A\u00f1o 01.1983 &#8211; 05.1985, 1302 ccm, 68 cv<br \/>\n1.4 i.e. 70, A\u00f1o 10.1989 &#8211; 07.1996, 1372 ccm, 70 cv<br \/>\n1.4 i.e. 70, A\u00f1o 10.1989 &#8211; 12.1993, 1372 ccm, 72 cv<br \/>\n1.4 S 70, A\u00f1o 10.1988 &#8211; 07.2006, 1372 ccm, 71 cv<br \/>\n75 i.e. 1.5, A\u00f1o 10.1985 &#8211; 12.1993, 1498 ccm, 75 cv<br \/>\nFIAT Brava Hatchback (182)<br \/>\n1.6 16V, A\u00f1o 03.1996 &#8211; 10.2001, 1581 ccm, 103 cv<br \/>\n1.6 16V (182.BB), A\u00f1o 08.1999 &#8211; 03.2000, 1581 ccm, 106 cv<br \/>\nFIAT Bravo I Hatchback (182)<br \/>\n1.6 16V, A\u00f1o 03.1996 &#8211; 10.2001, 1581 ccm, 103 cv<br \/>\nFIAT Scudo I (220)<br \/>\n1.6, A\u00f1o 03.1996 &#8211; 12.2006, 1581 ccm, 79 cv<br \/>\nFIAT Marea (185)<br \/>\n1.6 100 16V, A\u00f1o 10.1996 &#8211; 05.2002, 1581 ccm, 103 cv<br \/>\n1.6 16V, A\u00f1o 05.1997 &#8211; 03.1999, 1581 ccm, 102 cv<br \/>\nFIAT 128 Familiare (128)<br \/>\n1.1, A\u00f1o 03.1975 &#8211; 03.1981, 1116 ccm, 45 cv<br \/>\n1.1, A\u00f1o 10.1969 &#8211; 10.1982, 1116 ccm, 55 cv<br \/>\n1.3, A\u00f1o 12.1974 &#8211; 10.1982, 1290 ccm, 60 cv<br \/>\nFIAT 850 Spider<br \/>\n0.9 Sport, A\u00f1o 03.1968 &#8211; 12.1972, 903 ccm, 52 cv<br \/>\nFIAT 127 Panorama (127)<br \/>\n1.0, A\u00f1o 01.1977 &#8211; 12.1986, 1049 ccm, 50 cv<br \/>\nFIAT 600 Berlina<br \/>\n0.8, A\u00f1o 10.1960 &#8211; 03.1971, 767 ccm, 23 cv<br \/>\nFIAT 850 Berlina<br \/>\n0.8 Special, A\u00f1o 03.1968 &#8211; 10.1972, 843 ccm, 48 cv<br \/>\nFIAT Palio I Hatchback (178)<br \/>\n1.4, A\u00f1o 05.1996 &#8211; 10.2002, 1372 ccm, 69 cv<br \/>\n1.4 Cat, A\u00f1o 05.1996 &#8211; 08.2001, 1372 ccm, 69 cv<br \/>\n1.6 16V, A\u00f1o 07.1997 &#8211; 10.2000, 1581 ccm, 92 cv<br \/>\n1.6 16V, A\u00f1o 05.1996 &#8211; 10.2002, 1581 ccm, 100 cv<br \/>\nFIAT Palio I Weekend (178)<br \/>\n1.4, A\u00f1o 07.1997 &#8211; 08.2001, 1372 ccm, 69 cv<br \/>\n1.6, A\u00f1o 07.1997 &#8211; &#8230;, 1581 ccm, 95 cv<br \/>\n1.6 16V, A\u00f1o 07.1997 &#8211; 10.2003, 1581 ccm, 92 cv<br \/>\n1.6 16V (178DXD1A), A\u00f1o 07.1996 &#8211; 03.2001, 1581 ccm, 100 cv<br \/>\nFIAT Seicento \/ 600 Hatchback (187)<br \/>\n0.9 (187AXA, 187AXA1A), A\u00f1o 12.1997 &#8211; 12.2008, 899 ccm, 39 cv<br \/>\nFIAT Multipla (186)<br \/>\n1.6 16V Bipower, A\u00f1o 05.1999 &#8211; 07.2010, 1581 ccm, 103 cv<br \/>\nFIAT Fiorino II Pick-up (146)<br \/>\n1.4, A\u00f1o 05.1994 &#8211; 05.2001, 1372 ccm, 67 cv<br \/>\n1.4, A\u00f1o 10.1993 &#8211; 10.1996, 1372 ccm, 71 cv<br \/>\n1.6, A\u00f1o 01.1994 &#8211; 05.2001, 1581 ccm, 75 cv<br \/>\nFIAT 900 T\/E (200_)<br \/>\n0.9, A\u00f1o 01.1978 &#8211; 01.1986, 903 ccm, 35 cv<br \/>\nFIAT 147 Hatchback<br \/>\n1.0, A\u00f1o 10.1976 &#8211; 12.1995, 1049 ccm, 50 cv<br \/>\nFIAT Elba<br \/>\n1.5, A\u00f1o 01.1992 &#8211; 12.1996, 1498 ccm, 75 cv<br \/>\n1.6, A\u00f1o 01.1994 &#8211; 12.1996, 1581 ccm, 94 cv<br \/>\nFIAT Siena (178, 172)<br \/>\n1.4, A\u00f1o 05.1996 &#8211; 12.2009, 1372 ccm, 69 cv<br \/>\n1.4 Cat, A\u00f1o 05.1996 &#8211; 12.2009, 1372 ccm, 69 cv<br \/>\nFIAT Premio<br \/>\n1.6 i.e., A\u00f1o 08.1993 &#8211; 12.1996, 1581 ccm, 82 cv<br \/>\nFIAT Uno Furg\u00f3n (146)<br \/>\n0.9 45, A\u00f1o 03.1988 &#8211; 07.1996, 903 ccm, 45 cv<br \/>\nFIAT Cinquecento Furg\u00f3n \/ Hatchback (170)<br \/>\n0.9 iE (170CF), A\u00f1o 07.1991 &#8211; 03.1998, 899 ccm, 39 cv<br \/>\nFIAT Fiorino II MPV (146)<br \/>\n1.4 (146RE), A\u00f1o 12.1996 &#8211; 05.2000, 1372 ccm, 67 cv<br \/>\n1.4 iE (146RB), A\u00f1o 10.1993 &#8211; 10.1996, 1372 ccm, 71 cv<br \/>\n1.5 (149A9), A\u00f1o 01.1988 &#8211; 10.1992, 1498 ccm, 75 cv<br \/>\n1.6 iE (146RC, 146RF), A\u00f1o 10.1993 &#8211; 05.2000, 1581 ccm, 75 cv<\/p>\n<p>LANCIA A 112 Hatchback<br \/>\n0.9 Junior (A112B\/2), A\u00f1o 03.1981 &#8211; 07.1986, 903 ccm, 40 cv<br \/>\n1.0 LX (A112), A\u00f1o 03.1984 &#8211; 12.1986, 965 ccm, 48 cv<br \/>\nLANCIA Dedra (835)<br \/>\n1.6 i.e., A\u00f1o 08.1989 &#8211; 07.1994, 1581 ccm, 90 cv<br \/>\n1.6 i.e., A\u00f1o 08.1989 &#8211; 03.1993, 1581 ccm, 78 cv<br \/>\n1.6 i.e., A\u00f1o 05.1993 &#8211; 07.1999, 1581 ccm, 75 cv<br \/>\n1.6 LE Cat (835EB), A\u00f1o 07.1994 &#8211; 07.1999, 1581 ccm, 90 cv<br \/>\nLANCIA Delta I (831)<br \/>\n1.1, A\u00f1o 01.1986 &#8211; 12.1990, 1116 ccm, 64 cv<br \/>\n1.3 (831.AB), A\u00f1o 10.1983 &#8211; 08.1992, 1301 ccm, 79 cv<br \/>\n1.3, A\u00f1o 10.1979 &#8211; 08.1992, 1301 ccm, 75 cv<br \/>\n1.5, A\u00f1o 10.1979 &#8211; 12.1992, 1498 ccm, 86 cv<br \/>\nLANCIA Delta II (836)<br \/>\n1.4 i.e., A\u00f1o 10.1994 &#8211; 08.1999, 1372 ccm, 69 cv<br \/>\n1.6 i.e., A\u00f1o 07.1993 &#8211; 08.1999, 1581 ccm, 75 cv<br \/>\n1.6 i.e., A\u00f1o 03.1996 &#8211; 08.1999, 1581 ccm, 90 cv<br \/>\n1.6 i.e. 16V, A\u00f1o 01.1996 &#8211; 08.1999, 1581 ccm, 103 cv<br \/>\nLANCIA Prisma (831)<br \/>\n1.3 (831AB), A\u00f1o 01.1983 &#8211; 12.1989, 1301 ccm, 79 cv<br \/>\n1.5 (831AB), A\u00f1o 10.1985 &#8211; 03.1992, 1498 ccm, 75 cv<br \/>\n1.5 (831AB), A\u00f1o 05.1986 &#8211; 07.1989, 1498 ccm, 80 cv<br \/>\n1.5 (831AB), A\u00f1o 01.1983 &#8211; 05.1986, 1498 ccm, 86 cv<\/p>\n<p>AUTOBIANCHI A 112 Hatchback<br \/>\n0.9 Junior, A\u00f1o 07.1975 &#8211; 12.1985, 903 ccm, 42 cv<br \/>\n1.0 Abarth, A\u00f1o 01.1974 &#8211; 12.1984, 1050 ccm, 70 cv<\/p>\n<p>SEAT Marbella (28)<br \/>\n0.8, A\u00f1o 08.1986 &#8211; 12.1993, 843 ccm, 34 cv<br \/>\n0.9, A\u00f1o 01.1987 &#8211; 12.1993, 903 ccm, 40 cv<br \/>\n0.9, A\u00f1o 07.1997 &#8211; 10.1998, 899 ccm, 44 cv<br \/>\n0.9 Cat, A\u00f1o 01.1990 &#8211; 12.1996, 903 ccm, 40 cv<br \/>\n0.9 Cat, A\u00f1o 12.1996 &#8211; 10.1998, 899 ccm, 41 cv<br \/>\nSEAT Terra (24)<br \/>\n0.9, A\u00f1o 03.1987 &#8211; 12.1996, 903 ccm, 40 cv<br \/>\n0.9 Cat, A\u00f1o 03.1992 &#8211; 12.1994, 903 ccm, 40 cv<br \/>\nSEAT Fura (025A)<br \/>\n0.9, A\u00f1o 03.1984 &#8211; 12.1986, 903 ccm, 40 cv<br \/>\n0.9, A\u00f1o 01.1982 &#8211; 07.1986, 903 ccm, 43 cv<br \/>\n0.9, A\u00f1o 01.1982 &#8211; 07.1986, 903 ccm, 45 cv<br \/>\nSEAT 600 D Berlina<br \/>\n0.8, A\u00f1o 10.1963 &#8211; 05.1970, 767 ccm, 23 cv<br \/>\nSEAT Ibiza I Hatchback (021A)<br \/>\n0.9, A\u00f1o 08.1990 &#8211; 05.1993, 903 ccm, 40 cv<br \/>\n0.9, A\u00f1o 08.1986 &#8211; 05.1993, 903 ccm, 44 cv<br \/>\nSEAT Panda (141A)<br \/>\n0.9, A\u00f1o 10.1980 &#8211; 12.1986, 903 ccm, 42 cv<br \/>\nSEAT 127<br \/>\n0.9, A\u00f1o 05.1972 &#8211; 12.1982, 903 ccm, 45 cv<br \/>\n1.0, A\u00f1o 05.1972 &#8211; 12.1982, 1010 ccm, 52 cv<\/p>\n<p>CITRO\u00cbN Jumpy I MPV<br \/>\n1.6, A\u00f1o 10.1995 &#8211; 08.2000, 1581 ccm, 79 cv<\/p>\n<p>PEUGEOT Expert I (224)<br \/>\n1.6, A\u00f1o 03.1996 &#8211; 10.2000, 1581 ccm, 79 cv<\/p>\n<p>LA PIEZA ES NUEVA Y ORIGINAL.<\/p>\n","protected":false},"excerpt":{"rendered":"<p>Ret\u00e9n de la tapa del c\u00e1rter de: Di\u00e1metro interior: 64 mm Di\u00e1metro exterior: 80 mm Altura: 8 mm FIAT Cinquecento (170) 0.9, A\u00f1o 07.1991 &#8211; 12.1993, 903 ccm, 41 cv 0.9 i.e. (170AC), A\u00f1o 07.1991 &#8211; 10.1994, 903 ccm, 41 cv 0.9 i.e. S, A\u00f1o 07.1991 &#8211; 07.1999, 899 ccm, 40 cv FIAT Regata (138) [&hellip;]<\/p>\n","protected":false},"featured_media":83669,"template":"","meta":{"_seopress_robots_primary_cat":"","_seopress_titles_title":"","_seopress_titles_desc":"","_seopress_robots_index":""},"product_cat":[68,179,69,222,75,168,76,186,63,369,25,81,82,84,23,117,118,90,156,20,91,208,162,138,21,207,96,98,237,99,24,386,123,101,102,103,104,26,106,107,111,233,112,114,206],"product_tag":[],"class_list":{"0":"post-83667","1":"product","2":"type-product","3":"status-publish","4":"has-post-thumbnail","6":"product_cat-recambios-fiat-127","7":"product_cat-recambios-seat-127","8":"product_cat-recambios-fiat-128","9":"product_cat-recambios-fiat-147","10":"product_cat-recambios-fiat-600","11":"product_cat-recambios-seat-600","12":"product_cat-recambios-fiat-850","13":"product_cat-recambios-fiat-900","14":"product_cat-recambios-autobianchi-a112","15":"product_cat-recambios-lancia-a112","16":"product_cat-recambios-autobianchi","17":"product_cat-recambios-fiat-brava","18":"product_cat-recambios-fiat-bravo","19":"product_cat-recambios-fiat-cinquecento","20":"product_cat-recambios-citroen","21":"product_cat-recambios-lancia-dedra","22":"product_cat-recambios-lancia-delta","23":"product_cat-recambios-fiat-elba","24":"product_cat-recambios-peugeot-expert","25":"product_cat-recambios-fiat","26":"product_cat-recambios-fiat-fiorino","27":"product_cat-recambios-seat-fura","28":"product_cat-recambios-seat-ibiza","29":"product_cat-recambios-citroen-jumpy","30":"product_cat-recambios-lancia","31":"product_cat-recambios-seat-marbella","32":"product_cat-recambios-fiat-multipla","33":"product_cat-recambios-fiat-palio","34":"product_cat-recambios-seat-panda","35":"product_cat-recambios-fiat-panda","36":"product_cat-recambios-peugeot","37":"product_cat-recambios-fiat-premio","38":"product_cat-recambios-lancia-prisma","39":"product_cat-recambios-fiat-punto","40":"product_cat-recambios-fiat-regata","41":"product_cat-recambios-fiat-ritmo","42":"product_cat-recambios-fiat-scudo","43":"product_cat-recambios-seat","44":"product_cat-recambios-fiat-seicento","45":"product_cat-recambios-fiat-siena","46":"product_cat-recambios-fiat-tempra","47":"product_cat-recambios-seat-terra","48":"product_cat-recambios-fiat-tipo","49":"product_cat-recambios-fiat-uno","50":"product_cat-recambios-fiat-x1-9","52":"first","53":"outofstock","54":"taxable","55":"shipping-taxable","56":"purchasable","57":"product-type-simple"},"_links":{"self":[{"href":"https:\/\/galicianparts.com\/shop\/wp-json\/wp\/v2\/product\/83667"}],"collection":[{"href":"https:\/\/galicianparts.com\/shop\/wp-json\/wp\/v2\/product"}],"about":[{"href":"https:\/\/galicianparts.com\/shop\/wp-json\/wp\/v2\/types\/product"}],"wp:featuredmedia":[{"embeddable":true,"href":"https:\/\/galicianparts.com\/shop\/wp-json\/wp\/v2\/media\/83669"}],"wp:attachment":[{"href":"https:\/\/galicianparts.com\/shop\/wp-json\/wp\/v2\/media?parent=83667"}],"wp:term":[{"taxonomy":"product_cat","embeddable":true,"href":"https:\/\/galicianparts.com\/shop\/wp-json\/wp\/v2\/product_cat?post=83667"},{"taxonomy":"product_tag","embeddable":true,"href":"https:\/\/galicianparts.com\/shop\/wp-json\/wp\/v2\/product_tag?post=83667"}],"curies":[{"name":"wp","href":"https:\/\/api.w.org\/{rel}","templated":true}]}}