{"id":83671,"date":"2024-01-31T11:20:41","date_gmt":"2024-01-31T09:20:41","guid":{"rendered":"https:\/\/galicianparts.com\/shop\/producto\/96002675-arandela-satelite-diferencial-fiat-ducato-90-06-scudo-ulysse-lancia-z-original\/"},"modified":"2024-01-31T11:22:39","modified_gmt":"2024-01-31T09:22:39","slug":"96002675-arandela-satelite-diferencial-fiat-ducato-90-06-scudo-ulysse-lancia-z-original","status":"publish","type":"product","link":"https:\/\/galicianparts.com\/shop\/producto\/96002675-arandela-satelite-diferencial-fiat-ducato-90-06-scudo-ulysse-lancia-z-original\/","title":{"rendered":"96002675 Arandela sat\u00e9lite diferencial Fiat Ducato (90-06) Scudo \/Ulysse \/Lancia Z ORIGINAL"},"content":{"rendered":"<p>9600267580 Cojinete de los sat\u00e9lites del diferencial del cambio de:<br \/>\nDi\u00e1metro interior: 18 mm<br \/>\nDi\u00e1metro exterior: 36 mm<\/p>\n<p>FIAT &#8211; 2F NUOVO ULYSSE (2001-2010) 2000 JTD 16V \/ 2000\u00a0JTD\u00a016V\u00a0EURO\u00a04 \/ 2000\u00a0JTD\u00a016V\u00a0136\u00a0CV\/100KW\u00a0C.M. \/ 2200 JTD 16V \/ 2200 UNIJET TURBO DIESEL 16V EURO04 C.M. \/ 2200 JTD 16V EURO4 AUTOMATIC TRANSMISSIO<br \/>\nFIAT &#8211; PG ULYSSE (1994-2002) 2000 IE TB \/ 1905 T.D.EM.08 \/ 1905 T.D.USA 87 \/ 1905 T.D. CEE FASE 2<br \/>\nFIAT &#8211; PG ULYSSE (1994-2002) 2100 T.D. CEE FASE 2 \/ 2000 I.E. CF2 16V<br \/>\nFIAT &#8211; PG ULYSSE (1994-2002) 2000 JTD 8V CF2 \/ 2000 JTD 16V CF3<br \/>\nLANCIA &#8211; SK \u00abZ\u00bb (1994-2002) 2000 I.E. TB.<br \/>\nLANCIA &#8211; SK \u00abZ\u00bb (1994-2002) 2100 T.D.CEE FASE 2<br \/>\nLANCIA &#8211; SK \u00abZ\u00bb (1994-2002) 2000 I.E. CF2 16V<br \/>\nLANCIA &#8211; SK \u00abZ\u00bb (1994-2002) 2000 JTD 8V CF2 \/ 2000 JTD 16V CF3<br \/>\nLANCIA &#8211; TC PHEDRA (2001-2010) 2000 JTD 16V \/ 2000\u00a0JTD\u00a016V\u00a0EURO\u00a04 \/ 2000 JTD 16V 136 HP C.M. \/ 2200 JTD 16V \/ 2200 UNIJET TURBO DIESEL 16V EURO04 C.M. \/ 2200 JTD 16V EURO4 AUTOMATIC TRANSMISSIO<br \/>\nFIAT PROFESSIONAL &#8211; PD DUCATO &#8217;94 BENZINA (1994-2002) CON CAPACIDAD 10Q \/ CON CAPACIDAD 14Q \/ FURGON 4X2 \/ CAMIONETA 4X2 \/ COCHE VITRINA 4 X 2<br \/>\nFIAT PROFESSIONAL &#8211; PD DUCATO &#8217;94 BENZINA (1994-2002) FURGON 4X4 \/ PANORAMA 4X4 \/ COMBINATO 4X4 \/ AMBULANCIA 4X4 \/ COCHE VITRINA 4 X 4<br \/>\nFIAT PROFESSIONAL &#8211; 2E DUCATO RESTYL. (2001-2006) 2000 JTD DW 10<br \/>\nFIAT PROFESSIONAL &#8211; PE DUCATO&#8217;94 DIESEL (1994-2002) 1930 DS \/ 1930 TD \/ 1930 TD CAT<br \/>\nFIAT PROFESSIONAL &#8211; PE DUCATO&#8217;94 DIESEL (1994-2002) 2800 ASP. \/ CON CAPACIDAD 10Q \/ CON CAPACIDAD 14Q<br \/>\nFIAT PROFESSIONAL &#8211; PE DUCATO&#8217;94 DIESEL (1994-2002) 2000 JTD EGR<br \/>\nFIAT PROFESSIONAL &#8211; NB NUOVO DUCATO BZ R.90 (1990-1994)<br \/>\nFIAT PROFESSIONAL &#8211; NA NUOVO DUCATO DS R.90 (1990-1994)<br \/>\nFIAT PROFESSIONAL &#8211; 3H NUOVO SCUDO (2007-&#8230;.) 2000\u00a0JTD\u00a0120\u00a0CV\/88KW\u00a0E4 \/ 2000\u00a0JTD\u00a0140\u00a0CV\/103KW\u00a0E4 \/ 2000\u00a0JTD\u00a0120CV\u00a0\/\u00a088KW\u00a0FAP\u00a0E4<br \/>\nFIAT PROFESSIONAL &#8211; 3H NUOVO SCUDO (2007-&#8230;.) 2000\u00a0JTD\u00a0128CV\/94KW\u00a0FAP\u00a0E5 \/ 2000\u00a0JTD\u00a0165CV\/120KW\u00a0E5<br \/>\nFIAT PROFESSIONAL &#8211; PL SCUDO (1995-2004) 1905 TURBO DS EM.09<br \/>\nFIAT PROFESSIONAL &#8211; PL SCUDO (1995-2004) 2000 JTD 110CV 8V CF2 \/ 2000 JTD 95CV 8V CF2 \/ 2000 JTD 110CV 16V CF3 \/ 2000 JTD 110CV 8V CF3 \/ 2000 JTD 95CV 8V CF3<br \/>\nFIAT PROFESSIONAL &#8211; 2X SCUDO FL.2004 (2004-2006) 2000 JTD 110CV 16V CF3 \/ 2000 JTD 110CV 8V CF3 \/ 2000 JTD 95CV 8V CF3<br \/>\nFIAT PROFESSIONAL &#8211; NC TALENTO R.90 (1990-1994)<br \/>\nPEUGEOT &#8211; EXPERT<br \/>\nCITROEN &#8211; JUMPY<\/p>\n<p>LA PIEZA ES NUEVA Y ORIGINAL.<\/p>\n","protected":false},"excerpt":{"rendered":"<p>9600267580 Cojinete de los sat\u00e9lites del diferencial del cambio de: Di\u00e1metro interior: 18 mm Di\u00e1metro exterior: 36 mm FIAT &#8211; 2F NUOVO ULYSSE (2001-2010) 2000 JTD 16V \/ 2000\u00a0JTD\u00a016V\u00a0EURO\u00a04 \/ 2000\u00a0JTD\u00a016V\u00a0136\u00a0CV\/100KW\u00a0C.M. \/ 2200 JTD 16V \/ 2200 UNIJET TURBO DIESEL 16V EURO04 C.M. \/ 2200 JTD 16V EURO4 AUTOMATIC TRANSMISSIO FIAT &#8211; PG ULYSSE (1994-2002) [&hellip;]<\/p>\n","protected":false},"featured_media":83675,"template":"","meta":{"_seopress_robots_primary_cat":"","_seopress_titles_title":"","_seopress_titles_desc":"","_seopress_robots_index":""},"product_cat":[23,88,156,20,138,21,24,122,104,110,113,128],"product_tag":[],"class_list":{"0":"post-83671","1":"product","2":"type-product","3":"status-publish","4":"has-post-thumbnail","6":"product_cat-recambios-citroen","7":"product_cat-recambios-fiat-ducato","8":"product_cat-recambios-peugeot-expert","9":"product_cat-recambios-fiat","10":"product_cat-recambios-citroen-jumpy","11":"product_cat-recambios-lancia","12":"product_cat-recambios-peugeot","13":"product_cat-recambios-lancia-phedra","14":"product_cat-recambios-fiat-scudo","15":"product_cat-recambios-fiat-talento","16":"product_cat-recambios-fiat-ulysse","17":"product_cat-recambios-lancia-z","19":"first","20":"instock","21":"taxable","22":"shipping-taxable","23":"purchasable","24":"product-type-simple"},"_links":{"self":[{"href":"https:\/\/galicianparts.com\/shop\/wp-json\/wp\/v2\/product\/83671"}],"collection":[{"href":"https:\/\/galicianparts.com\/shop\/wp-json\/wp\/v2\/product"}],"about":[{"href":"https:\/\/galicianparts.com\/shop\/wp-json\/wp\/v2\/types\/product"}],"wp:featuredmedia":[{"embeddable":true,"href":"https:\/\/galicianparts.com\/shop\/wp-json\/wp\/v2\/media\/83675"}],"wp:attachment":[{"href":"https:\/\/galicianparts.com\/shop\/wp-json\/wp\/v2\/media?parent=83671"}],"wp:term":[{"taxonomy":"product_cat","embeddable":true,"href":"https:\/\/galicianparts.com\/shop\/wp-json\/wp\/v2\/product_cat?post=83671"},{"taxonomy":"product_tag","embeddable":true,"href":"https:\/\/galicianparts.com\/shop\/wp-json\/wp\/v2\/product_tag?post=83671"}],"curies":[{"name":"wp","href":"https:\/\/api.w.org\/{rel}","templated":true}]}}