{"id":83686,"date":"2024-01-31T12:11:11","date_gmt":"2024-01-31T10:11:11","guid":{"rendered":"https:\/\/galicianparts.com\/shop\/producto\/7558338-filtro-aire-fiat-uno-turbo-1985-1996-original\/"},"modified":"2025-04-24T01:45:28","modified_gmt":"2025-04-23T23:45:28","slug":"7558338-filtro-aire-fiat-uno-turbo-1985-1996-original","status":"publish","type":"product","link":"https:\/\/galicianparts.com\/shop\/producto\/7558338-filtro-aire-fiat-uno-turbo-1985-1996-original\/","title":{"rendered":"7558338 Filtro aire Fiat Uno Turbo (1985-1996) ORIGINAL"},"content":{"rendered":"<p>Filtro de aire de:<br \/>\nLongitud: 247 mm<br \/>\nAncho: 165 mm<br \/>\nAltura: 38,5 mm<\/p>\n<p>FIAT Uno Hatchback (146)<br \/>\n1.3 Turbo i.e., A\u00f1o 01.1987 &#8211; 12.1987, 1301 ccm, 99 cv<br \/>\n1.3 Turbo i.e., A\u00f1o 10.1989 &#8211; 03.1991, 1301 ccm, 101 cv<br \/>\n1.3 Turbo i.e., A\u00f1o 05.1985 &#8211; 08.1989, 1301 ccm, 105 cv<br \/>\n1.4 Turbo i.e., A\u00f1o 10.1989 &#8211; 10.1993, 1372 ccm, 112 cv<br \/>\n1.4 Turbo i.e., A\u00f1o 12.1989 &#8211; 12.1996, 1372 ccm, 118 cv<br \/>\n1.4 TD 70, A\u00f1o 10.1986 &#8211; 10.1990, 1367 ccm, 71 cv<\/p>\n<p>LA PIEZA ES NUEVA Y ORIGINAL.<\/p>\n","protected":false},"excerpt":{"rendered":"<p>Filtro de aire de: Longitud: 247 mm Ancho: 165 mm Altura: 38,5 mm FIAT Uno Hatchback (146) 1.3 Turbo i.e., A\u00f1o 01.1987 &#8211; 12.1987, 1301 ccm, 99 cv 1.3 Turbo i.e., A\u00f1o 10.1989 &#8211; 03.1991, 1301 ccm, 101 cv 1.3 Turbo i.e., A\u00f1o 05.1985 &#8211; 08.1989, 1301 ccm, 105 cv 1.4 Turbo i.e., A\u00f1o 10.1989 [&hellip;]<\/p>\n","protected":false},"featured_media":83691,"template":"","meta":{"_seopress_robots_primary_cat":"","_seopress_titles_title":"","_seopress_titles_desc":"","_seopress_robots_index":""},"product_cat":[20,114],"product_tag":[],"class_list":{"0":"post-83686","1":"product","2":"type-product","3":"status-publish","4":"has-post-thumbnail","6":"product_cat-recambios-fiat","7":"product_cat-recambios-fiat-uno","9":"first","10":"instock","11":"taxable","12":"shipping-taxable","13":"purchasable","14":"product-type-simple"},"_links":{"self":[{"href":"https:\/\/galicianparts.com\/shop\/wp-json\/wp\/v2\/product\/83686"}],"collection":[{"href":"https:\/\/galicianparts.com\/shop\/wp-json\/wp\/v2\/product"}],"about":[{"href":"https:\/\/galicianparts.com\/shop\/wp-json\/wp\/v2\/types\/product"}],"wp:featuredmedia":[{"embeddable":true,"href":"https:\/\/galicianparts.com\/shop\/wp-json\/wp\/v2\/media\/83691"}],"wp:attachment":[{"href":"https:\/\/galicianparts.com\/shop\/wp-json\/wp\/v2\/media?parent=83686"}],"wp:term":[{"taxonomy":"product_cat","embeddable":true,"href":"https:\/\/galicianparts.com\/shop\/wp-json\/wp\/v2\/product_cat?post=83686"},{"taxonomy":"product_tag","embeddable":true,"href":"https:\/\/galicianparts.com\/shop\/wp-json\/wp\/v2\/product_tag?post=83686"}],"curies":[{"name":"wp","href":"https:\/\/api.w.org\/{rel}","templated":true}]}}