{"id":83745,"date":"2024-02-02T15:13:42","date_gmt":"2024-02-02T13:13:42","guid":{"rendered":"https:\/\/galicianparts.com\/shop\/producto\/4427662-grifo-calefaccion-fiat-ducato-82-90-citroen-c25-peugeot-j5-nueva-original\/"},"modified":"2025-03-20T10:06:04","modified_gmt":"2025-03-20T08:06:04","slug":"4427662-grifo-calefaccion-fiat-ducato-82-90-citroen-c25-peugeot-j5-nueva-original","status":"publish","type":"product","link":"https:\/\/galicianparts.com\/shop\/producto\/4427662-grifo-calefaccion-fiat-ducato-82-90-citroen-c25-peugeot-j5-nueva-original\/","title":{"rendered":"4427662 Grifo calefacci\u00f3n Fiat Ducato (82-90) Citroen C25 \/Peugeot J5 NUEVA ORIGINAL"},"content":{"rendered":"<p>V\u00e1lvula del radiador del m\u00f3dulo de la calefacci\u00f3n de:<br \/>\nFIAT &#8211; DUCATO [280] (1982-1990)<br \/>\nCITROEN &#8211; C25 PRIMERA SERIE<br \/>\nPEUGEOT &#8211; J5 1\u00aa SERIE<\/p>\n<p>LA PIEZA ES NUEVA Y ORIGINAL.<\/p>\n","protected":false},"excerpt":{"rendered":"<p>V\u00e1lvula del radiador del m\u00f3dulo de la calefacci\u00f3n de: FIAT &#8211; DUCATO [280] (1982-1990) CITROEN &#8211; C25 PRIMERA SERIE PEUGEOT &#8211; J5 1\u00aa SERIE LA PIEZA ES NUEVA Y ORIGINAL.<\/p>\n","protected":false},"featured_media":83746,"template":"","meta":{"_seopress_robots_primary_cat":"","_seopress_titles_title":"","_seopress_titles_desc":"","_seopress_robots_index":""},"product_cat":[132,23,88,20,157,24],"product_tag":[],"class_list":{"0":"post-83745","1":"product","2":"type-product","3":"status-publish","4":"has-post-thumbnail","6":"product_cat-recambios-citroen-c25","7":"product_cat-recambios-citroen","8":"product_cat-recambios-fiat-ducato","9":"product_cat-recambios-fiat","10":"product_cat-recambios-peugeot-j5","11":"product_cat-recambios-peugeot","13":"first","14":"outofstock","15":"taxable","16":"shipping-taxable","17":"purchasable","18":"product-type-simple"},"_links":{"self":[{"href":"https:\/\/galicianparts.com\/shop\/wp-json\/wp\/v2\/product\/83745"}],"collection":[{"href":"https:\/\/galicianparts.com\/shop\/wp-json\/wp\/v2\/product"}],"about":[{"href":"https:\/\/galicianparts.com\/shop\/wp-json\/wp\/v2\/types\/product"}],"wp:featuredmedia":[{"embeddable":true,"href":"https:\/\/galicianparts.com\/shop\/wp-json\/wp\/v2\/media\/83746"}],"wp:attachment":[{"href":"https:\/\/galicianparts.com\/shop\/wp-json\/wp\/v2\/media?parent=83745"}],"wp:term":[{"taxonomy":"product_cat","embeddable":true,"href":"https:\/\/galicianparts.com\/shop\/wp-json\/wp\/v2\/product_cat?post=83745"},{"taxonomy":"product_tag","embeddable":true,"href":"https:\/\/galicianparts.com\/shop\/wp-json\/wp\/v2\/product_tag?post=83745"}],"curies":[{"name":"wp","href":"https:\/\/api.w.org\/{rel}","templated":true}]}}