{"id":83841,"date":"2024-02-07T11:49:36","date_gmt":"2024-02-07T09:49:36","guid":{"rendered":"https:\/\/galicianparts.com\/shop\/producto\/7302675-correa-distribucion-m-2-5-d-td-lancia-thema-fiat-croma-original\/"},"modified":"2024-02-07T12:13:35","modified_gmt":"2024-02-07T10:13:35","slug":"7302675-correa-distribucion-m-2-5-d-td-lancia-thema-fiat-croma-original","status":"publish","type":"product","link":"https:\/\/galicianparts.com\/shop\/producto\/7302675-correa-distribucion-m-2-5-d-td-lancia-thema-fiat-croma-original\/","title":{"rendered":"7302675 Correa distribuci\u00f3n M 2.5 D-TD Lancia Thema \/Fiat Croma ORIGINAL"},"content":{"rendered":"<p>Correa dentada del motor de:<br \/>\nDientes: 99<br \/>\nLargo: 943 mm<br \/>\nAncho: 19 mm<\/p>\n<p>FIAT Croma I Hatchback (154)<br \/>\n2.5 D, A\u00f1o 12.1985 &#8211; 12.1989, 2499 ccm, 75 cv<br \/>\n2.5 TD, A\u00f1o 12.1985 &#8211; 08.1989, 2445 ccm, 101 cv<br \/>\n2.5 TD, A\u00f1o 05.1989 &#8211; 08.1996, 2500 ccm, 115 cv<br \/>\n2.5 TDE, A\u00f1o 12.1991 &#8211; 08.1996, 2500 ccm, 105 cv<\/p>\n<p>LANCIA Thema (834)<br \/>\n2.4 2500 Turbo D, A\u00f1o 11.1984 &#8211; 09.1988, 2445 ccm, 101 cv<br \/>\n2.5 Turbo DS, A\u00f1o 06.1988 &#8211; 05.1992, 2499 ccm, 115 cv<br \/>\n2.5 Turbo DS, A\u00f1o 05.1988 &#8211; 07.1992, 2500 ccm, 105 cv<br \/>\n2.5 Turbo DS, A\u00f1o 05.1992 &#8211; 07.1994, 2500 ccm, 116 cv<\/p>\n<p>LA PIEZA ES NUEVA Y ORIGINAL.<\/p>\n","protected":false},"excerpt":{"rendered":"<p>Correa dentada del motor de: Dientes: 99 Largo: 943 mm Ancho: 19 mm FIAT Croma I Hatchback (154) 2.5 D, A\u00f1o 12.1985 &#8211; 12.1989, 2499 ccm, 75 cv 2.5 TD, A\u00f1o 12.1985 &#8211; 08.1989, 2445 ccm, 101 cv 2.5 TD, A\u00f1o 05.1989 &#8211; 08.1996, 2500 ccm, 115 cv 2.5 TDE, A\u00f1o 12.1991 &#8211; 08.1996, 2500 [&hellip;]<\/p>\n","protected":false},"featured_media":83845,"template":"","meta":{"_seopress_robots_primary_cat":"","_seopress_titles_title":"","_seopress_titles_desc":"","_seopress_robots_index":""},"product_cat":[86,20,21,124],"product_tag":[],"class_list":{"0":"post-83841","1":"product","2":"type-product","3":"status-publish","4":"has-post-thumbnail","6":"product_cat-recambios-fiat-croma","7":"product_cat-recambios-fiat","8":"product_cat-recambios-lancia","9":"product_cat-recambios-lancia-thema","11":"first","12":"instock","13":"taxable","14":"shipping-taxable","15":"purchasable","16":"product-type-simple"},"_links":{"self":[{"href":"https:\/\/galicianparts.com\/shop\/wp-json\/wp\/v2\/product\/83841"}],"collection":[{"href":"https:\/\/galicianparts.com\/shop\/wp-json\/wp\/v2\/product"}],"about":[{"href":"https:\/\/galicianparts.com\/shop\/wp-json\/wp\/v2\/types\/product"}],"wp:featuredmedia":[{"embeddable":true,"href":"https:\/\/galicianparts.com\/shop\/wp-json\/wp\/v2\/media\/83845"}],"wp:attachment":[{"href":"https:\/\/galicianparts.com\/shop\/wp-json\/wp\/v2\/media?parent=83841"}],"wp:term":[{"taxonomy":"product_cat","embeddable":true,"href":"https:\/\/galicianparts.com\/shop\/wp-json\/wp\/v2\/product_cat?post=83841"},{"taxonomy":"product_tag","embeddable":true,"href":"https:\/\/galicianparts.com\/shop\/wp-json\/wp\/v2\/product_tag?post=83841"}],"curies":[{"name":"wp","href":"https:\/\/api.w.org\/{rel}","templated":true}]}}