{"id":83851,"date":"2024-02-07T12:24:13","date_gmt":"2024-02-07T10:24:13","guid":{"rendered":"https:\/\/galicianparts.com\/shop\/producto\/4424173-pack-4-valvulas-admision-m-1-3d-fiat-panda-uno-127-fiorino-147-original\/"},"modified":"2024-02-07T12:28:42","modified_gmt":"2024-02-07T10:28:42","slug":"4424173-pack-4-valvulas-admision-m-1-3d-fiat-panda-uno-127-fiorino-147-original","status":"publish","type":"product","link":"https:\/\/galicianparts.com\/shop\/producto\/4424173-pack-4-valvulas-admision-m-1-3d-fiat-panda-uno-127-fiorino-147-original\/","title":{"rendered":"4424173 Pack 4 v\u00e1lvulas admisi\u00f3n M 1.3D Fiat Panda \/Uno \/127 \/Fiorino \/147 ORIGINAL"},"content":{"rendered":"<p>Juego, set de 4 v\u00e1lvulas de admisi\u00f3n del motor de:<br \/>\nDi\u00e1metro plato v\u00e1lvula: 34 mm<br \/>\nDi\u00e1metro v\u00e1stago v\u00e1lvula: 8 mm<br \/>\nLongitud: 112 mm<\/p>\n<p>FIAT 127 (127)<br \/>\n1.3 Di\u00e9sel, A\u00f1o 04.1981 &#8211; 12.1986, 1301 ccm, 45 cv<br \/>\nFIAT Panda I Hatchback (141)<br \/>\n1.3 D, A\u00f1o 04.1986 &#8211; 12.1992, 1302 ccm, 37 cv<br \/>\nFIAT Fiorino I (147)<br \/>\n1.3 D, A\u00f1o 03.1982 &#8211; 01.1988, 1288 ccm, 45 cv<br \/>\nFIAT Uno Hatchback (146)<br \/>\n1.3 Super di\u00e9sel, A\u00f1o 06.1983 &#8211; 03.1992, 1302 ccm, 45 cv<br \/>\nFIAT 147 Panorama<br \/>\n1.3 D, A\u00f1o 07.1982 &#8211; 07.1983, 1301 ccm, 45 cv<\/p>\n<p>LA PIEZA ES NUEVA Y ORIGINAL.<\/p>\n","protected":false},"excerpt":{"rendered":"<p>Juego, set de 4 v\u00e1lvulas de admisi\u00f3n del motor de: Di\u00e1metro plato v\u00e1lvula: 34 mm Di\u00e1metro v\u00e1stago v\u00e1lvula: 8 mm Longitud: 112 mm FIAT 127 (127) 1.3 Di\u00e9sel, A\u00f1o 04.1981 &#8211; 12.1986, 1301 ccm, 45 cv FIAT Panda I Hatchback (141) 1.3 D, A\u00f1o 04.1986 &#8211; 12.1992, 1302 ccm, 37 cv FIAT Fiorino I (147) [&hellip;]<\/p>\n","protected":false},"featured_media":83856,"template":"","meta":{"_seopress_robots_primary_cat":"","_seopress_titles_title":"","_seopress_titles_desc":"","_seopress_robots_index":""},"product_cat":[68,222,20,91,99,114],"product_tag":[],"class_list":{"0":"post-83851","1":"product","2":"type-product","3":"status-publish","4":"has-post-thumbnail","6":"product_cat-recambios-fiat-127","7":"product_cat-recambios-fiat-147","8":"product_cat-recambios-fiat","9":"product_cat-recambios-fiat-fiorino","10":"product_cat-recambios-fiat-panda","11":"product_cat-recambios-fiat-uno","13":"first","14":"instock","15":"taxable","16":"shipping-taxable","17":"purchasable","18":"product-type-simple"},"_links":{"self":[{"href":"https:\/\/galicianparts.com\/shop\/wp-json\/wp\/v2\/product\/83851"}],"collection":[{"href":"https:\/\/galicianparts.com\/shop\/wp-json\/wp\/v2\/product"}],"about":[{"href":"https:\/\/galicianparts.com\/shop\/wp-json\/wp\/v2\/types\/product"}],"wp:featuredmedia":[{"embeddable":true,"href":"https:\/\/galicianparts.com\/shop\/wp-json\/wp\/v2\/media\/83856"}],"wp:attachment":[{"href":"https:\/\/galicianparts.com\/shop\/wp-json\/wp\/v2\/media?parent=83851"}],"wp:term":[{"taxonomy":"product_cat","embeddable":true,"href":"https:\/\/galicianparts.com\/shop\/wp-json\/wp\/v2\/product_cat?post=83851"},{"taxonomy":"product_tag","embeddable":true,"href":"https:\/\/galicianparts.com\/shop\/wp-json\/wp\/v2\/product_tag?post=83851"}],"curies":[{"name":"wp","href":"https:\/\/api.w.org\/{rel}","templated":true}]}}