{"id":83971,"date":"2024-02-08T15:38:13","date_gmt":"2024-02-08T13:38:13","guid":{"rendered":"https:\/\/galicianparts.com\/shop\/producto\/7575358-sensor-presion-aceite-fiat-uno-turbo-i-e-nuevo-original\/"},"modified":"2024-05-16T20:57:53","modified_gmt":"2024-05-16T18:57:53","slug":"7575358-sensor-presion-aceite-fiat-uno-turbo-i-e-nuevo-original","status":"publish","type":"product","link":"https:\/\/galicianparts.com\/shop\/producto\/7575358-sensor-presion-aceite-fiat-uno-turbo-i-e-nuevo-original\/","title":{"rendered":"7575358 Sensor presi\u00f3n aceite Fiat Uno Turbo i.e. NUEVO ORIGINAL"},"content":{"rendered":"<p>Electrov\u00e1lvula de la presi\u00f3n del aceite del motor de:<br \/>\nPresi\u00f3n: 0-12 Bar<br \/>\nM\u00e9trica: 14&#215;1.5<\/p>\n<p>FIAT Uno (146) 1.3 Turbo i.e., A\u00f1o 04.1985 &#8211; 08.1989, 1301 ccm, 105 cv<\/p>\n<p>LA PIEZA ES NUEVA Y ORIGINAL.<\/p>\n","protected":false},"excerpt":{"rendered":"<p>Electrov\u00e1lvula de la presi\u00f3n del aceite del motor de: Presi\u00f3n: 0-12 Bar M\u00e9trica: 14&#215;1.5 FIAT Uno (146) 1.3 Turbo i.e., A\u00f1o 04.1985 &#8211; 08.1989, 1301 ccm, 105 cv LA PIEZA ES NUEVA Y ORIGINAL.<\/p>\n","protected":false},"featured_media":83972,"template":"","meta":{"_seopress_robots_primary_cat":"","_seopress_titles_title":"","_seopress_titles_desc":"","_seopress_robots_index":""},"product_cat":[20,114],"product_tag":[],"class_list":{"0":"post-83971","1":"product","2":"type-product","3":"status-publish","4":"has-post-thumbnail","6":"product_cat-recambios-fiat","7":"product_cat-recambios-fiat-uno","9":"first","10":"outofstock","11":"taxable","12":"shipping-taxable","13":"purchasable","14":"product-type-simple"},"_links":{"self":[{"href":"https:\/\/galicianparts.com\/shop\/wp-json\/wp\/v2\/product\/83971"}],"collection":[{"href":"https:\/\/galicianparts.com\/shop\/wp-json\/wp\/v2\/product"}],"about":[{"href":"https:\/\/galicianparts.com\/shop\/wp-json\/wp\/v2\/types\/product"}],"wp:featuredmedia":[{"embeddable":true,"href":"https:\/\/galicianparts.com\/shop\/wp-json\/wp\/v2\/media\/83972"}],"wp:attachment":[{"href":"https:\/\/galicianparts.com\/shop\/wp-json\/wp\/v2\/media?parent=83971"}],"wp:term":[{"taxonomy":"product_cat","embeddable":true,"href":"https:\/\/galicianparts.com\/shop\/wp-json\/wp\/v2\/product_cat?post=83971"},{"taxonomy":"product_tag","embeddable":true,"href":"https:\/\/galicianparts.com\/shop\/wp-json\/wp\/v2\/product_tag?post=83971"}],"curies":[{"name":"wp","href":"https:\/\/api.w.org\/{rel}","templated":true}]}}