{"id":84073,"date":"2024-02-12T10:21:39","date_gmt":"2024-02-12T08:21:39","guid":{"rendered":"https:\/\/galicianparts.com\/shop\/producto\/5983859-filtro-aire-lancia-delta-evo-integrale-alfa-33-145-146-alfasud-original\/"},"modified":"2024-10-08T10:19:22","modified_gmt":"2024-10-08T08:19:22","slug":"5983859-filtro-aire-lancia-delta-evo-integrale-alfa-33-145-146-alfasud-original","status":"publish","type":"product","link":"https:\/\/galicianparts.com\/shop\/producto\/5983859-filtro-aire-lancia-delta-evo-integrale-alfa-33-145-146-alfasud-original\/","title":{"rendered":"5983859 Filtro Aire Lancia Delta Evo \/Integrale \/Alfa 33 \/145 \/146 \/Alfasud ORIGINAL"},"content":{"rendered":"<p>Filtro de aire de:<br \/>\nLargo: 300 mm<br \/>\nAncho: 170 mm<br \/>\nAltura: 33 mm<\/p>\n<p>ALFA ROMEO 145 (930)<br \/>\n1.4 i.e. (930.A3), A\u00f1o 07.1994 &#8211; 12.1996, 1351 ccm, 90 cv<br \/>\n1.6 i.e. (930.A2), A\u00f1o 10.1994 &#8211; 12.1996, 1596 ccm, 103 cv<br \/>\nALFA ROMEO 33 Hatchback (905)<br \/>\n1.7 i.e., A\u00f1o 09.1988 &#8211; 12.1989, 1712 ccm, 105 cv<br \/>\n1.8 TD (905A4), A\u00f1o 01.1986 &#8211; 06.1990, 1779 ccm, 73 cv<br \/>\nALFA ROMEO 33 Hatchback (907A)<br \/>\n1.8 TD, A\u00f1o 07.1990 &#8211; 09.1994, 1779 ccm, 84 cv<br \/>\nALFA ROMEO 33 Sportwagon (905A)<br \/>\n1.4 (905A1H), A\u00f1o 01.1984 &#8211; 12.1988, 1351 ccm, 90 cv<br \/>\n1.7 i.e. (905B3F), A\u00f1o 09.1988 &#8211; 12.1989, 1712 ccm, 105 cv<br \/>\n1.7 i.e. 4&#215;4 (905A3G, 905B3F), A\u00f1o 09.1988 &#8211; 12.1989, 1712 ccm, 105 cv<br \/>\nALFA ROMEO Alfasud Hatchback (901)<br \/>\n1.5 ti, A\u00f1o 01.1979 &#8211; 09.1984, 1490 ccm, 83 cv<br \/>\n1.5 ti (901G5A, 901F4D), A\u00f1o 05.1980 &#8211; 06.1984, 1490 ccm, 95 cv<br \/>\n1.5 ti Sprint (901G5A, 901G5C, 901F4D), A\u00f1o 01.1983 &#8211; 12.1984, 1490 ccm, 105 cv<br \/>\nALFA ROMEO Sprint \/ Alfasud Sprint (902A)<br \/>\n1.5, A\u00f1o 05.1978 &#8211; 12.1981, 1490 ccm, 83 cv<br \/>\n1.5, A\u00f1o 07.1979 &#8211; 01.1987, 1490 ccm, 95 cv<br \/>\n1.5 (902A5C, 902A5B), A\u00f1o 01.1980 &#8211; 12.1989, 1490 ccm, 102 cv<br \/>\n1.5 (902C), A\u00f1o 03.1982 &#8211; 12.1988, 1490 ccm, 105 cv<br \/>\n1.7 (902C2E), A\u00f1o 03.1987 &#8211; 12.1989, 1712 ccm, 118 cv<br \/>\n1.7 i.e. (902C2D), A\u00f1o 10.1987 &#8211; 12.1989, 1712 ccm, 105 cv<br \/>\nALFA ROMEO Arna (920)<br \/>\n1.3 TI, A\u00f1o 03.1983 &#8211; 12.1986, 1351 ccm, 86 cv<br \/>\nALFA ROMEO 146 (930)<br \/>\n1.4 i.e. (930.B3), A\u00f1o 12.1994 &#8211; 12.1996, 1351 ccm, 90 cv<br \/>\n1.6 i.e. (930.B2), A\u00f1o 12.1994 &#8211; 12.1996, 1596 ccm, 103 cv<\/p>\n<p>LANCIA Delta I (831)<br \/>\n1.1, A\u00f1o 01.1986 &#8211; 12.1990, 1116 ccm, 64 cv<br \/>\n1.3 (831.AB), A\u00f1o 09.1983 &#8211; 08.1992, 1301 ccm, 79 cv<br \/>\n1.3, A\u00f1o 09.1979 &#8211; 08.1992, 1301 ccm, 75 cv<br \/>\n1.6 GT (831AB.06), A\u00f1o 11.1982 &#8211; 04.1986, 1585 ccm, 105 cv<br \/>\n1.6 GT i.e., A\u00f1o 05.1987 &#8211; 08.1992, 1585 ccm, 90 cv<br \/>\n1.6 GT i.e., A\u00f1o 08.1986 &#8211; 08.1988, 1585 ccm, 109 cv<br \/>\n1.6 HF Turbo, A\u00f1o 08.1986 &#8211; 05.1993, 1585 ccm, 166 cv<br \/>\n1.6 HF Turbo (831AB.0), A\u00f1o 10.1983 &#8211; 12.1986, 1585 ccm, 131 cv<br \/>\n1.6 HF Turbo, A\u00f1o 08.1986 &#8211; 08.1988, 1585 ccm, 140 cv<br \/>\n1.6 HF Turbo, A\u00f1o 04.1987 &#8211; 03.1989, 1585 ccm, 132 cv<br \/>\n2.0 16V HF Evo Integrale, A\u00f1o 06.1993 &#8211; 01.1994, 1995 ccm, 211 cv<br \/>\n2.0 16V HF Integrale, A\u00f1o 03.1989 &#8211; 09.1991, 1995 ccm, 196 cv<br \/>\n2.0 HF Integrale, A\u00f1o 11.1986 &#8211; 08.1988, 1995 ccm, 166 cv<br \/>\n2.0 HF Integrale, A\u00f1o 10.1987 &#8211; 12.1991, 1995 ccm, 181 cv<br \/>\n2.0 HF Integrale, A\u00f1o 12.1986 &#8211; 12.1992, 1995 ccm, 177 cv<br \/>\nLANCIA Prisma (831)<br \/>\n1.3 (831AB), A\u00f1o 01.1983 &#8211; 12.1989, 1301 ccm, 79 cv<br \/>\n1.5 (831AB), A\u00f1o 09.1985 &#8211; 02.1992, 1498 ccm, 75 cv<br \/>\n1.5 (831AB), A\u00f1o 05.1986 &#8211; 07.1989, 1498 ccm, 80 cv<br \/>\n1.6 (831AB), A\u00f1o 08.1986 &#8211; 02.1992, 1585 ccm, 99 cv<br \/>\n1.6 (831AB), A\u00f1o 01.1983 &#8211; 04.1986, 1585 ccm, 105 cv<br \/>\n1.6 i.e. (831AB), A\u00f1o 05.1986 &#8211; 12.1989, 1585 ccm, 109 cv<br \/>\n1.6 i.e. Super (831AB), A\u00f1o 05.1987 &#8211; 12.1989, 1585 ccm, 90 cv<\/p>\n<p>LA PIEZA ES NUEVA Y ORIGINAL.<\/p>\n","protected":false},"excerpt":{"rendered":"<p>Filtro de aire de: Largo: 300 mm Ancho: 170 mm Altura: 33 mm ALFA ROMEO 145 (930) 1.4 i.e. (930.A3), A\u00f1o 07.1994 &#8211; 12.1996, 1351 ccm, 90 cv 1.6 i.e. (930.A2), A\u00f1o 10.1994 &#8211; 12.1996, 1596 ccm, 103 cv ALFA ROMEO 33 Hatchback (905) 1.7 i.e., A\u00f1o 09.1988 &#8211; 12.1989, 1712 ccm, 105 cv 1.8 [&hellip;]<\/p>\n","protected":false},"featured_media":84077,"template":"","meta":{"_seopress_robots_primary_cat":"","_seopress_titles_title":"","_seopress_titles_desc":"","_seopress_robots_index":""},"product_cat":[45,46,43,16,218,220,118,21,123,219],"product_tag":[],"class_list":{"0":"post-84073","1":"product","2":"type-product","3":"status-publish","4":"has-post-thumbnail","6":"product_cat-recambios-alfa-romeo-145","7":"product_cat-recambios-alfa-romeo-146","8":"product_cat-recambios-alfa-romeo-33","9":"product_cat-recambios-alfa-romeo","10":"product_cat-recambios-alfa-romeo-alfasud","11":"product_cat-recambios-alfa-romeo-arna","12":"product_cat-recambios-lancia-delta","13":"product_cat-recambios-lancia","14":"product_cat-recambios-lancia-prisma","15":"product_cat-recambios-alfa-romeo-sprint","17":"first","18":"outofstock","19":"taxable","20":"shipping-taxable","21":"purchasable","22":"product-type-simple"},"_links":{"self":[{"href":"https:\/\/galicianparts.com\/shop\/wp-json\/wp\/v2\/product\/84073"}],"collection":[{"href":"https:\/\/galicianparts.com\/shop\/wp-json\/wp\/v2\/product"}],"about":[{"href":"https:\/\/galicianparts.com\/shop\/wp-json\/wp\/v2\/types\/product"}],"wp:featuredmedia":[{"embeddable":true,"href":"https:\/\/galicianparts.com\/shop\/wp-json\/wp\/v2\/media\/84077"}],"wp:attachment":[{"href":"https:\/\/galicianparts.com\/shop\/wp-json\/wp\/v2\/media?parent=84073"}],"wp:term":[{"taxonomy":"product_cat","embeddable":true,"href":"https:\/\/galicianparts.com\/shop\/wp-json\/wp\/v2\/product_cat?post=84073"},{"taxonomy":"product_tag","embeddable":true,"href":"https:\/\/galicianparts.com\/shop\/wp-json\/wp\/v2\/product_tag?post=84073"}],"curies":[{"name":"wp","href":"https:\/\/api.w.org\/{rel}","templated":true}]}}