{"id":84080,"date":"2024-02-12T10:38:45","date_gmt":"2024-02-12T08:38:45","guid":{"rendered":"https:\/\/galicianparts.com\/shop\/producto\/7572617-filtro-aire-m-1-9-td-fiat-regata-ritmo-original\/"},"modified":"2024-02-12T10:41:12","modified_gmt":"2024-02-12T08:41:12","slug":"7572617-filtro-aire-m-1-9-td-fiat-regata-ritmo-original","status":"publish","type":"product","link":"https:\/\/galicianparts.com\/shop\/producto\/7572617-filtro-aire-m-1-9-td-fiat-regata-ritmo-original\/","title":{"rendered":"7572617 Filtro aire M 1.9 TD Fiat Regata \/Ritmo ORIGINAL"},"content":{"rendered":"<p>Filtro de aire de:<br \/>\nLargo: 313 mm<br \/>\nAncho: 191 mm<br \/>\nAltura: 44 mm<\/p>\n<p>FIAT Regata Berlina (138)<br \/>\n1.9 Turbodi\u00e9sel 80, A\u00f1o 05.1986 &#8211; 07.1989, 1929 ccm, 80 cv<br \/>\nFIAT Regata Weekend<br \/>\n80 Turbo Diesel 1.9 (831 D1.000), A\u00f1o 05.1986 &#8211; 07.1989, 1929 ccm, 80 cv<br \/>\nFIAT Ritmo I Hatchback (138)<br \/>\n1.9 TD, A\u00f1o 12.1985 &#8211; 12.1987, 1929 ccm, 80 cv<\/p>\n<p>LA PIEZA ES NUEVA Y ORIGINAL.<\/p>\n","protected":false},"excerpt":{"rendered":"<p>Filtro de aire de: Largo: 313 mm Ancho: 191 mm Altura: 44 mm FIAT Regata Berlina (138) 1.9 Turbodi\u00e9sel 80, A\u00f1o 05.1986 &#8211; 07.1989, 1929 ccm, 80 cv FIAT Regata Weekend 80 Turbo Diesel 1.9 (831 D1.000), A\u00f1o 05.1986 &#8211; 07.1989, 1929 ccm, 80 cv FIAT Ritmo I Hatchback (138) 1.9 TD, A\u00f1o 12.1985 &#8211; [&hellip;]<\/p>\n","protected":false},"featured_media":84081,"template":"","meta":{"_seopress_robots_primary_cat":"","_seopress_titles_title":"","_seopress_titles_desc":"","_seopress_robots_index":""},"product_cat":[20,102,103],"product_tag":[],"class_list":{"0":"post-84080","1":"product","2":"type-product","3":"status-publish","4":"has-post-thumbnail","6":"product_cat-recambios-fiat","7":"product_cat-recambios-fiat-regata","8":"product_cat-recambios-fiat-ritmo","10":"first","11":"instock","12":"taxable","13":"shipping-taxable","14":"purchasable","15":"product-type-simple"},"_links":{"self":[{"href":"https:\/\/galicianparts.com\/shop\/wp-json\/wp\/v2\/product\/84080"}],"collection":[{"href":"https:\/\/galicianparts.com\/shop\/wp-json\/wp\/v2\/product"}],"about":[{"href":"https:\/\/galicianparts.com\/shop\/wp-json\/wp\/v2\/types\/product"}],"wp:featuredmedia":[{"embeddable":true,"href":"https:\/\/galicianparts.com\/shop\/wp-json\/wp\/v2\/media\/84081"}],"wp:attachment":[{"href":"https:\/\/galicianparts.com\/shop\/wp-json\/wp\/v2\/media?parent=84080"}],"wp:term":[{"taxonomy":"product_cat","embeddable":true,"href":"https:\/\/galicianparts.com\/shop\/wp-json\/wp\/v2\/product_cat?post=84080"},{"taxonomy":"product_tag","embeddable":true,"href":"https:\/\/galicianparts.com\/shop\/wp-json\/wp\/v2\/product_tag?post=84080"}],"curies":[{"name":"wp","href":"https:\/\/api.w.org\/{rel}","templated":true}]}}