{"id":84162,"date":"2024-02-16T14:54:29","date_gmt":"2024-02-16T12:54:29","guid":{"rendered":"https:\/\/galicianparts.com\/shop\/producto\/5881622-ventilador-calefaccion-fiat-ducato-82-90-citroen-c25-peugeot-j5-nuevo-original\/"},"modified":"2024-02-19T14:52:07","modified_gmt":"2024-02-19T12:52:07","slug":"5881622-ventilador-calefaccion-fiat-ducato-82-90-citroen-c25-peugeot-j5-nuevo-original","status":"publish","type":"product","link":"https:\/\/galicianparts.com\/shop\/producto\/5881622-ventilador-calefaccion-fiat-ducato-82-90-citroen-c25-peugeot-j5-nuevo-original\/","title":{"rendered":"5881622 Ventilador calefacci\u00f3n Fiat Ducato (82-90) Citroen C25 \/Peugeot J5 NUEVO ORIGINAL"},"content":{"rendered":"<p>Motor el\u00e9ctrico del m\u00f3dulo de la calefacci\u00f3n de:<br \/>\nFIAT DUCATO (280)<br \/>\nCITROEN C25 PRIMERA SERIE<br \/>\nPEUGEOT J5 PRIMERA SERIE<\/p>\n<p>LA PIEZA ES NUEVA Y ORIGINAL.<\/p>\n","protected":false},"excerpt":{"rendered":"<p>Motor el\u00e9ctrico del m\u00f3dulo de la calefacci\u00f3n de: FIAT DUCATO (280) CITROEN C25 PRIMERA SERIE PEUGEOT J5 PRIMERA SERIE LA PIEZA ES NUEVA Y ORIGINAL.<\/p>\n","protected":false},"featured_media":84163,"template":"","meta":{"_seopress_robots_primary_cat":"","_seopress_titles_title":"","_seopress_titles_desc":"","_seopress_robots_index":""},"product_cat":[132,23,88,20,157,24],"product_tag":[],"class_list":{"0":"post-84162","1":"product","2":"type-product","3":"status-publish","4":"has-post-thumbnail","6":"product_cat-recambios-citroen-c25","7":"product_cat-recambios-citroen","8":"product_cat-recambios-fiat-ducato","9":"product_cat-recambios-fiat","10":"product_cat-recambios-peugeot-j5","11":"product_cat-recambios-peugeot","13":"first","14":"outofstock","15":"taxable","16":"shipping-taxable","17":"purchasable","18":"product-type-simple"},"_links":{"self":[{"href":"https:\/\/galicianparts.com\/shop\/wp-json\/wp\/v2\/product\/84162"}],"collection":[{"href":"https:\/\/galicianparts.com\/shop\/wp-json\/wp\/v2\/product"}],"about":[{"href":"https:\/\/galicianparts.com\/shop\/wp-json\/wp\/v2\/types\/product"}],"wp:featuredmedia":[{"embeddable":true,"href":"https:\/\/galicianparts.com\/shop\/wp-json\/wp\/v2\/media\/84163"}],"wp:attachment":[{"href":"https:\/\/galicianparts.com\/shop\/wp-json\/wp\/v2\/media?parent=84162"}],"wp:term":[{"taxonomy":"product_cat","embeddable":true,"href":"https:\/\/galicianparts.com\/shop\/wp-json\/wp\/v2\/product_cat?post=84162"},{"taxonomy":"product_tag","embeddable":true,"href":"https:\/\/galicianparts.com\/shop\/wp-json\/wp\/v2\/product_tag?post=84162"}],"curies":[{"name":"wp","href":"https:\/\/api.w.org\/{rel}","templated":true}]}}