{"id":84273,"date":"2024-02-20T12:50:00","date_gmt":"2024-02-20T10:50:00","guid":{"rendered":"https:\/\/galicianparts.com\/shop\/producto\/7605105-correa-bomba-gasoil-m-1-9-d-td-lancia-delta-i-prisma-fiat-ritmo-regata-original\/"},"modified":"2024-02-20T12:53:44","modified_gmt":"2024-02-20T10:53:44","slug":"7605105-correa-bomba-gasoil-m-1-9-d-td-lancia-delta-i-prisma-fiat-ritmo-regata-original","status":"publish","type":"product","link":"https:\/\/galicianparts.com\/shop\/producto\/7605105-correa-bomba-gasoil-m-1-9-d-td-lancia-delta-i-prisma-fiat-ritmo-regata-original\/","title":{"rendered":"7605105 Correa bomba gasoil M 1.9 D-TD Lancia Delta I \/Prisma \/Fiat Ritmo \/Regata ORIGINAL"},"content":{"rendered":"<p>Correa dentada del \u00e1rbol de levas y de la bomba de combustible del motor de:<br \/>\nDientes: 57<br \/>\nLargo: 550 mm<br \/>\nAncho: 19 mm<\/p>\n<p>FIAT Regata (138)<br \/>\n1.9 Di\u00e9sel 65, A\u00f1o 04.1984 &#8211; 07.1989, 1929 ccm, 65 cv<br \/>\n1.9 Turbodi\u00e9sel 80, A\u00f1o 05.1986 &#8211; 07.1989, 1929 ccm, 80 cv<br \/>\nFIAT Ritmo I Hatchback (138)<br \/>\n1.9 TD, A\u00f1o 12.1985 &#8211; 12.1987, 1929 ccm, 80 cv<\/p>\n<p>LANCIA Delta I (831)<br \/>\n1.9 Turbo DS, A\u00f1o 10.1986 &#8211; 12.1989, 1929 ccm, 80 cv<br \/>\nLANCIA Prisma (831)<br \/>\n1.9 Diesel (831AB), A\u00f1o 01.1983 &#8211; 02.1992, 1911 ccm, 65 cv<br \/>\n1.9 Turbo Diesel (831AB), A\u00f1o 05.1985 &#8211; 12.1989, 1928 ccm, 80 cv<\/p>\n<p>LA PIEZA ES NUEVA Y ORIGINAL.<\/p>\n","protected":false},"excerpt":{"rendered":"<p>Correa dentada del \u00e1rbol de levas y de la bomba de combustible del motor de: Dientes: 57 Largo: 550 mm Ancho: 19 mm FIAT Regata (138) 1.9 Di\u00e9sel 65, A\u00f1o 04.1984 &#8211; 07.1989, 1929 ccm, 65 cv 1.9 Turbodi\u00e9sel 80, A\u00f1o 05.1986 &#8211; 07.1989, 1929 ccm, 80 cv FIAT Ritmo I Hatchback (138) 1.9 TD, [&hellip;]<\/p>\n","protected":false},"featured_media":84276,"template":"","meta":{"_seopress_robots_primary_cat":"","_seopress_titles_title":"","_seopress_titles_desc":"","_seopress_robots_index":""},"product_cat":[118,20,21,123,102,103],"product_tag":[],"class_list":{"0":"post-84273","1":"product","2":"type-product","3":"status-publish","4":"has-post-thumbnail","6":"product_cat-recambios-lancia-delta","7":"product_cat-recambios-fiat","8":"product_cat-recambios-lancia","9":"product_cat-recambios-lancia-prisma","10":"product_cat-recambios-fiat-regata","11":"product_cat-recambios-fiat-ritmo","13":"first","14":"instock","15":"taxable","16":"shipping-taxable","17":"purchasable","18":"product-type-simple"},"_links":{"self":[{"href":"https:\/\/galicianparts.com\/shop\/wp-json\/wp\/v2\/product\/84273"}],"collection":[{"href":"https:\/\/galicianparts.com\/shop\/wp-json\/wp\/v2\/product"}],"about":[{"href":"https:\/\/galicianparts.com\/shop\/wp-json\/wp\/v2\/types\/product"}],"wp:featuredmedia":[{"embeddable":true,"href":"https:\/\/galicianparts.com\/shop\/wp-json\/wp\/v2\/media\/84276"}],"wp:attachment":[{"href":"https:\/\/galicianparts.com\/shop\/wp-json\/wp\/v2\/media?parent=84273"}],"wp:term":[{"taxonomy":"product_cat","embeddable":true,"href":"https:\/\/galicianparts.com\/shop\/wp-json\/wp\/v2\/product_cat?post=84273"},{"taxonomy":"product_tag","embeddable":true,"href":"https:\/\/galicianparts.com\/shop\/wp-json\/wp\/v2\/product_tag?post=84273"}],"curies":[{"name":"wp","href":"https:\/\/api.w.org\/{rel}","templated":true}]}}