{"id":84737,"date":"2024-03-06T09:58:49","date_gmt":"2024-03-06T07:58:49","guid":{"rendered":"https:\/\/galicianparts.com\/shop\/producto\/7301732-kit-2-retenes-valvulas-fiat-131-132-ducato-lancia-thema-alfa-original\/"},"modified":"2024-10-27T15:52:13","modified_gmt":"2024-10-27T13:52:13","slug":"7301732-kit-2-retenes-valvulas-fiat-131-132-ducato-lancia-thema-alfa-original","status":"publish","type":"product","link":"https:\/\/galicianparts.com\/shop\/producto\/7301732-kit-2-retenes-valvulas-fiat-131-132-ducato-lancia-thema-alfa-original\/","title":{"rendered":"7301732 Kit 2 retenes v\u00e1lvulas Fiat 131 \/132 \/Ducato \/Lancia Thema \/Alfa ORIGINAL"},"content":{"rendered":"<p>Juego, set de 2 retenes de las v\u00e1lvulas de escape y admisi\u00f3n del motor de:<br \/>\nDi\u00e1metro exterior 1: 12 mm<br \/>\nDi\u00e1metro exterior 2: 15,2 mm<br \/>\nDi\u00e1metro interior: 8 mm<br \/>\nAltura: 9,5 mm<\/p>\n<p>FIAT 131 (131)<br \/>\n2.5 D, A\u00f1o 06.1978 &#8211; 02.1984, 2445 ccm, 72 cv<br \/>\nFIAT Croma I Hatchback (154)<br \/>\n2.5 D, A\u00f1o 12.1985 &#8211; 12.1989, 2499 ccm, 75 cv<br \/>\n2.5 TD, A\u00f1o 12.1985 &#8211; 08.1989, 2445 ccm, 101 cv<br \/>\n2.5 TD, A\u00f1o 05.1989 &#8211; 08.1996, 2500 ccm, 115 cv<br \/>\n2.5 TDE, A\u00f1o 12.1991 &#8211; 08.1996, 2500 ccm, 105 cv<br \/>\nFIAT Ducato II Furg\u00f3n (230L)<br \/>\n2.5 D, A\u00f1o 03.1994 &#8211; 04.2002, 2500 ccm, 84 cv<br \/>\n2.5 TD, A\u00f1o 06.1994 &#8211; 08.1998, 2499 ccm, 109 cv<br \/>\n2.5 TD 4&#215;4, A\u00f1o 11.1994 &#8211; 04.1998, 2499 ccm, 109 cv<br \/>\n2.5 TD 4&#215;4, A\u00f1o 11.1994 &#8211; 04.1998, 2499 ccm, 116 cv<br \/>\n2.5 TDI, A\u00f1o 03.1994 &#8211; 04.2002, 2500 ccm, 109 cv<br \/>\n2.5 TDI, A\u00f1o 03.1994 &#8211; 04.2002, 2500 ccm, 116 cv<br \/>\n2.5 TDI 4&#215;4, A\u00f1o 05.1998 &#8211; 04.2002, 2500 ccm, 116 cv<br \/>\n2.8 D, A\u00f1o 05.1998 &#8211; 04.2002, 2800 ccm, 87 cv<br \/>\n2.8 D 4&#215;4, A\u00f1o 08.1998 &#8211; 04.2002, 2800 ccm, 87 cv<br \/>\n2.8 JTD, A\u00f1o 11.2000 &#8211; 04.2002, 2798 ccm, 128 cv<br \/>\n2.8 JTD 4&#215;4, A\u00f1o 11.2000 &#8211; 04.2002, 2798 ccm, 128 cv<br \/>\n2.8 TD 4&#215;4, A\u00f1o 05.1998 &#8211; 09.2001, 2799 ccm, 122 cv<br \/>\n2.8 TDI, A\u00f1o 10.1997 &#8211; 04.2002, 2800 ccm, 122 cv<br \/>\n2.8 TDI 4&#215;4, A\u00f1o 06.1999 &#8211; 04.2002, 2800 ccm, 122 cv<br \/>\nFIAT Argenta (132)<br \/>\n2.5 Di\u00e9sel, A\u00f1o 06.1981 &#8211; 11.1985, 2445 ccm, 72 cv<br \/>\nFIAT Ducato I (290)<br \/>\n2.5 D, A\u00f1o 07.1990 &#8211; 03.1994, 2500 ccm, 75 cv<br \/>\n2.5 D 4&#215;4, A\u00f1o 07.1990 &#8211; 03.1994, 2500 ccm, 75 cv<br \/>\n2.5 TD, A\u00f1o 06.1990 &#8211; 05.1994, 2499 ccm, 95 cv<br \/>\n2.5 TD 4&#215;4, A\u00f1o 01.1991 &#8211; 03.1994, 2500 ccm, 95 cv<br \/>\n2.5 TD 4&#215;4, A\u00f1o 06.1990 &#8211; 05.1994, 2499 ccm, 95 cv<br \/>\nFIAT Ducato II Bus (230)<br \/>\n2.5 D Combinato, A\u00f1o 08.1994 &#8211; 04.2002, 2500 ccm, 84 cv<br \/>\n2.5 TD 4&#215;4, A\u00f1o 11.1994 &#8211; 04.1998, 2499 ccm, 109 cv<br \/>\n2.5 TDI 4&#215;4, A\u00f1o 04.1997 &#8211; 04.2002, 2500 ccm, 116 cv<br \/>\n2.5 TDI Panorama\/Combinato, A\u00f1o 07.1994 &#8211; 04.2002, 2500 ccm, 109 cv<br \/>\n2.5 TDI Panorama\/Combinato, A\u00f1o 03.1994 &#8211; 04.2002, 2499 ccm, 116 cv<br \/>\n2.8 D, A\u00f1o 02.1998 &#8211; 04.2002, 2800 ccm, 87 cv<br \/>\n2.8 JTD, A\u00f1o 11.2000 &#8211; 04.2002, 2798 ccm, 128 cv<br \/>\n2.8 JTD 4&#215;4, A\u00f1o 11.2000 &#8211; 04.2002, 2798 ccm, 128 cv<br \/>\n2.8 TDI, A\u00f1o 10.1997 &#8211; 04.2002, 2800 ccm, 122 cv<br \/>\n2.8 TDI 4&#215;4, A\u00f1o 07.1999 &#8211; 04.2002, 2800 ccm, 122 cv<br \/>\nFIAT Ducato I Furg\u00f3n (280)<br \/>\n2.4 D, A\u00f1o 01.1982 &#8211; 08.1990, 2428 ccm, 72 cv<br \/>\n2.5 D, A\u00f1o 01.1982 &#8211; 08.1990, 2500 ccm, 75 cv<br \/>\n2.5 D 4&#215;4, A\u00f1o 03.1989 &#8211; 08.1990, 2500 ccm, 75 cv<br \/>\n2.5 D 4&#215;4, A\u00f1o 09.1986 &#8211; 05.1990, 2445 ccm, 75 cv<br \/>\n2.5 TD 4&#215;4, A\u00f1o 09.1986 &#8211; 09.1990, 2445 ccm, 92 cv<br \/>\nFIAT 132 (132_)<br \/>\n2.5 D, A\u00f1o 07.1978 &#8211; 07.1982, 2445 ccm, 72 cv<br \/>\nFIAT Ducato I Panorama (280) (A\u00f1o 07.1982 &#8211; 08.1990)<br \/>\n2.4 D, A\u00f1o 07.1982 &#8211; 12.1985, 2428 ccm, 72 cv<br \/>\n2.5 D, A\u00f1o 01.1986 &#8211; 08.1990, 2500 ccm, 75 cv<br \/>\n2.5 D 4&#215;4, A\u00f1o 01.1987 &#8211; 08.1990, 2500 ccm, 75 cv<br \/>\n2.5 TD, A\u00f1o 01.1987 &#8211; 08.1990, 2445 ccm, 92 cv<br \/>\n2.5 TD 4&#215;4, A\u00f1o 01.1986 &#8211; 08.1990, 2445 ccm, 92 cv<br \/>\nFIAT Ducato II Cami\u00f3n de plataforma\/Chasis (230)<br \/>\n2.5 D, A\u00f1o 03.1994 &#8211; 04.2002, 2500 ccm, 84 cv<br \/>\n2.5 D 4&#215;4, A\u00f1o 03.1994 &#8211; 04.2002, 2500 ccm, 84 cv<br \/>\n2.5 TD, A\u00f1o 06.1994 &#8211; 08.1998, 2499 ccm, 109 cv<br \/>\n2.5 TD, A\u00f1o 06.1994 &#8211; 04.1998, 2499 ccm, 116 cv<br \/>\n2.5 TD 4&#215;4, A\u00f1o 11.1994 &#8211; 04.1998, 2499 ccm, 109 cv<br \/>\n2.5 TD 4&#215;4, A\u00f1o 11.1994 &#8211; 04.1998, 2499 ccm, 116 cv<br \/>\n2.5 TDI, A\u00f1o 03.1994 &#8211; 04.2002, 2500 ccm, 109 cv<br \/>\n2.5 TDI 4&#215;4, A\u00f1o 06.1998 &#8211; 04.2002, 2500 ccm, 116 cv<br \/>\n2.8 D, A\u00f1o 02.1998 &#8211; 04.2002, 2800 ccm, 87 cv<br \/>\n2.8 iDTD 4&#215;4, A\u00f1o 05.1998 &#8211; 09.2001, 2799 ccm, 122 cv<br \/>\n2.8 JTD, A\u00f1o 11.2000 &#8211; 04.2002, 2798 ccm, 128 cv<br \/>\n2.8 JTD 4&#215;4, A\u00f1o 10.2001 &#8211; 04.2002, 2798 ccm, 128 cv<br \/>\n2.8 TD 4&#215;4, A\u00f1o 05.1998 &#8211; 11.2001, 2799 ccm, 87 cv<br \/>\n2.8 TDI, A\u00f1o 12.1998 &#8211; 04.2002, 2800 ccm, 122 cv<br \/>\nFIAT Ducato I Cami\u00f3n de plataforma\/Chasis (280)<br \/>\n2.5 D, A\u00f1o 07.1982 &#8211; 08.1990, 2500 ccm, 75 cv<br \/>\n2.5 D 4&#215;4, A\u00f1o 03.1989 &#8211; 08.1990, 2500 ccm, 75 cv<br \/>\n2.5 TD (8144.21), A\u00f1o 01.1986 &#8211; 08.1990, 2445 ccm, 92 cv<br \/>\nFIAT Ducato II Bus (244)<br \/>\n2.8 JTD, A\u00f1o 12.2001 &#8211; &#8230;, 2798 ccm, 128 cv<br \/>\n2.8 JTD, A\u00f1o 04.2004 &#8211; 07.2006, 2800 ccm, 145 cv<br \/>\n2.8 JTD 4&#215;4, A\u00f1o 12.2001 &#8211; 07.2006, 2798 ccm, 128 cv<br \/>\n2.8 TD, A\u00f1o 11.2003 &#8211; 07.2006, 2799 ccm, 122 cv<br \/>\n2.8 TD 4&#215;4, A\u00f1o 11.2003 &#8211; 07.2006, 2799 ccm, 122 cv<br \/>\nFIAT Ducato II (244)<br \/>\n2.8 JTD, A\u00f1o 12.2001 &#8211; 12.2011, 2798 ccm, 128 cv<br \/>\n2.8 JTD 4&#215;4, A\u00f1o 12.2001 &#8211; 07.2006, 2798 ccm, 128 cv<br \/>\n2.8 JTD Power, A\u00f1o 04.2004 &#8211; 07.2006, 2800 ccm, 146 cv<br \/>\n2.8 TD, A\u00f1o 12.2001 &#8211; 07.2006, 2799 ccm, 122 cv<\/p>\n<p>LANCIA Thema Berlina (834)<br \/>\n2.4 2500 Turbo D, A\u00f1o 11.1984 &#8211; 09.1988, 2445 ccm, 101 cv<br \/>\n2.5 Turbo DS, A\u00f1o 06.1988 &#8211; 05.1992, 2499 ccm, 115 cv<br \/>\n2.5 Turbo DS, A\u00f1o 05.1988 &#8211; 07.1992, 2500 ccm, 105 cv<br \/>\n2.5 Turbo DS, A\u00f1o 05.1992 &#8211; 07.1994, 2500 ccm, 116 cv<\/p>\n<p>ALFA ROMEO AR6 Furg\u00f3n (280)<br \/>\n2.4 D (280), A\u00f1o 04.1985 &#8211; 02.1986, 2445 ccm, 72 cv<br \/>\n2.4 TD (280), A\u00f1o 09.1986 &#8211; 12.1989, 2445 ccm, 92 cv<br \/>\n2.5 D (280), A\u00f1o 03.1986 &#8211; 12.1989, 2499 ccm, 75 cv<br \/>\nALFA ROMEO AR8 Cami\u00f3n de plataforma\/Chasis (280)<br \/>\n2.4 D (280), A\u00f1o 04.1978 &#8211; 08.1986, 2445 ccm, 72 cv<br \/>\n2.4 TD (280), A\u00f1o 04.1985 &#8211; 12.1988, 2445 ccm, 92 cv<br \/>\n2.5 D (280), A\u00f1o 09.1986 &#8211; 12.1989, 2499 ccm, 75 cv<\/p>\n<p>CITRO\u00cbN Jumper I (230)<br \/>\n2.8 D, A\u00f1o 01.1999 &#8211; 02.2002, 2798 ccm, 87 cv<br \/>\n2.8 HDi, A\u00f1o 09.2000 &#8211; 04.2002, 2798 ccm, 128 cv<br \/>\n2.8 HDi 4&#215;4, A\u00f1o 09.2000 &#8211; 04.2002, 2798 ccm, 128 cv<br \/>\nCITRO\u00cbN Jumper I Furg\u00f3n (244)<br \/>\n2.8 HDi, A\u00f1o 04.2002 &#8211; &#8230;, 2798 ccm, 128 cv<br \/>\n2.8 HDi, A\u00f1o 04.2004 &#8211; 06.2006, 2798 ccm, 146 cv<br \/>\n2.8 HDi 4&#215;4, A\u00f1o 04.2002 &#8211; &#8230;, 2798 ccm, 128 cv<\/p>\n<p>PEUGEOT Boxer (230)<br \/>\n2.5 D, A\u00f1o 03.1994 &#8211; 04.2002, 2446 ccm, 86 cv<br \/>\n2.8 D, A\u00f1o 01.1999 &#8211; 02.2002, 2798 ccm, 87 cv<br \/>\n2.8 HDi, A\u00f1o 10.2000 &#8211; 11.2001, 2798 ccm, 126 cv<br \/>\n2.8 HDI, A\u00f1o 11.2000 &#8211; 04.2002, 2798 ccm, 128 cv<br \/>\n2.8 HDi 4&#215;4, A\u00f1o 10.2000 &#8211; 11.2001, 2798 ccm, 126 cv<br \/>\n2.8 HDi 4&#215;4, A\u00f1o 10.2000 &#8211; 04.2002, 2798 ccm, 128 cv<br \/>\nPEUGEOT Boxer Bus (244)<br \/>\n2.8 HDi, A\u00f1o 12.2001 &#8211; 06.2006, 2798 ccm, 128 cv<br \/>\n2.8 HDi, A\u00f1o 04.2004 &#8211; &#8230;, 2798 ccm, 145 cv<br \/>\n2.8 HDi 4&#215;4, A\u00f1o 12.2001 &#8211; 06.2006, 2798 ccm, 128 cv<br \/>\nPEUGEOT Boxer  (244)<br \/>\n2.8 HDi, A\u00f1o 09.2005 &#8211; 09.2009, 2798 ccm, 126 cv<br \/>\n2.8 HDi, A\u00f1o 12.2001 &#8211; 06.2006, 2798 ccm, 128 cv<br \/>\n2.8 HDi, A\u00f1o 04.2004 &#8211; &#8230;, 2798 ccm, 146 cv<br \/>\n2.8 HDi 4&#215;4, A\u00f1o 12.2001 &#8211; 06.2006, 2798 ccm, 128 cv<\/p>\n<p>LA PIEZA ES NUEVA Y ORIGINAL.<\/p>\n","protected":false},"excerpt":{"rendered":"<p>Juego, set de 2 retenes de las v\u00e1lvulas de escape y admisi\u00f3n del motor de: Di\u00e1metro exterior 1: 12 mm Di\u00e1metro exterior 2: 15,2 mm Di\u00e1metro interior: 8 mm Altura: 9,5 mm FIAT 131 (131) 2.5 D, A\u00f1o 06.1978 &#8211; 02.1984, 2445 ccm, 72 cv FIAT Croma I Hatchback (154) 2.5 D, A\u00f1o 12.1985 &#8211; [&hellip;]<\/p>\n","protected":false},"featured_media":84741,"template":"","meta":{"_seopress_robots_primary_cat":"","_seopress_titles_title":"","_seopress_titles_desc":"","_seopress_robots_index":""},"product_cat":[70,71,16,184,185,79,155,23,86,88,20,137,21,24,124],"product_tag":[],"class_list":{"0":"post-84737","1":"product","2":"type-product","3":"status-publish","4":"has-post-thumbnail","6":"product_cat-recambios-fiat-131","7":"product_cat-recambios-fiat-132","8":"product_cat-recambios-alfa-romeo","9":"product_cat-recambios-alfa-romeo-ar6","10":"product_cat-recambios-alfa-romeo-ar8","11":"product_cat-recambios-fiat-argenta","12":"product_cat-recambios-peugeot-boxer","13":"product_cat-recambios-citroen","14":"product_cat-recambios-fiat-croma","15":"product_cat-recambios-fiat-ducato","16":"product_cat-recambios-fiat","17":"product_cat-recambios-citroen-jumper","18":"product_cat-recambios-lancia","19":"product_cat-recambios-peugeot","20":"product_cat-recambios-lancia-thema","22":"first","23":"outofstock","24":"taxable","25":"shipping-taxable","26":"purchasable","27":"product-type-simple"},"_links":{"self":[{"href":"https:\/\/galicianparts.com\/shop\/wp-json\/wp\/v2\/product\/84737"}],"collection":[{"href":"https:\/\/galicianparts.com\/shop\/wp-json\/wp\/v2\/product"}],"about":[{"href":"https:\/\/galicianparts.com\/shop\/wp-json\/wp\/v2\/types\/product"}],"wp:featuredmedia":[{"embeddable":true,"href":"https:\/\/galicianparts.com\/shop\/wp-json\/wp\/v2\/media\/84741"}],"wp:attachment":[{"href":"https:\/\/galicianparts.com\/shop\/wp-json\/wp\/v2\/media?parent=84737"}],"wp:term":[{"taxonomy":"product_cat","embeddable":true,"href":"https:\/\/galicianparts.com\/shop\/wp-json\/wp\/v2\/product_cat?post=84737"},{"taxonomy":"product_tag","embeddable":true,"href":"https:\/\/galicianparts.com\/shop\/wp-json\/wp\/v2\/product_tag?post=84737"}],"curies":[{"name":"wp","href":"https:\/\/api.w.org\/{rel}","templated":true}]}}