{"id":84763,"date":"2024-03-06T12:45:28","date_gmt":"2024-03-06T10:45:28","guid":{"rendered":"https:\/\/galicianparts.com\/shop\/producto\/4339248-pack-2-silentblocks-tirante-suspension-fiat-ducato-82-94-citroen-c25-peugeot-j5-original\/"},"modified":"2025-01-27T10:24:08","modified_gmt":"2025-01-27T08:24:08","slug":"4339248-pack-2-silentblocks-tirante-suspension-fiat-ducato-82-94-citroen-c25-peugeot-j5-original","status":"publish","type":"product","link":"https:\/\/galicianparts.com\/shop\/producto\/4339248-pack-2-silentblocks-tirante-suspension-fiat-ducato-82-94-citroen-c25-peugeot-j5-original\/","title":{"rendered":"4339248 Pack 2 silentblocks tirante suspensi\u00f3n Fiat Ducato (82-94) Citro\u00ebn C25 \/Peugeot J5 ORIGINAL"},"content":{"rendered":"<p>Juego, set dos silentblocks de goma de la barra estabilizadora de los trapecios de la suspensi\u00f3n delantera de:<br \/>\nDi\u00e1metro interior: 22 mm<br \/>\nDi\u00e1metro: 48 mm<br \/>\nAltura: 20 mm<br \/>\nAltura total: 24,5 mm<\/p>\n<p>FIAT Ducato I (290)<br \/>\n1.9 D, A\u00f1o 07.1990 &#8211; 03.1994, 1929 ccm, 71 cv<br \/>\n1.9 TD, A\u00f1o 07.1990 &#8211; 03.1994, 1929 ccm, 82 cv<br \/>\n2.0, A\u00f1o 07.1990 &#8211; 03.1994, 1971 ccm, 84 cv<br \/>\n2.0 4&#215;4, A\u00f1o 06.1990 &#8211; 05.1994, 1971 ccm, 86 cv<br \/>\n2.5 D, A\u00f1o 07.1990 &#8211; 03.1994, 2500 ccm, 75 cv<br \/>\n2.5 D 4&#215;4, A\u00f1o 07.1990 &#8211; 03.1994, 2500 ccm, 75 cv<br \/>\n2.5 TD, A\u00f1o 06.1990 &#8211; 05.1994, 2499 ccm, 95 cv<br \/>\n2.5 TD 4&#215;4, A\u00f1o 01.1991 &#8211; 03.1994, 2500 ccm, 95 cv<br \/>\nFIAT Ducato I (280)<br \/>\n1.9 D, A\u00f1o 02.1987 &#8211; 08.1990, 1929 ccm, 71 cv<br \/>\n1.9 TD, A\u00f1o 03.1989 &#8211; 08.1990, 1929 ccm, 82 cv<br \/>\n2.0, A\u00f1o 01.1986 &#8211; 08.1990, 1971 ccm, 75 cv<br \/>\n2.0, A\u00f1o 07.1982 &#8211; 05.1985, 1971 ccm, 79 cv<br \/>\n2.0, A\u00f1o 09.1988 &#8211; 08.1990, 1971 ccm, 84 cv<br \/>\n2.4 D, A\u00f1o 07.1982 &#8211; 12.1985, 2428 ccm, 72 cv<br \/>\n2.5 D, A\u00f1o 01.1986 &#8211; 08.1990, 2500 ccm, 75 cv<br \/>\n2.5 D 4&#215;4, A\u00f1o 01.1987 &#8211; 08.1990, 2500 ccm, 75 cv<br \/>\n2.5 TD, A\u00f1o 01.1987 &#8211; 08.1990, 2445 ccm, 92 cv<br \/>\n2.5 TD 4&#215;4, A\u00f1o 01.1986 &#8211; 08.1990, 2445 ccm, 92 cv<br \/>\nFIAT Talento (290)<br \/>\n1.9 D, A\u00f1o 03.1989 &#8211; 03.1994, 1929 ccm, 71 cv<br \/>\n2.0, A\u00f1o 03.1989 &#8211; 03.1994, 1971 ccm, 75 cv<\/p>\n<p>CITRO\u00cbN C25 Bus<br \/>\n1.8 E, A\u00f1o 07.1987 &#8211; 02.1994, 1796 ccm, 69 cv<br \/>\n1.9 D, A\u00f1o 07.1987 &#8211; 02.1994, 1905 ccm, 69 cv<br \/>\n2.0, A\u00f1o 02.1991 &#8211; 02.1994, 1971 ccm, 84 cv<br \/>\n2.0 E, A\u00f1o 09.1981 &#8211; 02.1994, 1971 ccm, 79 cv<br \/>\n2.5 D, A\u00f1o 10.1985 &#8211; 02.1994, 2498 ccm, 73 cv<br \/>\n2.5 D, A\u00f1o 11.1981 &#8211; 01.1994, 2498 ccm, 75 cv<br \/>\n2.5 D 4&#215;4, A\u00f1o 01.1987 &#8211; 02.1994, 2498 ccm, 73 cv<br \/>\n2.5 D Turbo, A\u00f1o 08.1987 &#8211; 02.1994, 2500 ccm, 95 cv<br \/>\n2.5 D Turbo 4&#215;4, A\u00f1o 08.1987 &#8211; 02.1994, 2500 ccm, 95 cv<br \/>\nCITRO\u00cbN C25 Furg\u00f3n<br \/>\n1.8, A\u00f1o 11.1981 &#8211; 01.1994, 1796 ccm, 68 cv<br \/>\n1.9 D 1400, A\u00f1o 01.1988 &#8211; 01.1994, 1905 ccm, 69 cv<br \/>\n2.0, A\u00f1o 11.1981 &#8211; 12.1986, 1971 ccm, 78 cv<br \/>\n2.5 D, A\u00f1o 11.1981 &#8211; 01.1994, 2498 ccm, 75 cv<br \/>\n2.5 DT, A\u00f1o 08.1991 &#8211; 01.1994, 2498 ccm, 95 cv<br \/>\n2.5 DT 4&#215;4, A\u00f1o 08.1991 &#8211; 01.1994, 2498 ccm, 95 cv<br \/>\nCITRO\u00cbN C25 Cami\u00f3n de plataforma\/Chasis<br \/>\n1.9 DT, A\u00f1o 10.1991 &#8211; 01.1994, 1929 ccm, 82 cv<br \/>\n2.0, A\u00f1o 11.1981 &#8211; 12.1986, 1971 ccm, 78 cv<br \/>\n2.5 D, A\u00f1o 11.1983 &#8211; 01.1994, 2498 ccm, 75 cv<br \/>\n2.5 DT, A\u00f1o 01.1987 &#8211; 01.1994, 2498 ccm, 95 cv<\/p>\n<p>PEUGEOT J5 (280)<br \/>\n1.8, A\u00f1o 01.1983 &#8211; 11.1988, 1796 ccm, 69 cv<br \/>\n2.0, A\u00f1o 09.1987 &#8211; 08.1990, 1971 ccm, 75 cv<br \/>\n2.0, A\u00f1o 09.1981 &#8211; 08.1990, 1971 ccm, 79 cv<br \/>\n2.5 D, A\u00f1o 09.1981 &#8211; 08.1990, 2498 ccm, 73 cv<br \/>\n2.5 DT, A\u00f1o 09.1981 &#8211; 08.1990, 2498 ccm, 95 cv<br \/>\nPEUGEOT J5 (290)<br \/>\n1.9 D, A\u00f1o 10.1990 &#8211; 03.1994, 1905 ccm, 70 cv<br \/>\n2.0, A\u00f1o 09.1990 &#8211; 01.1994, 1971 ccm, 84 cv<br \/>\n2.5 D, A\u00f1o 09.1990 &#8211; 01.1994, 2498 ccm, 73 cv<br \/>\n2.5 D 4&#215;4, A\u00f1o 10.1990 &#8211; 03.1994, 2500 ccm, 73 cv<br \/>\n2.5 DT, A\u00f1o 09.1990 &#8211; 01.1994, 2498 ccm, 95 cv<br \/>\n2.5 TD 4&#215;4, A\u00f1o 10.1990 &#8211; 03.1994, 2500 ccm, 95 cv<\/p>\n<p>LA PIEZA ES NUEVA Y ORIGINAL.<\/p>\n","protected":false},"excerpt":{"rendered":"<p>Juego, set dos silentblocks de goma de la barra estabilizadora de los trapecios de la suspensi\u00f3n delantera de: Di\u00e1metro interior: 22 mm Di\u00e1metro: 48 mm Altura: 20 mm Altura total: 24,5 mm FIAT Ducato I (290) 1.9 D, A\u00f1o 07.1990 &#8211; 03.1994, 1929 ccm, 71 cv 1.9 TD, A\u00f1o 07.1990 &#8211; 03.1994, 1929 ccm, 82 [&hellip;]<\/p>\n","protected":false},"featured_media":84764,"template":"","meta":{"_seopress_robots_primary_cat":"","_seopress_titles_title":"","_seopress_titles_desc":"","_seopress_robots_index":""},"product_cat":[132,23,88,20,157,24,110],"product_tag":[],"class_list":{"0":"post-84763","1":"product","2":"type-product","3":"status-publish","4":"has-post-thumbnail","6":"product_cat-recambios-citroen-c25","7":"product_cat-recambios-citroen","8":"product_cat-recambios-fiat-ducato","9":"product_cat-recambios-fiat","10":"product_cat-recambios-peugeot-j5","11":"product_cat-recambios-peugeot","12":"product_cat-recambios-fiat-talento","14":"first","15":"outofstock","16":"taxable","17":"shipping-taxable","18":"purchasable","19":"product-type-simple"},"_links":{"self":[{"href":"https:\/\/galicianparts.com\/shop\/wp-json\/wp\/v2\/product\/84763"}],"collection":[{"href":"https:\/\/galicianparts.com\/shop\/wp-json\/wp\/v2\/product"}],"about":[{"href":"https:\/\/galicianparts.com\/shop\/wp-json\/wp\/v2\/types\/product"}],"wp:featuredmedia":[{"embeddable":true,"href":"https:\/\/galicianparts.com\/shop\/wp-json\/wp\/v2\/media\/84764"}],"wp:attachment":[{"href":"https:\/\/galicianparts.com\/shop\/wp-json\/wp\/v2\/media?parent=84763"}],"wp:term":[{"taxonomy":"product_cat","embeddable":true,"href":"https:\/\/galicianparts.com\/shop\/wp-json\/wp\/v2\/product_cat?post=84763"},{"taxonomy":"product_tag","embeddable":true,"href":"https:\/\/galicianparts.com\/shop\/wp-json\/wp\/v2\/product_tag?post=84763"}],"curies":[{"name":"wp","href":"https:\/\/api.w.org\/{rel}","templated":true}]}}