{"id":84782,"date":"2024-03-06T14:26:21","date_gmt":"2024-03-06T12:26:21","guid":{"rendered":"https:\/\/galicianparts.com\/shop\/producto\/1901074-pack-cojinete-axial-00-ciguenal-fiat-131-ritmo-ducato-lancia-seat-alfa-original\/"},"modified":"2024-04-15T18:24:03","modified_gmt":"2024-04-15T16:24:03","slug":"1901074-pack-cojinete-axial-00-ciguenal-fiat-131-ritmo-ducato-lancia-seat-alfa-original","status":"publish","type":"product","link":"https:\/\/galicianparts.com\/shop\/producto\/1901074-pack-cojinete-axial-00-ciguenal-fiat-131-ritmo-ducato-lancia-seat-alfa-original\/","title":{"rendered":"1901074 Pack cojinete axial 0,0 cig\u00fce\u00f1al Fiat 131 \/Ritmo \/Ducato \/Lancia \/Seat \/Alfa ORIGINAL"},"content":{"rendered":"<p>Juego, set de cojinetes axiales del cig\u00fce\u00f1al de:<br \/>\nSobremedida: Est\u00e1ndar (STD)<\/p>\n<p>FIAT Regata Berlina (138)<br \/>\n1.6 Super 100, A\u00f1o 10.1983 &#8211; 07.1989, 1585 ccm, 95 cv<br \/>\n1.6 Super 100, A\u00f1o 10.1983 &#8211; 12.1990, 1585 ccm, 101 cv<br \/>\n1.7 Di\u00e9sel 60, A\u00f1o 09.1983 &#8211; 12.1986, 1714 ccm, 58 cv<br \/>\n1.7 Di\u00e9sel 60, A\u00f1o 05.1985 &#8211; 03.1989, 1698 ccm, 60 cv<br \/>\n1.9 Di\u00e9sel 65, A\u00f1o 04.1984 &#8211; 07.1989, 1929 ccm, 65 cv<br \/>\n1.9 Turbodi\u00e9sel 80, A\u00f1o 05.1986 &#8211; 07.1989, 1929 ccm, 80 cv<br \/>\n1.6 85, A\u00f1o 10.1983 &#8211; 06.1990, 1585 ccm, 82 cv<br \/>\n1.6 i.e. 90, A\u00f1o 01.1987 &#8211; 07.1989, 1595 ccm, 90 cv<br \/>\nFIAT Regata Weekend<br \/>\n100 1.6 (RF), A\u00f1o 09.1984 &#8211; 12.1990, 1585 ccm, 101 cv<br \/>\n1.7 Di\u00e9sel 60, A\u00f1o 01.1984 &#8211; 12.1989, 1698 ccm, 60 cv<br \/>\n1.9 Di\u00e9sel 65, A\u00f1o 04.1984 &#8211; 07.1989, 1929 ccm, 65 cv<br \/>\n80 Turbo Diesel 1.9 (831 D1.000), A\u00f1o 05.1986 &#8211; 07.1989, 1929 ccm, 80 cv<br \/>\n1.6 i.e. 90, A\u00f1o 01.1987 &#8211; 07.1989, 1595 ccm, 90 cv<br \/>\nFIAT Ritmo I (138)<br \/>\n1.6, A\u00f1o 12.1985 &#8211; 12.1987, 1585 ccm, 90 cv<br \/>\n1.6, A\u00f1o 01.1983 &#8211; 12.1987, 1585 ccm, 100 cv<br \/>\n1.6, A\u00f1o 05.1981 &#8211; 12.1987, 1585 ccm, 105 cv<br \/>\n1.7 Diesel, A\u00f1o 10.1979 &#8211; 09.1982, 1714 ccm, 55 cv<br \/>\n1.7 Diesel, A\u00f1o 05.1985 &#8211; 12.1987, 1698 ccm, 60 cv<br \/>\n1.9 TD, A\u00f1o 12.1985 &#8211; 12.1987, 1929 ccm, 80 cv<br \/>\nABARTH Ritmo (138A_)<br \/>\n125 TC 2.0 (138.A_), A\u00f1o 11.1981 &#8211; 12.1987, 1995 ccm, 125 cv<br \/>\n130 TC 2.0 (138.A_), A\u00f1o 04.1983 &#8211; 12.1987, 1995 ccm, 130 cv<br \/>\nFIAT 124 Sport Spider (124)<br \/>\n1600, A\u00f1o 09.1971 &#8211; 12.1972, 1592 ccm, 90 cv<br \/>\n1600, A\u00f1o 09.1970 &#8211; 12.1971, 1592 ccm, 105 cv<br \/>\n1600, A\u00f1o 01.1973 &#8211; 07.1975, 1592 ccm, 109 cv<br \/>\n1800 Rally Abarth (CSA), A\u00f1o 09.1972 &#8211; 07.1975, 1756 ccm, 128 cv<br \/>\n1800 Sport (CS1), A\u00f1o 01.1972 &#8211; 12.1977, 1756 ccm, 118 cv<br \/>\n2.0, A\u00f1o 09.1980 &#8211; 12.1983, 1995 ccm, 102 cv<br \/>\n2.0, A\u00f1o 04.1972 &#8211; 11.1985, 1995 ccm, 105 cv<br \/>\nFIAT 131 Berlina (131)<br \/>\n1.3 Mirafiori, A\u00f1o 10.1974 &#8211; 09.1981, 1297 ccm, 54 cv<br \/>\n1.3 Mirafiori (131A), A\u00f1o 10.1974 &#8211; 12.1982, 1297 ccm, 65 cv<br \/>\n1.3 Super Mirafiori, A\u00f1o 03.1978 &#8211; 12.1980, 1297 ccm, 78 cv<br \/>\n1.4 Mirafiori, A\u00f1o 11.1980 &#8211; 01.1984, 1367 ccm, 70 cv<br \/>\n1.4 Super Mirafiori, A\u00f1o 04.1981 &#8211; 12.1983, 1367 ccm, 75 cv<br \/>\n1.6, A\u00f1o 11.1976 &#8211; 12.1984, 1585 ccm, 85 cv<br \/>\n1.6 (131A1), A\u00f1o 10.1974 &#8211; 09.1981, 1585 ccm, 75 cv<br \/>\n1.6 Super, A\u00f1o 03.1978 &#8211; 01.1984, 1585 ccm, 97 cv<br \/>\n1.6 Super Mirafiori, A\u00f1o 03.1979 &#8211; 03.1982, 1585 ccm, 98 cv<br \/>\n2.0 Abarth Rally, A\u00f1o 01.1976 &#8211; 07.1980, 1995 ccm, 140 cv<br \/>\n2.0 Racing, A\u00f1o 06.1978 &#8211; 12.1981, 1995 ccm, 115 cv<br \/>\n2.0 Super, A\u00f1o 01.1981 &#8211; 12.1984, 1995 ccm, 113 cv<br \/>\nFIAT 131 Familiare \/ Panorama (131)<br \/>\n1.3 Mirafiori (131AF), A\u00f1o 03.1975 &#8211; 12.1978, 1297 ccm, 54 cv<br \/>\n1.3 Mirafiori, A\u00f1o 03.1975 &#8211; 03.1982, 1297 ccm, 65 cv<br \/>\n1.4 Mirafiori, A\u00f1o 11.1981 &#8211; 01.1984, 1367 ccm, 70 cv<br \/>\n1.6, A\u00f1o 11.1980 &#8211; 12.1984, 1585 ccm, 85 cv<br \/>\n1.6 CL, A\u00f1o 03.1975 &#8211; 12.1978, 1585 ccm, 75 cv<br \/>\n1.6 Super, A\u00f1o 12.1979 &#8211; 12.1981, 1585 ccm, 97 cv<br \/>\n2.0 Mirafiori (131AF2), A\u00f1o 11.1980 &#8211; 12.1984, 1995 ccm, 114 cv<br \/>\n2.0 Super, A\u00f1o 01.1981 &#8211; 12.1984, 1995 ccm, 113 cv<br \/>\nFIAT Croma I Hatchback (154)<br \/>\n1.6, A\u00f1o 12.1985 &#8211; 12.1990, 1585 ccm, 83 cv<br \/>\n1.9 TD i.d., A\u00f1o 11.1992 &#8211; 12.1996, 1929 ccm, 94 cv<br \/>\n1900 Turbo D i.d. (154.LL, 154.PL), A\u00f1o 08.1987 &#8211; 10.1992, 1929 ccm, 90 cv<br \/>\n2.0 16V, A\u00f1o 08.1992 &#8211; 08.1996, 1995 ccm, 137 cv<br \/>\n2.0 CHT, A\u00f1o 01.1991 &#8211; 09.1992, 1995 ccm, 100 cv<br \/>\n2.0 CHT, A\u00f1o 12.1985 &#8211; 02.1989, 1995 ccm, 90 cv<br \/>\n2.0 i.e., A\u00f1o 03.1987 &#8211; 09.1992, 1995 ccm, 120 cv<br \/>\n2.0 i.e., A\u00f1o 03.1986 &#8211; 09.1990, 1995 ccm, 113 cv<br \/>\n2.0 i.e., A\u00f1o 10.1987 &#8211; 08.1996, 1995 ccm, 116 cv<br \/>\n2.0 i.e. Turbo, A\u00f1o 11.1986 &#8211; 11.1988, 1995 ccm, 151 cv<br \/>\n2.0 i.e. Turbo, A\u00f1o 12.1985 &#8211; 06.1990, 1995 ccm, 155 cv<br \/>\n2.0 i.e. Turbo, A\u00f1o 06.1987 &#8211; 08.1996, 1995 ccm, 150 cv<br \/>\nFIAT Ducato II Furg\u00f3n (230L)<br \/>\n1.9 D, A\u00f1o 03.1994 &#8211; 04.2002, 1929 ccm, 69 cv<br \/>\n1.9 TD, A\u00f1o 03.1994 &#8211; 04.2002, 1929 ccm, 82 cv<br \/>\n1.9 TD CAT, A\u00f1o 08.1994 &#8211; 04.2002, 1929 ccm, 80 cv<br \/>\nFIAT Argenta (132)<br \/>\n1.6, A\u00f1o 04.1981 &#8211; 12.1985, 1585 ccm, 98 cv<br \/>\n1.6 i.e, A\u00f1o 04.1981 &#8211; 12.1985, 1585 ccm, 90 cv<br \/>\n2, A\u00f1o 06.1978 &#8211; 12.1985, 1995 ccm, 113 cv<br \/>\n2.0 i.e., A\u00f1o 06.1981 &#8211; 07.1986, 1995 ccm, 122 cv<br \/>\n2.0 Volumex, A\u00f1o 06.1984 &#8211; 07.1985, 1995 ccm, 135 cv<br \/>\nFIAT Tempra (159)<br \/>\n1.8 i.e. (159.AM), A\u00f1o 03.1990 &#8211; 08.1996, 1756 ccm, 110 cv<br \/>\n1.8 i.e., A\u00f1o 03.1992 &#8211; 12.1993, 1756 ccm, 105 cv<br \/>\n1.8 i.e., A\u00f1o 09.1993 &#8211; 08.1996, 1756 ccm, 103 cv<br \/>\n1.8 i.e., A\u00f1o 09.1993 &#8211; 08.1996, 1756 ccm, 90 cv<br \/>\n1.8 i.e., A\u00f1o 10.1994 &#8211; 08.1996, 1756 ccm, 101 cv<br \/>\n1.9 D, A\u00f1o 07.1991 &#8211; 08.1996, 1929 ccm, 65 cv<br \/>\n1.9 TD, A\u00f1o 07.1991 &#8211; 02.1995, 1929 ccm, 90 cv<br \/>\n1.9 TD, A\u00f1o 03.1992 &#8211; 06.1993, 1929 ccm, 80 cv<br \/>\n2.0, A\u00f1o 04.1991 &#8211; 06.1993, 1995 ccm, 109 cv<br \/>\n2.0 i.e., A\u00f1o 01.1991 &#8211; 03.1995, 1995 ccm, 113 cv<br \/>\n2.0 i.e. 4&#215;4, A\u00f1o 03.1992 &#8211; 03.1995, 1995 ccm, 113 cv<br \/>\nFIAT Tipo Hatchback (160)<br \/>\n1.6 i.e., A\u00f1o 02.1988 &#8211; 05.1991, 1595 ccm, 90 cv<br \/>\n1.7 D, A\u00f1o 01.1988 &#8211; 10.1994, 1697 ccm, 58 cv<br \/>\n1.7 D, A\u00f1o 01.1988 &#8211; 10.1995, 1697 ccm, 61 cv<br \/>\n1.8 i.e, A\u00f1o 03.1993 &#8211; 04.1995, 1756 ccm, 97 cv<br \/>\n1.8 i.e., A\u00f1o 09.1993 &#8211; 04.1995, 1756 ccm, 90 cv<br \/>\n1.8 i.e., A\u00f1o 10.1990 &#8211; 06.1993, 1756 ccm, 110 cv<br \/>\n1.8 i.e., A\u00f1o 10.1990 &#8211; 06.1993, 1756 ccm, 105 cv<br \/>\n1.8 i.e., A\u00f1o 04.1993 &#8211; 04.1995, 1756 ccm, 103 cv<br \/>\n1.8 i.e., A\u00f1o 10.1994 &#8211; 10.1995, 1756 ccm, 101 cv<br \/>\n1.8 i.e.16V Sport, A\u00f1o 11.1989 &#8211; 06.1992, 1756 ccm, 136 cv<br \/>\n1.9 D, A\u00f1o 07.1991 &#8211; 08.1995, 1929 ccm, 65 cv<br \/>\n1.9 TD, A\u00f1o 03.1992 &#8211; 06.1993, 1929 ccm, 80 cv<br \/>\n1.9 TD, A\u00f1o 09.1990 &#8211; 04.1995, 1929 ccm, 90 cv<br \/>\n1.9 TD (160AR), A\u00f1o 04.1990 &#8211; 10.1992, 1929 ccm, 94 cv<br \/>\n2.0, A\u00f1o 10.1990 &#8211; 10.1992, 1995 ccm, 116 cv<br \/>\n2.0 16V, A\u00f1o 07.1991 &#8211; 04.1995, 1995 ccm, 146 cv<br \/>\n2.0 i.e. (160.AJ, 1607571), A\u00f1o 06.1990 &#8211; 03.1992, 1995 ccm, 109 cv<br \/>\n2.0 i.e., A\u00f1o 03.1990 &#8211; 04.1995, 1995 ccm, 113 cv<br \/>\n2.0 i.e. 16V Sport, A\u00f1o 03.1993 &#8211; 04.1995, 1995 ccm, 139 cv<br \/>\nFIAT Fiorino II Furg\u00f3n (146)<br \/>\n1.7 TD, A\u00f1o 11.1996 &#8211; 05.2000, 1697 ccm, 63 cv<br \/>\n1.7 TD, A\u00f1o 01.2004 &#8211; 08.2006, 1698 ccm, 70 cv<br \/>\n60 1.7 D, A\u00f1o 05.1988 &#8211; 10.1996, 1697 ccm, 57 cv<br \/>\n60 1.7 D, A\u00f1o 05.1988 &#8211; 05.2000, 1698 ccm, 60 cv<br \/>\n65 1.7 TD, A\u00f1o 01.1997 &#8211; 05.2001, 1698 ccm, 63 cv<br \/>\nFIAT Punto I Hatchback (176)<br \/>\n1.7 D, A\u00f1o 04.1994 &#8211; 09.1997, 1698 ccm, 57 cv<br \/>\n1.7 TD, A\u00f1o 01.1994 &#8211; 09.1999, 1698 ccm, 69 cv<br \/>\n1.7 TD, A\u00f1o 01.1994 &#8211; 09.1999, 1698 ccm, 71 cv<br \/>\n1.7 TD (176AT), A\u00f1o 09.1996 &#8211; 09.1999, 1698 ccm, 63 cv<br \/>\nFIAT Uno Hatchback (146)<br \/>\n1.3 MPI, A\u00f1o 03.2002 &#8211; 10.2005, 1297 ccm, 71 cv<br \/>\n1.7 D, A\u00f1o 11.1994 &#8211; 08.2000, 1697 ccm, 58 cv<br \/>\n1.9 D, A\u00f1o 09.1989 &#8211; 03.1994, 1929 ccm, 60 cv<br \/>\n1.7 Di\u00e9sel 60, A\u00f1o 07.1986 &#8211; 08.1989, 1698 ccm, 60 cv<br \/>\n60 Diesel 1.7 (146E), A\u00f1o 09.1989 &#8211; 12.1993, 1698 ccm, 57 cv<br \/>\n1.4 TD 70, A\u00f1o 10.1986 &#8211; 10.1990, 1367 ccm, 71 cv<br \/>\nFIAT 238-Serie Bus<br \/>\n1.4, A\u00f1o 09.1966 &#8211; 06.1976, 1440 ccm, 46 cv<br \/>\n1.4, A\u00f1o 10.1967 &#8211; 06.1982, 1440 ccm, 52 cv<br \/>\nFIAT 242-Serie Furg\u00f3n<br \/>\n1.6, A\u00f1o 10.1975 &#8211; 07.1982, 1585 ccm, 63 cv<br \/>\n1.9, A\u00f1o 10.1975 &#8211; 07.1982, 1995 ccm, 69 cv<br \/>\nFIAT Brava Hatchback (182)<br \/>\n1.9 D, A\u00f1o 10.1995 &#8211; 10.2001, 1929 ccm, 65 cv<br \/>\nFIAT Bravo I Hatchback (182)<br \/>\n1.9 D, A\u00f1o 10.1995 &#8211; 10.2001, 1929 ccm, 65 cv<br \/>\nFIAT Ducato I Furg\u00f3n (290)<br \/>\n1.9 D, A\u00f1o 07.1990 &#8211; 03.1994, 1929 ccm, 71 cv<br \/>\n1.9 TD, A\u00f1o 03.1989 &#8211; 03.1994, 1929 ccm, 82 cv<br \/>\nFIAT 124 Berlina (124)<br \/>\n1600 Special T (124A), A\u00f1o 01.1973 &#8211; 07.1975, 1592 ccm, 95 cv<br \/>\nFIAT 124 Coup\u00e9 (124)<br \/>\n1.6 Sport, A\u00f1o 08.1972 &#8211; 12.1975, 1592 ccm, 104 cv<br \/>\n1600 Sport, A\u00f1o 08.1972 &#8211; 02.1976, 1592 ccm, 108 cv<br \/>\nFIAT 125 Berlina (125)<br \/>\n1.3, A\u00f1o 06.1968 &#8211; 03.1974, 1297 ccm, 65 cv<br \/>\nFIAT Ducato I (290)<br \/>\n1.9 D, A\u00f1o 07.1990 &#8211; 03.1994, 1929 ccm, 71 cv<br \/>\n1.9 TD, A\u00f1o 07.1990 &#8211; 03.1994, 1929 ccm, 82 cv<br \/>\nFIAT Ducato II (230)<br \/>\n1.9 D Combinato, A\u00f1o 06.1995 &#8211; 04.2002, 1929 ccm, 69 cv<br \/>\n1.9 TD Combinato, A\u00f1o 08.1994 &#8211; 04.2002, 1929 ccm, 80 cv<br \/>\n1.9 TD Panorama\/Combinato, A\u00f1o 03.1994 &#8211; 04.2002, 1929 ccm, 82 cv<br \/>\nFIAT Palio I Hatchback (178)<br \/>\n1.7 D, A\u00f1o 04.1996 &#8211; 09.2002, 1698 ccm, 57 cv<br \/>\n1.7 TD, A\u00f1o 10.2002 &#8211; 01.2012, 1698 ccm, 69 cv<br \/>\n1.7 TD, A\u00f1o 02.1997 &#8211; 10.2003, 1698 ccm, 71 cv<br \/>\n1.7 TD, A\u00f1o 09.2001 &#8211; &#8230;, 1698 ccm, 72 cv<br \/>\nFIAT Palio I Weekend (178)<br \/>\n1.7 TD, A\u00f1o 04.1996 &#8211; 03.2001, 1698 ccm, 70 cv<br \/>\n1.7 TD, A\u00f1o 07.1997 &#8211; 08.2001, 1698 ccm, 71 cv<br \/>\n1.7 TD, A\u00f1o 07.1997 &#8211; &#8230;, 1698 ccm, 72 cv<br \/>\nFIAT Duna (146)<br \/>\n1.7 DS, A\u00f1o 01.1987 &#8211; 12.1991, 1698 ccm, 60 cv<br \/>\nFIAT Coupe (175)<br \/>\n2.0 16V, A\u00f1o 11.1993 &#8211; 08.1996, 1995 ccm, 139 cv<br \/>\n2.0 16V Turbo, A\u00f1o 11.1993 &#8211; 08.1996, 1995 ccm, 190 cv<br \/>\nFIAT 132 (132_)<br \/>\n1.6, A\u00f1o 05.1977 &#8211; 09.1982, 1585 ccm, 88 cv<br \/>\n1.6, A\u00f1o 03.1977 &#8211; 12.1981, 1585 ccm, 90 cv<br \/>\n1.6, A\u00f1o 01.1976 &#8211; 12.1982, 1585 ccm, 98 cv<br \/>\n1.6, A\u00f1o 04.1972 &#8211; 01.1976, 1592 ccm, 98 cv<br \/>\n1.7 GLS, A\u00f1o 04.1974 &#8211; 12.1975, 1756 ccm, 107 cv<br \/>\n1.7 GLS, A\u00f1o 11.1975 &#8211; 01.1977, 1756 ccm, 112 cv<br \/>\n2.0, A\u00f1o 01.1976 &#8211; 06.1981, 1995 ccm, 113 cv<br \/>\n2.0 i.e., A\u00f1o 01.1980 &#8211; 12.1982, 1995 ccm, 122 cv<br \/>\nFIAT Strada Pick-up (178)<br \/>\n1.7 TD, A\u00f1o 06.1999 &#8211; 12.2006, 1698 ccm, 69 cv<br \/>\nFIAT 242 Bus (242_)<br \/>\n1.6, A\u00f1o 10.1975 &#8211; 07.1982, 1585 ccm, 63 cv<br \/>\n1.9, A\u00f1o 10.1975 &#8211; 07.1982, 1995 ccm, 69 cv<br \/>\nFIAT Fiorino II Pick-up (146)<br \/>\n1.7 D, A\u00f1o 10.1993 &#8211; 10.1999, 1697 ccm, 57 cv<br \/>\n1.7 D, A\u00f1o 05.1988 &#8211; 10.1999, 1698 ccm, 60 cv<br \/>\n1.7 TD, A\u00f1o 01.1997 &#8211; 05.2001, 1698 ccm, 63 cv<br \/>\nFIAT Campagnola<br \/>\n2.0, A\u00f1o 06.1974 &#8211; 10.1989, 1995 ccm, 80 cv<br \/>\nFIAT Elba<br \/>\n1.3, A\u00f1o 04.1986 &#8211; 12.1993, 1297 ccm, 58 cv<br \/>\n1.7 D, A\u00f1o 04.1991 &#8211; 10.1997, 1698 ccm, 57 cv<br \/>\n1.7 D, A\u00f1o 04.1989 &#8211; 12.1996, 1698 ccm, 58 cv<br \/>\nFIAT Siena (178, 172)<br \/>\n1.7 TD, A\u00f1o 02.2006 &#8211; 12.2009, 1698 ccm, 69 cv<br \/>\nFIAT Talento (290)<br \/>\n1.9 D, A\u00f1o 03.1989 &#8211; 03.1994, 1929 ccm, 71 cv<br \/>\nFIAT Uno Furg\u00f3n (146)<br \/>\n1.7 D, A\u00f1o 02.1988 &#8211; 02.1992, 1697 ccm, 58 cv<br \/>\nFIAT Brava Familiar<br \/>\n2.0, A\u00f1o 09.1978 &#8211; 12.1979, 1995 ccm, 81 cv<br \/>\nFIAT Fiorino II MPV (146)<br \/>\n1.7 (146CI), A\u00f1o 01.1988 &#8211; 10.1992, 1698 ccm, 60 cv<\/p>\n<p>ALFA ROMEO 145 (930)<br \/>\n1.9 TD (930.A4), A\u00f1o 10.1994 &#8211; 02.1999, 1929 ccm, 90 cv<br \/>\nALFA ROMEO 155 (167)<br \/>\n1.9 TD (167.A3B, 167.A3), A\u00f1o 04.1993 &#8211; 12.1997, 1929 ccm, 90 cv<br \/>\n2.0 16V Turbo Q4, A\u00f1o 01.1992 &#8211; 12.1997, 1995 ccm, 186 cv<br \/>\n2.0 16V Turbo Q4 (167.A2B, 167.A2C, 167.A2E), A\u00f1o 03.1992 &#8211; 12.1997, 1995 ccm, 190 cv<br \/>\nALFA ROMEO 164 (164)<br \/>\n2.0 Turbo (164A2B), A\u00f1o 10.1987 &#8211; 09.1998, 1995 ccm, 174 cv<br \/>\n2.0 Turbo (164A2B), A\u00f1o 02.1988 &#8211; 10.1992, 1995 ccm, 175 cv<br \/>\nALFA ROMEO 146 (930)<br \/>\n1.9 TD (930.B4A), A\u00f1o 12.1994 &#8211; 02.1999, 1929 ccm, 90 cv<br \/>\nALFA ROMEO AR6 Bus (280)<br \/>\n1.9 D (280), A\u00f1o 04.1985 &#8211; 12.1989, 1929 ccm, 69 cv<\/p>\n<p>LANCIA Kappa Berlina (838)<br \/>\n2.0 16V Turbo, A\u00f1o 02.1995 &#8211; 10.2001, 1995 ccm, 205 cv<br \/>\nLANCIA Dedra Berlina (835)<br \/>\n1.8 i.e., A\u00f1o 09.1989 &#8211; 06.1994, 1756 ccm, 109 cv<br \/>\n1.8 i.e., A\u00f1o 08.1993 &#8211; 07.1999, 1756 ccm, 90 cv<br \/>\n1.8 i.e., A\u00f1o 09.1989 &#8211; 07.1999, 1756 ccm, 105 cv<br \/>\n1.8 i.e., A\u00f1o 07.1994 &#8211; 07.1999, 1756 ccm, 101 cv<br \/>\n1.9 TDS, A\u00f1o 04.1989 &#8211; 07.1999, 1929 ccm, 90 cv<br \/>\n2.0 16V, A\u00f1o 07.1994 &#8211; 07.1999, 1995 ccm, 139 cv<br \/>\n2.0 HF Integrale, A\u00f1o 11.1990 &#8211; 07.1994, 1995 ccm, 169 cv<br \/>\n2.0 i.e., A\u00f1o 09.1989 &#8211; 07.1992, 1995 ccm, 117 cv<br \/>\n2.0 i.e., A\u00f1o 09.1989 &#8211; 07.1999, 1995 ccm, 113 cv<br \/>\n2.0 i.e. Turbo, A\u00f1o 04.1991 &#8211; 07.1999, 1995 ccm, 162 cv<br \/>\n2.0 i.e. Turbo Integrale (835AO), A\u00f1o 04.1990 &#8211; 08.1991, 1995 ccm, 165 cv<br \/>\n2.0 Turbo, A\u00f1o 11.1990 &#8211; 06.1994, 1995 ccm, 177 cv<br \/>\nLANCIA Delta I (831)<br \/>\n1.6 GT (831AB.06), A\u00f1o 11.1982 &#8211; 04.1986, 1585 ccm, 105 cv<br \/>\n1.6 GT i.e., A\u00f1o 05.1987 &#8211; 08.1992, 1585 ccm, 90 cv<br \/>\n1.6 GT i.e., A\u00f1o 08.1986 &#8211; 08.1988, 1585 ccm, 109 cv<br \/>\n1.6 HF Turbo (831AB.0), A\u00f1o 10.1983 &#8211; 12.1986, 1585 ccm, 131 cv<br \/>\n1.6 HF Turbo, A\u00f1o 08.1986 &#8211; 08.1988, 1585 ccm, 140 cv<br \/>\n1.6 HF Turbo, A\u00f1o 04.1987 &#8211; 03.1989, 1585 ccm, 132 cv<br \/>\n1.9 Turbo DS, A\u00f1o 10.1986 &#8211; 12.1989, 1929 ccm, 80 cv<br \/>\n2.0 16V HF Evo I Integrale (831.AB), A\u00f1o 09.1991 &#8211; 12.1992, 1995 ccm, 209 cv<br \/>\n2.0 16V HF Evo II Integrale (831.AB), A\u00f1o 06.1993 &#8211; 01.1994, 1995 ccm, 215 cv<br \/>\n2.0 16V HF Evo Integrale (831AB.000), A\u00f1o 06.1991 &#8211; 01.1994, 1995 ccm, 205 cv<br \/>\n2.0 16V HF Evo Integrale, A\u00f1o 06.1993 &#8211; 01.1994, 1995 ccm, 211 cv<br \/>\n2.0 16V HF Integrale, A\u00f1o 03.1989 &#8211; 09.1991, 1995 ccm, 196 cv<br \/>\n2.0 HF Integrale, A\u00f1o 11.1986 &#8211; 08.1988, 1995 ccm, 166 cv<br \/>\n2.0 HF Integrale, A\u00f1o 10.1987 &#8211; 12.1991, 1995 ccm, 181 cv<br \/>\n2.0 HF Integrale, A\u00f1o 12.1986 &#8211; 12.1992, 1995 ccm, 177 cv<br \/>\nLANCIA Delta II (836)<br \/>\n1.8 i.e., A\u00f1o 06.1993 &#8211; 08.1999, 1756 ccm, 103 cv<br \/>\n1.8 i.e., A\u00f1o 07.1994 &#8211; 08.1999, 1756 ccm, 90 cv<br \/>\n1.9 TD, A\u00f1o 10.1994 &#8211; 08.1999, 1929 ccm, 90 cv<br \/>\n2.0 16V, A\u00f1o 06.1993 &#8211; 08.1999, 1995 ccm, 139 cv<br \/>\n2.0 16V Turbo, A\u00f1o 06.1993 &#8211; 08.1999, 1995 ccm, 186 cv<br \/>\n2.0 16V Turbo, A\u00f1o 07.1996 &#8211; 08.1999, 1995 ccm, 193 cv<br \/>\nLANCIA Thema Berlina (834)<br \/>\n2.0 16V, A\u00f1o 08.1992 &#8211; 12.1993, 1995 ccm, 152 cv<br \/>\n2.0 16V Turbo, A\u00f1o 12.1988 &#8211; 06.1990, 1995 ccm, 181 cv<br \/>\n2.0 16V Turbo, A\u00f1o 10.1992 &#8211; 07.1994, 1995 ccm, 201 cv<br \/>\n2.0 i.e, A\u00f1o 09.1988 &#8211; 05.1992, 1995 ccm, 117 cv<br \/>\n2000 i.e. (834AB), A\u00f1o 03.1986 &#8211; 09.1988, 1995 ccm, 113 cv<br \/>\n2.0 i.e., A\u00f1o 11.1984 &#8211; 09.1988, 1995 ccm, 120 cv<br \/>\n2.0 i.e., A\u00f1o 09.1987 &#8211; 05.1992, 1995 ccm, 115 cv<br \/>\n2.0 i.e. 16V, A\u00f1o 05.1988 &#8211; 08.1992, 1995 ccm, 147 cv<br \/>\n2.0 i.e. 16V, A\u00f1o 02.1989 &#8211; 05.1992, 1995 ccm, 141 cv<br \/>\n2.0 i.e. 16V Turbo, A\u00f1o 04.1989 &#8211; 05.1992, 1995 ccm, 177 cv<br \/>\n2.0 i.e. Turbo, A\u00f1o 11.1984 &#8211; 12.1989, 1995 ccm, 166 cv<br \/>\n2.0 i.e.Turbo, A\u00f1o 07.1986 &#8211; 05.1990, 1995 ccm, 150 cv<br \/>\nLANCIA Thema Familiar (834)<br \/>\n2.0 16V, A\u00f1o 05.1992 &#8211; 07.1994, 1995 ccm, 152 cv<br \/>\n2.0 i.e. 16V, A\u00f1o 05.1989 &#8211; 08.1992, 1995 ccm, 147 cv<br \/>\n2.0 i.e. 16V, A\u00f1o 02.1989 &#8211; 05.1992, 1995 ccm, 141 cv<br \/>\n2.0 i.e. 16V Turbo, A\u00f1o 12.1988 &#8211; 06.1990, 1995 ccm, 181 cv<br \/>\n2.0 i.e. 16V Turbo, A\u00f1o 04.1989 &#8211; 03.1993, 1995 ccm, 177 cv<br \/>\n2000 i.e. Turbo (834.05), A\u00f1o 06.1987 &#8211; 07.1994, 1995 ccm, 166 cv<br \/>\n2000 Turbo (834.FA, 834.BV, 834.CV), A\u00f1o 12.1988 &#8211; 03.1992, 1995 ccm, 150 cv<br \/>\n2.0 Turbo 16V, A\u00f1o 11.1992 &#8211; 07.1994, 1995 ccm, 201 cv<br \/>\nLANCIA Beta H.P.E. (828)<br \/>\n1.6, A\u00f1o 08.1980 &#8211; 09.1984, 1585 ccm, 101 cv<br \/>\n2000 (828.BF), A\u00f1o 04.1979 &#8211; 09.1984, 1995 ccm, 116 cv<br \/>\n2000 (828.BF), A\u00f1o 05.1976 &#8211; 05.1978, 1995 ccm, 120 cv<br \/>\n2000 i.e. (828BF), A\u00f1o 05.1981 &#8211; 09.1984, 1995 ccm, 122 cv<br \/>\n2000 Volumex (828.BF), A\u00f1o 07.1983 &#8211; 09.1984, 1995 ccm, 135 cv<br \/>\nLANCIA Trevi (828) (A\u00f1o 05.1980 &#8211; 01.1987)<br \/>\n1.6, A\u00f1o 05.1980 &#8211; 01.1987, 1585 ccm, 100 cv<br \/>\n2000 i.e. (828DB13), A\u00f1o 05.1980 &#8211; 01.1987, 1995 ccm, 122 cv<br \/>\n2.0 Volumex, A\u00f1o 08.1983 &#8211; 05.1985, 1995 ccm, 135 cv<br \/>\nLANCIA Prisma (831)<br \/>\n1.6 (831AB), A\u00f1o 08.1986 &#8211; 02.1992, 1585 ccm, 99 cv<br \/>\n1.6 (831AB), A\u00f1o 01.1983 &#8211; 04.1986, 1585 ccm, 105 cv<br \/>\n1.6 i.e. (831AB), A\u00f1o 05.1986 &#8211; 12.1989, 1585 ccm, 109 cv<br \/>\n1.6 i.e. Super (831AB), A\u00f1o 05.1987 &#8211; 12.1989, 1585 ccm, 90 cv<br \/>\n1.9 Diesel (831AB), A\u00f1o 01.1983 &#8211; 02.1992, 1911 ccm, 65 cv<br \/>\n1.9 Turbo Diesel (831AB), A\u00f1o 05.1985 &#8211; 12.1989, 1928 ccm, 80 cv<br \/>\n2.0 i.e. A las 4 ruedas (831AB), A\u00f1o 04.1986 &#8211; 12.1989, 1995 ccm, 115 cv<br \/>\nLANCIA Beta Coup\u00e9 (828)<br \/>\n1.4 1300, A\u00f1o 12.1981 &#8211; 12.1984, 1367 ccm, 84 cv<br \/>\n1.6, A\u00f1o 04.1976 &#8211; 12.1984, 1585 ccm, 101 cv<br \/>\n2000 (828.BC), A\u00f1o 04.1976 &#8211; 12.1984, 1995 ccm, 120 cv<br \/>\n2000 (828BC_), A\u00f1o 01.1981 &#8211; 12.1984, 1991 ccm, 116 cv<br \/>\n2000 i.e. (828.BC), A\u00f1o 12.1981 &#8211; 12.1984, 1995 ccm, 122 cv<br \/>\n2000 VX (828.BC), A\u00f1o 07.1983 &#8211; 12.1984, 1995 ccm, 135 cv<br \/>\nLANCIA Beta (137)<br \/>\n2.0 (137AS), A\u00f1o 06.1981 &#8211; 10.1983, 1995 ccm, 122 cv<br \/>\n2.0 (137AS_), A\u00f1o 09.1975 &#8211; 05.1981, 1995 ccm, 120 cv<br \/>\nLANCIA Beta Spider (828)<br \/>\n1.6, A\u00f1o 05.1976 &#8211; 10.1986, 1585 ccm, 100 cv<br \/>\n2.0, A\u00f1o 04.1979 &#8211; 10.1986, 1995 ccm, 116 cv<br \/>\n2.0, A\u00f1o 05.1976 &#8211; 11.1979, 1995 ccm, 120 cv<br \/>\nLANCIA Kappa (838)<br \/>\n2.0 16V Turbo, A\u00f1o 07.1996 &#8211; 10.2001, 1995 ccm, 205 cv<br \/>\nLANCIA Dedra Familiar (835)<br \/>\n1.8 i.e., A\u00f1o 07.1994 &#8211; 07.1999, 1756 ccm, 101 cv<br \/>\n1.9 TDS, A\u00f1o 07.1994 &#8211; 07.1999, 1929 ccm, 90 cv<br \/>\n2.0 16V, A\u00f1o 07.1994 &#8211; 07.1999, 1995 ccm, 139 cv<br \/>\n2.0 Integrale, A\u00f1o 07.1994 &#8211; 07.1999, 1995 ccm, 139 cv<br \/>\nLANCIA Beta Hatchback (828)<br \/>\n1.6, A\u00f1o 08.1973 &#8211; 07.1982, 1585 ccm, 101 cv<br \/>\n1.8, A\u00f1o 08.1973 &#8211; 07.1976, 1756 ccm, 110 cv<br \/>\n2.0, A\u00f1o 07.1978 &#8211; 07.1982, 1995 ccm, 115 cv<br \/>\n2.0, A\u00f1o 04.1976 &#8211; 07.1978, 1995 ccm, 120 cv<\/p>\n<p>SEAT Ronda (022A)<br \/>\n1.6, A\u00f1o 08.1983 &#8211; 09.1985, 1592 ccm, 92 cv<br \/>\n1.7 Di\u00e9sel, A\u00f1o 06.1982 &#8211; 12.1986, 1714 ccm, 54 cv<br \/>\n1.7 Di\u00e9sel, A\u00f1o 06.1982 &#8211; 12.1986, 1714 ccm, 56 cv<br \/>\nSEAT Malaga (023A)<br \/>\n1.7 D, A\u00f1o 05.1985 &#8211; 12.1993, 1714 ccm, 54 cv<br \/>\n1.7 D, A\u00f1o 05.1990 &#8211; 12.1993, 1714 ccm, 57 cv<br \/>\nSEAT Ibiza I Hatchback (021A)<br \/>\n1.7 D, A\u00f1o 06.1984 &#8211; 05.1993, 1714 ccm, 54 cv<br \/>\n1.7 D, A\u00f1o 08.1990 &#8211; 05.1993, 1714 ccm, 57 cv<br \/>\nSEAT 131<br \/>\n1.6, A\u00f1o 03.1982 &#8211; 01.1985, 1592 ccm, 97 cv<br \/>\n2.0, A\u00f1o 06.1978 &#8211; 12.1985, 1994 ccm, 116 cv<br \/>\nSEAT Ritmo (138)<br \/>\n1.7 D, A\u00f1o 10.1979 &#8211; 09.1983, 1714 ccm, 56 cv<br \/>\nSEAT 124 Berlina<br \/>\n1.6, A\u00f1o 09.1976 &#8211; 10.1980, 1585 ccm, 95 cv<br \/>\n1.6 1430 Especial, A\u00f1o 01.1970 &#8211; 12.1976, 1592 ccm, 95 cv<br \/>\n2.0, A\u00f1o 04.1979 &#8211; 10.1980, 1995 ccm, 116 cv<br \/>\nSEAT 132 Berlina<br \/>\n1.6, A\u00f1o 05.1973 &#8211; 12.1980, 1592 ccm, 98 cv<\/p>\n<p>LA PIEZA ES NUEVA Y ORIGINAL.<\/p>\n","protected":false},"excerpt":{"rendered":"<p>Juego, set de cojinetes axiales del cig\u00fce\u00f1al de: Sobremedida: Est\u00e1ndar (STD) FIAT Regata Berlina (138) 1.6 Super 100, A\u00f1o 10.1983 &#8211; 07.1989, 1585 ccm, 95 cv 1.6 Super 100, A\u00f1o 10.1983 &#8211; 12.1990, 1585 ccm, 101 cv 1.7 Di\u00e9sel 60, A\u00f1o 09.1983 &#8211; 12.1986, 1714 ccm, 58 cv 1.7 Di\u00e9sel 60, A\u00f1o 05.1985 &#8211; 03.1989, [&hellip;]<\/p>\n","protected":false},"featured_media":84783,"template":"","meta":{"_seopress_robots_primary_cat":"","_seopress_titles_title":"","_seopress_titles_desc":"","_seopress_robots_index":""},"product_cat":[159,65,66,70,199,232,71,45,46,48,54,209,73,16,184,79,116,81,82,83,85,86,117,118,88,89,90,20,91,162,119,21,164,98,123,101,102,198,103,165,26,107,109,110,111,124,112,114],"product_tag":[],"class_list":{"0":"post-84782","1":"product","2":"type-product","3":"status-publish","4":"has-post-thumbnail","6":"product_cat-recambios-seat-124","7":"product_cat-recambios-fiat-124","8":"product_cat-recambios-fiat-125","9":"product_cat-recambios-fiat-131","10":"product_cat-recambios-seat-131","11":"product_cat-recambios-seat-132","12":"product_cat-recambios-fiat-132","13":"product_cat-recambios-alfa-romeo-145","14":"product_cat-recambios-alfa-romeo-146","15":"product_cat-recambios-alfa-romeo-155","16":"product_cat-recambios-alfa-romeo-164","17":"product_cat-recambios-fiat-238","18":"product_cat-recambios-fiat-242","19":"product_cat-recambios-alfa-romeo","20":"product_cat-recambios-alfa-romeo-ar6","21":"product_cat-recambios-fiat-argenta","22":"product_cat-recambios-lancia-beta","23":"product_cat-recambios-fiat-brava","24":"product_cat-recambios-fiat-bravo","25":"product_cat-recambios-fiat-campagnola","26":"product_cat-recambios-fiat-coupe","27":"product_cat-recambios-fiat-croma","28":"product_cat-recambios-lancia-dedra","29":"product_cat-recambios-lancia-delta","30":"product_cat-recambios-fiat-ducato","31":"product_cat-recambios-fiat-duna","32":"product_cat-recambios-fiat-elba","33":"product_cat-recambios-fiat","34":"product_cat-recambios-fiat-fiorino","35":"product_cat-recambios-seat-ibiza","36":"product_cat-recambios-lancia-kappa","37":"product_cat-recambios-lancia","38":"product_cat-recambios-seat-malaga","39":"product_cat-recambios-fiat-palio","40":"product_cat-recambios-lancia-prisma","41":"product_cat-recambios-fiat-punto","42":"product_cat-recambios-fiat-regata","43":"product_cat-recambios-seat-ritmo","44":"product_cat-recambios-fiat-ritmo","45":"product_cat-recambios-seat-ronda","46":"product_cat-recambios-seat","47":"product_cat-recambios-fiat-siena","48":"product_cat-recambios-fiat-strada","49":"product_cat-recambios-fiat-talento","50":"product_cat-recambios-fiat-tempra","51":"product_cat-recambios-lancia-thema","52":"product_cat-recambios-fiat-tipo","53":"product_cat-recambios-fiat-uno","55":"first","56":"outofstock","57":"taxable","58":"shipping-taxable","59":"purchasable","60":"product-type-simple"},"_links":{"self":[{"href":"https:\/\/galicianparts.com\/shop\/wp-json\/wp\/v2\/product\/84782"}],"collection":[{"href":"https:\/\/galicianparts.com\/shop\/wp-json\/wp\/v2\/product"}],"about":[{"href":"https:\/\/galicianparts.com\/shop\/wp-json\/wp\/v2\/types\/product"}],"wp:featuredmedia":[{"embeddable":true,"href":"https:\/\/galicianparts.com\/shop\/wp-json\/wp\/v2\/media\/84783"}],"wp:attachment":[{"href":"https:\/\/galicianparts.com\/shop\/wp-json\/wp\/v2\/media?parent=84782"}],"wp:term":[{"taxonomy":"product_cat","embeddable":true,"href":"https:\/\/galicianparts.com\/shop\/wp-json\/wp\/v2\/product_cat?post=84782"},{"taxonomy":"product_tag","embeddable":true,"href":"https:\/\/galicianparts.com\/shop\/wp-json\/wp\/v2\/product_tag?post=84782"}],"curies":[{"name":"wp","href":"https:\/\/api.w.org\/{rel}","templated":true}]}}