{"id":84911,"date":"2024-03-12T13:37:14","date_gmt":"2024-03-12T11:37:14","guid":{"rendered":"https:\/\/galicianparts.com\/shop\/producto\/4323710-junta-tapa-valvulas-fiat-ritmo-127-uno-lancia-y10-original\/"},"modified":"2025-11-11T00:51:30","modified_gmt":"2025-11-10T22:51:30","slug":"4323710-junta-tapa-valvulas-fiat-ritmo-127-uno-lancia-y10-original","status":"publish","type":"product","link":"https:\/\/galicianparts.com\/shop\/producto\/4323710-junta-tapa-valvulas-fiat-ritmo-127-uno-lancia-y10-original\/","title":{"rendered":"4323710 Junta tapa v\u00e1lvulas Fiat Ritmo \/127 \/Uno \/Lancia Y10 ORIGINAL"},"content":{"rendered":"<p>Junta de la tapa superior de la culata del motor de:<br \/>\nEspesor: 3 mm<br \/>\nLongitud: 395 mm<br \/>\nAncho: 130 mm<\/p>\n<p>FIAT Ritmo I Hatchback (138)<br \/>\n1.0, A\u00f1o 09.1978 &#8211; 09.1982, 1049 ccm, 60 cv<br \/>\n1.1, A\u00f1o 08.1980 &#8211; 08.1988, 1116 ccm, 60 cv<br \/>\nFIAT 127 (127)<br \/>\n1.0, A\u00f1o 04.1977 &#8211; 12.1986, 1049 ccm, 50 cv<br \/>\n1.0 Sport, A\u00f1o 07.1978 &#8211; 02.1982, 1049 ccm, 70 cv<br \/>\n1.3 Sport, A\u00f1o 12.1981 &#8211; 05.1983, 1301 ccm, 75 cv<br \/>\nFIAT Fiorino II Furg\u00f3n (146)<br \/>\n60 1.1, A\u00f1o 05.1988 &#8211; 12.1993, 1116 ccm, 54 cv<br \/>\n70 1.3, A\u00f1o 01.1988 &#8211; 12.1994, 1301 ccm, 67 cv<br \/>\nFIAT Fiorino I (147)<br \/>\n1.0, A\u00f1o 01.1980 &#8211; 12.1987, 1049 ccm, 50 cv<br \/>\n1.0, A\u00f1o 12.1986 &#8211; 04.1988, 1049 ccm, 56 cv<br \/>\n1.1 60, A\u00f1o 11.1986 &#8211; 04.1988, 1116 ccm, 55 cv<br \/>\n1.3, A\u00f1o 12.1987 &#8211; 08.1993, 1301 ccm, 67 cv<br \/>\nFIAT Uno Hatchback (146)<br \/>\n1.5 75 iE, A\u00f1o 01.1994 &#8211; 10.1995, 1498 ccm, 76 cv<br \/>\nFIAT Palio I (178)<br \/>\n1.0, A\u00f1o 04.1996 &#8211; 10.2003, 994 ccm, 61 cv<br \/>\n1.0, A\u00f1o 04.1996 &#8211; 10.2003, 994 ccm, 76 cv<br \/>\nFIAT Duna (146)<br \/>\n60 1.1, A\u00f1o 01.1987 &#8211; 12.1991, 1116 ccm, 58 cv<br \/>\n70 1.3, A\u00f1o 01.1987 &#8211; 12.1991, 1301 ccm, 67 cv<br \/>\nFIAT Fiorino II Pick-up (146)<br \/>\n1.3, A\u00f1o 01.1988 &#8211; 12.1994, 1301 ccm, 67 cv<br \/>\nFIAT Fiorino Pick-up (147)<br \/>\n1.0, A\u00f1o 06.1982 &#8211; 10.1987, 1049 ccm, 50 cv<br \/>\n1.0, A\u00f1o 12.1986 &#8211; 10.1989, 1049 ccm, 56 cv<br \/>\nFIAT 147 Hatchback<br \/>\n1.0, A\u00f1o 10.1976 &#8211; 12.1995, 1049 ccm, 50 cv<br \/>\nFIAT Elba<br \/>\n1.3, A\u00f1o 04.1986 &#8211; 12.1993, 1297 ccm, 58 cv<br \/>\n1.3, A\u00f1o 04.1991 &#8211; 02.1995, 1301 ccm, 67 cv<br \/>\n1.5, A\u00f1o 01.1992 &#8211; 12.1996, 1498 ccm, 67 cv<br \/>\n1.5, A\u00f1o 01.1992 &#8211; 12.1996, 1498 ccm, 75 cv<br \/>\nFIAT Fiorino II MPV (146)<br \/>\n1.1 (146C4), A\u00f1o 01.1988 &#8211; 10.1992, 1116 ccm, 54 cv<br \/>\n1.3 (146AW), A\u00f1o 01.1988 &#8211; 10.1992, 1301 ccm, 67 cv<\/p>\n<p>LANCIA Y10 (156)<br \/>\n1.0 (156C), A\u00f1o 03.1985 &#8211; 07.1989, 1049 ccm, 56 cv<br \/>\n1.0 Turbo, A\u00f1o 03.1985 &#8211; 02.1989, 1049 ccm, 84 cv<\/p>\n<p>AUTOBIANCHI Y10 Hatchback<br \/>\n1.0, A\u00f1o 03.1985 &#8211; 10.1995, 1049 ccm, 56 cv<br \/>\n1.0 Turbo, A\u00f1o 03.1985 &#8211; 10.1995, 1049 ccm, 85 cv<\/p>\n<p>LA PIEZA ES NUEVA Y ORIGINAL.<\/p>\n","protected":false},"excerpt":{"rendered":"<p>Junta de la tapa superior de la culata del motor de: Espesor: 3 mm Longitud: 395 mm Ancho: 130 mm FIAT Ritmo I Hatchback (138) 1.0, A\u00f1o 09.1978 &#8211; 09.1982, 1049 ccm, 60 cv 1.1, A\u00f1o 08.1980 &#8211; 08.1988, 1116 ccm, 60 cv FIAT 127 (127) 1.0, A\u00f1o 04.1977 &#8211; 12.1986, 1049 ccm, 50 cv [&hellip;]<\/p>\n","protected":false},"featured_media":84914,"template":"","meta":{"_seopress_robots_primary_cat":"","_seopress_titles_title":"","_seopress_titles_desc":"","_seopress_robots_index":""},"product_cat":[68,222,25,89,90,20,91,21,98,103,114,126,64],"product_tag":[],"class_list":{"0":"post-84911","1":"product","2":"type-product","3":"status-publish","4":"has-post-thumbnail","6":"product_cat-recambios-fiat-127","7":"product_cat-recambios-fiat-147","8":"product_cat-recambios-autobianchi","9":"product_cat-recambios-fiat-duna","10":"product_cat-recambios-fiat-elba","11":"product_cat-recambios-fiat","12":"product_cat-recambios-fiat-fiorino","13":"product_cat-recambios-lancia","14":"product_cat-recambios-fiat-palio","15":"product_cat-recambios-fiat-ritmo","16":"product_cat-recambios-fiat-uno","17":"product_cat-recambios-lancia-y10","18":"product_cat-recambios-autobianchi-y10","20":"first","21":"instock","22":"taxable","23":"shipping-taxable","24":"purchasable","25":"product-type-simple"},"_links":{"self":[{"href":"https:\/\/galicianparts.com\/shop\/wp-json\/wp\/v2\/product\/84911"}],"collection":[{"href":"https:\/\/galicianparts.com\/shop\/wp-json\/wp\/v2\/product"}],"about":[{"href":"https:\/\/galicianparts.com\/shop\/wp-json\/wp\/v2\/types\/product"}],"wp:featuredmedia":[{"embeddable":true,"href":"https:\/\/galicianparts.com\/shop\/wp-json\/wp\/v2\/media\/84914"}],"wp:attachment":[{"href":"https:\/\/galicianparts.com\/shop\/wp-json\/wp\/v2\/media?parent=84911"}],"wp:term":[{"taxonomy":"product_cat","embeddable":true,"href":"https:\/\/galicianparts.com\/shop\/wp-json\/wp\/v2\/product_cat?post=84911"},{"taxonomy":"product_tag","embeddable":true,"href":"https:\/\/galicianparts.com\/shop\/wp-json\/wp\/v2\/product_tag?post=84911"}],"curies":[{"name":"wp","href":"https:\/\/api.w.org\/{rel}","templated":true}]}}