{"id":85040,"date":"2024-03-14T12:27:48","date_gmt":"2024-03-14T10:27:48","guid":{"rendered":"https:\/\/galicianparts.com\/shop\/producto\/7670653-pack-2-abrazaderas-d-20-10mm-fiat-uno-turbo-punto-nuevo-original\/"},"modified":"2024-03-16T21:13:23","modified_gmt":"2024-03-16T19:13:23","slug":"7670653-pack-2-abrazaderas-d-20-10mm-fiat-uno-turbo-punto-nuevo-original","status":"publish","type":"product","link":"https:\/\/galicianparts.com\/shop\/producto\/7670653-pack-2-abrazaderas-d-20-10mm-fiat-uno-turbo-punto-nuevo-original\/","title":{"rendered":"7670653 Pack 2 abrazaderas D 20-10mm Fiat Uno Turbo \/Punto NUEVO ORIGINAL"},"content":{"rendered":"<p>Juego, set de dos bridas, anclajes del cableado el\u00e9ctrico, tubos, etc&#8230; de:<br \/>\nDi\u00e1metro 1: 20 mm<br \/>\nDi\u00e1metro 2: 9,5 mm<\/p>\n<p>FIAT &#8211; 1A PUNTO BZ. GAMMA &#8217;97 (1997-1999)<br \/>\nFIAT &#8211; 1C PUNTO CABRIO GAMMA&#8217;97 (1997-2000)<br \/>\nFIAT &#8211; MS UNO R\/89 (1989-1995) 1370 SPI \/ 1370 SPI USA&#8217;83 \/ 1370 DAV-15 \/ 1500 SPI USA&#8217;83<br \/>\nFIAT &#8211; MS UNO R\/89 (1989-1995) 1116 TREND<br \/>\nFIAT &#8211; MT UNO TURBO R\/89 (1989-1993) 1370 \/ 1370 USA&#8217;83<br \/>\nFIAT &#8211; MT UNO TURBO R\/89 (1989-1993) 1300 USA&#8217;83<\/p>\n<p>LA PIEZA ES NUEVA Y ORIGINAL.<\/p>\n","protected":false},"excerpt":{"rendered":"<p>Juego, set de dos bridas, anclajes del cableado el\u00e9ctrico, tubos, etc&#8230; de: Di\u00e1metro 1: 20 mm Di\u00e1metro 2: 9,5 mm FIAT &#8211; 1A PUNTO BZ. GAMMA &#8217;97 (1997-1999) FIAT &#8211; 1C PUNTO CABRIO GAMMA&#8217;97 (1997-2000) FIAT &#8211; MS UNO R\/89 (1989-1995) 1370 SPI \/ 1370 SPI USA&#8217;83 \/ 1370 DAV-15 \/ 1500 SPI USA&#8217;83 FIAT [&hellip;]<\/p>\n","protected":false},"featured_media":85041,"template":"","meta":{"_seopress_robots_primary_cat":"","_seopress_titles_title":"","_seopress_titles_desc":"","_seopress_robots_index":""},"product_cat":[20,101,114],"product_tag":[],"class_list":{"0":"post-85040","1":"product","2":"type-product","3":"status-publish","4":"has-post-thumbnail","6":"product_cat-recambios-fiat","7":"product_cat-recambios-fiat-punto","8":"product_cat-recambios-fiat-uno","10":"first","11":"outofstock","12":"taxable","13":"shipping-taxable","14":"purchasable","15":"product-type-simple"},"_links":{"self":[{"href":"https:\/\/galicianparts.com\/shop\/wp-json\/wp\/v2\/product\/85040"}],"collection":[{"href":"https:\/\/galicianparts.com\/shop\/wp-json\/wp\/v2\/product"}],"about":[{"href":"https:\/\/galicianparts.com\/shop\/wp-json\/wp\/v2\/types\/product"}],"wp:featuredmedia":[{"embeddable":true,"href":"https:\/\/galicianparts.com\/shop\/wp-json\/wp\/v2\/media\/85041"}],"wp:attachment":[{"href":"https:\/\/galicianparts.com\/shop\/wp-json\/wp\/v2\/media?parent=85040"}],"wp:term":[{"taxonomy":"product_cat","embeddable":true,"href":"https:\/\/galicianparts.com\/shop\/wp-json\/wp\/v2\/product_cat?post=85040"},{"taxonomy":"product_tag","embeddable":true,"href":"https:\/\/galicianparts.com\/shop\/wp-json\/wp\/v2\/product_tag?post=85040"}],"curies":[{"name":"wp","href":"https:\/\/api.w.org\/{rel}","templated":true}]}}