{"id":85174,"date":"2024-03-18T12:01:27","date_gmt":"2024-03-18T10:01:27","guid":{"rendered":"https:\/\/galicianparts.com\/shop\/producto\/5966011-junta-colector-admision-fiat-croma-2-0-1989-1995-nueva-original\/"},"modified":"2024-03-18T12:05:54","modified_gmt":"2024-03-18T10:05:54","slug":"5966011-junta-colector-admision-fiat-croma-2-0-1989-1995-nueva-original","status":"publish","type":"product","link":"https:\/\/galicianparts.com\/shop\/producto\/5966011-junta-colector-admision-fiat-croma-2-0-1989-1995-nueva-original\/","title":{"rendered":"5966011 Junta colector admisi\u00f3n Fiat Croma 2.0 CHT (1989-1995) NUEVA ORIGINAL"},"content":{"rendered":"<p>Junta del colector de admisi\u00f3n del motor de:<br \/>\nLongitud: 365 mm<br \/>\nAncho: 66 mm<br \/>\nEspesor: 1,2 mm<\/p>\n<p>FIAT Croma I Hatchback (154)<br \/>\n2.0 CHT, A\u00f1o 01.1991 &#8211; 09.1992, 1995 ccm, 100 cv<br \/>\n2.0 CHT, A\u00f1o 12.1985 &#8211; 02.1989, 1995 ccm, 90 cv<\/p>\n<p>LA PIEZA ES NUEVA Y ORIGINAL.<\/p>\n","protected":false},"excerpt":{"rendered":"<p>Junta del colector de admisi\u00f3n del motor de: Longitud: 365 mm Ancho: 66 mm Espesor: 1,2 mm FIAT Croma I Hatchback (154) 2.0 CHT, A\u00f1o 01.1991 &#8211; 09.1992, 1995 ccm, 100 cv 2.0 CHT, A\u00f1o 12.1985 &#8211; 02.1989, 1995 ccm, 90 cv LA PIEZA ES NUEVA Y ORIGINAL.<\/p>\n","protected":false},"featured_media":85176,"template":"","meta":{"_seopress_robots_primary_cat":"","_seopress_titles_title":"","_seopress_titles_desc":"","_seopress_robots_index":""},"product_cat":[86,20],"product_tag":[],"class_list":{"0":"post-85174","1":"product","2":"type-product","3":"status-publish","4":"has-post-thumbnail","6":"product_cat-recambios-fiat-croma","7":"product_cat-recambios-fiat","9":"first","10":"instock","11":"taxable","12":"shipping-taxable","13":"purchasable","14":"product-type-simple"},"_links":{"self":[{"href":"https:\/\/galicianparts.com\/shop\/wp-json\/wp\/v2\/product\/85174"}],"collection":[{"href":"https:\/\/galicianparts.com\/shop\/wp-json\/wp\/v2\/product"}],"about":[{"href":"https:\/\/galicianparts.com\/shop\/wp-json\/wp\/v2\/types\/product"}],"wp:featuredmedia":[{"embeddable":true,"href":"https:\/\/galicianparts.com\/shop\/wp-json\/wp\/v2\/media\/85176"}],"wp:attachment":[{"href":"https:\/\/galicianparts.com\/shop\/wp-json\/wp\/v2\/media?parent=85174"}],"wp:term":[{"taxonomy":"product_cat","embeddable":true,"href":"https:\/\/galicianparts.com\/shop\/wp-json\/wp\/v2\/product_cat?post=85174"},{"taxonomy":"product_tag","embeddable":true,"href":"https:\/\/galicianparts.com\/shop\/wp-json\/wp\/v2\/product_tag?post=85174"}],"curies":[{"name":"wp","href":"https:\/\/api.w.org\/{rel}","templated":true}]}}