{"id":85242,"date":"2024-03-19T09:55:41","date_gmt":"2024-03-19T07:55:41","guid":{"rendered":"https:\/\/galicianparts.com\/shop\/producto\/5968116-latiguillo-freno-fiat-uno-turbo-argenta-nuevo-original\/"},"modified":"2024-06-01T14:17:00","modified_gmt":"2024-06-01T12:17:00","slug":"5968116-latiguillo-freno-fiat-uno-turbo-argenta-nuevo-original","status":"publish","type":"product","link":"https:\/\/galicianparts.com\/shop\/producto\/5968116-latiguillo-freno-fiat-uno-turbo-argenta-nuevo-original\/","title":{"rendered":"5968116 Latiguillo freno trasero Fiat Uno Turbo \/Argenta NUEVO ORIGINAL"},"content":{"rendered":"<p>Tubo de la pinza de freno posterior de:<br \/>\nLongitud: 157 mm<br \/>\nRosca 1: 10&#215;1<br \/>\nRosca 2: 10&#215;1<\/p>\n<p>FIAT Argenta (132)<br \/>\n2, A\u00f1o 06.1978 &#8211; 12.1985, 1995 ccm, 113 cv<br \/>\n2.0 i.e., A\u00f1o 06.1981 &#8211; 07.1986, 1995 ccm, 122 cv<br \/>\n2.0 Volumex, A\u00f1o 06.1984 &#8211; 07.1985, 1995 ccm, 135 cv<br \/>\nFIAT Uno Hatchback (146)<br \/>\n1.3 Turbo i.e., A\u00f1o 01.1987 &#8211; 12.1987, 1301 ccm, 99 cv<br \/>\n1.3 Turbo i.e., A\u00f1o 09.1989 &#8211; 03.1991, 1301 ccm, 101 cv<br \/>\n1.3 Turbo i.e., A\u00f1o 04.1985 &#8211; 08.1989, 1301 ccm, 105 cv<br \/>\n1.4, A\u00f1o 01.1989 &#8211; 12.1991, 1372 ccm, 101 cv<br \/>\n1.4 Turbo i.e., A\u00f1o 09.1989 &#8211; 09.1993, 1372 ccm, 112 cv<br \/>\n1.4 Turbo i.e., A\u00f1o 12.1989 &#8211; 12.1996, 1372 ccm, 118 cv<br \/>\n1.3 70, A\u00f1o 01.1983 &#8211; 04.1985, 1302 ccm, 68 cv<\/p>\n<p>LA PIEZA ES NUEVA Y ORIGINAL.<\/p>\n","protected":false},"excerpt":{"rendered":"<p>Tubo de la pinza de freno posterior de: Longitud: 157 mm Rosca 1: 10&#215;1 Rosca 2: 10&#215;1 FIAT Argenta (132) 2, A\u00f1o 06.1978 &#8211; 12.1985, 1995 ccm, 113 cv 2.0 i.e., A\u00f1o 06.1981 &#8211; 07.1986, 1995 ccm, 122 cv 2.0 Volumex, A\u00f1o 06.1984 &#8211; 07.1985, 1995 ccm, 135 cv FIAT Uno Hatchback (146) 1.3 Turbo [&hellip;]<\/p>\n","protected":false},"featured_media":85246,"template":"","meta":{"_seopress_robots_primary_cat":"","_seopress_titles_title":"","_seopress_titles_desc":"","_seopress_robots_index":""},"product_cat":[79,20,114],"product_tag":[],"class_list":{"0":"post-85242","1":"product","2":"type-product","3":"status-publish","4":"has-post-thumbnail","6":"product_cat-recambios-fiat-argenta","7":"product_cat-recambios-fiat","8":"product_cat-recambios-fiat-uno","10":"first","11":"outofstock","12":"taxable","13":"shipping-taxable","14":"purchasable","15":"product-type-simple"},"_links":{"self":[{"href":"https:\/\/galicianparts.com\/shop\/wp-json\/wp\/v2\/product\/85242"}],"collection":[{"href":"https:\/\/galicianparts.com\/shop\/wp-json\/wp\/v2\/product"}],"about":[{"href":"https:\/\/galicianparts.com\/shop\/wp-json\/wp\/v2\/types\/product"}],"wp:featuredmedia":[{"embeddable":true,"href":"https:\/\/galicianparts.com\/shop\/wp-json\/wp\/v2\/media\/85246"}],"wp:attachment":[{"href":"https:\/\/galicianparts.com\/shop\/wp-json\/wp\/v2\/media?parent=85242"}],"wp:term":[{"taxonomy":"product_cat","embeddable":true,"href":"https:\/\/galicianparts.com\/shop\/wp-json\/wp\/v2\/product_cat?post=85242"},{"taxonomy":"product_tag","embeddable":true,"href":"https:\/\/galicianparts.com\/shop\/wp-json\/wp\/v2\/product_tag?post=85242"}],"curies":[{"name":"wp","href":"https:\/\/api.w.org\/{rel}","templated":true}]}}