{"id":85248,"date":"2024-03-19T10:11:01","date_gmt":"2024-03-19T08:11:01","guid":{"rendered":"https:\/\/galicianparts.com\/shop\/producto\/5980010-embellecedor-llanta-fiat-croma-1990-1996-nuevo-original\/"},"modified":"2025-10-02T16:18:47","modified_gmt":"2025-10-02T14:18:47","slug":"5980010-embellecedor-llanta-fiat-croma-1990-1996-nuevo-original","status":"publish","type":"product","link":"https:\/\/galicianparts.com\/shop\/producto\/5980010-embellecedor-llanta-fiat-croma-1990-1996-nuevo-original\/","title":{"rendered":"5980010 Embellecedor llanta Fiat Croma (1990-1996) NUEVO ORIGINAL"},"content":{"rendered":"<p>Tapacubo, tapa central de la llanta de aleaci\u00f3n de:<br \/>\nDi\u00e1metro: 55 mm<br \/>\nDi\u00e1metro anclaje: 42 mm<\/p>\n<p>FIAT &#8211; MZ CROMA CHT FL.90 (1990-1992) RUEDAS\u00a0DE\u00a0ALEACI\u00d3N\u00a0LIGERA<br \/>\nFIAT &#8211; MY CROMA IE-IE TB. FL.90 (1990-1996) CHARGEABLE STANDARD WHEEL 1<br \/>\nFIAT &#8211; MJ CROMA TURBO DS FL.90 (1990-1996) RUEDAS\u00a0DE\u00a0ALEACI\u00d3N\u00a0LIGERA \/ CHARGEABLE STANDARD WHEEL 1<\/p>\n<p>LA PIEZA ES NUEVA Y ORIGINAL.<\/p>\n","protected":false},"excerpt":{"rendered":"<p>Tapacubo, tapa central de la llanta de aleaci\u00f3n de: Di\u00e1metro: 55 mm Di\u00e1metro anclaje: 42 mm FIAT &#8211; MZ CROMA CHT FL.90 (1990-1992) RUEDAS\u00a0DE\u00a0ALEACI\u00d3N\u00a0LIGERA FIAT &#8211; MY CROMA IE-IE TB. FL.90 (1990-1996) CHARGEABLE STANDARD WHEEL 1 FIAT &#8211; MJ CROMA TURBO DS FL.90 (1990-1996) RUEDAS\u00a0DE\u00a0ALEACI\u00d3N\u00a0LIGERA \/ CHARGEABLE STANDARD WHEEL 1 LA PIEZA ES NUEVA Y [&hellip;]<\/p>\n","protected":false},"featured_media":85252,"template":"","meta":{"_seopress_robots_primary_cat":"","_seopress_titles_title":"","_seopress_titles_desc":"","_seopress_robots_index":""},"product_cat":[86,20],"product_tag":[],"class_list":{"0":"post-85248","1":"product","2":"type-product","3":"status-publish","4":"has-post-thumbnail","6":"product_cat-recambios-fiat-croma","7":"product_cat-recambios-fiat","9":"first","10":"outofstock","11":"taxable","12":"shipping-taxable","13":"purchasable","14":"product-type-simple"},"_links":{"self":[{"href":"https:\/\/galicianparts.com\/shop\/wp-json\/wp\/v2\/product\/85248"}],"collection":[{"href":"https:\/\/galicianparts.com\/shop\/wp-json\/wp\/v2\/product"}],"about":[{"href":"https:\/\/galicianparts.com\/shop\/wp-json\/wp\/v2\/types\/product"}],"wp:featuredmedia":[{"embeddable":true,"href":"https:\/\/galicianparts.com\/shop\/wp-json\/wp\/v2\/media\/85252"}],"wp:attachment":[{"href":"https:\/\/galicianparts.com\/shop\/wp-json\/wp\/v2\/media?parent=85248"}],"wp:term":[{"taxonomy":"product_cat","embeddable":true,"href":"https:\/\/galicianparts.com\/shop\/wp-json\/wp\/v2\/product_cat?post=85248"},{"taxonomy":"product_tag","embeddable":true,"href":"https:\/\/galicianparts.com\/shop\/wp-json\/wp\/v2\/product_tag?post=85248"}],"curies":[{"name":"wp","href":"https:\/\/api.w.org\/{rel}","templated":true}]}}