{"id":85371,"date":"2024-03-21T09:57:54","date_gmt":"2024-03-21T07:57:54","guid":{"rendered":"https:\/\/galicianparts.com\/shop\/producto\/7566931-disco-freno-delantero-fiat-panda-barchetta-coupe-punto-lancia-y10-alfa-original\/"},"modified":"2024-08-05T12:17:52","modified_gmt":"2024-08-05T10:17:52","slug":"7566931-disco-freno-delantero-fiat-panda-barchetta-coupe-punto-lancia-y10-alfa-original","status":"publish","type":"product","link":"https:\/\/galicianparts.com\/shop\/producto\/7566931-disco-freno-delantero-fiat-panda-barchetta-coupe-punto-lancia-y10-alfa-original\/","title":{"rendered":"7566931 Disco freno Fiat Punto GT \/Barchetta \/Coupe \/Lancia \/Alfa ORIGINAL"},"content":{"rendered":"<p>Disco de freno de:<br \/>\nDi\u00e1metro: 240 mm<br \/>\nDi\u00e1metro de centrado: 59 mm<br \/>\nEspesor de disco de frenos: 11 mm<\/p>\n<p>FIAT Cinquecento (170)<br \/>\n0.7, A\u00f1o 12.1991 &#8211; 01.1996, 704 ccm, 31 cv<br \/>\n0.7 i, A\u00f1o 07.1994 &#8211; 01.1998, 704 ccm, 30 cv<br \/>\n0.9, A\u00f1o 07.1991 &#8211; 12.1993, 903 ccm, 41 cv<br \/>\n0.9 i.e. (170AC), A\u00f1o 07.1991 &#8211; 09.1994, 903 ccm, 41 cv<br \/>\n0.9 i.e. S, A\u00f1o 07.1991 &#8211; 07.1999, 899 ccm, 40 cv<br \/>\n1.1 Sporting, A\u00f1o 10.1994 &#8211; 01.1998, 1108 ccm, 54 cv<br \/>\nFIAT Tempra Berlina (159)<br \/>\n1.4 i.e. (159.AA), A\u00f1o 03.1991 &#8211; 08.1996, 1372 ccm, 78 cv<br \/>\n1.4 i.e., A\u00f1o 04.1990 &#8211; 08.1996, 1372 ccm, 69 cv<br \/>\n1.6 (159.AD), A\u00f1o 03.1990 &#8211; 04.1994, 1581 ccm, 86 cv<br \/>\n1.6 (159AS, 159AT), A\u00f1o 04.1990 &#8211; 07.1996, 1581 ccm, 69 cv<br \/>\n1.6 i.e., A\u00f1o 06.1990 &#8211; 07.1992, 1581 ccm, 78 cv<br \/>\n1.6 i.e., A\u00f1o 06.1994 &#8211; 08.1996, 1581 ccm, 87 cv<br \/>\n1.6 i.e., A\u00f1o 06.1994 &#8211; 08.1996, 1581 ccm, 90 cv<br \/>\n1.6 i.e., A\u00f1o 06.1992 &#8211; 08.1996, 1581 ccm, 75 cv<br \/>\n1.8 i.e., A\u00f1o 03.1992 &#8211; 08.1996, 1756 ccm, 105 cv<br \/>\n1.8 i.e., A\u00f1o 03.1990 &#8211; 08.1996, 1756 ccm, 110 cv<br \/>\n1.8 i.e., A\u00f1o 09.1993 &#8211; 08.1996, 1756 ccm, 103 cv<br \/>\n1.8 i.e., A\u00f1o 09.1993 &#8211; 08.1996, 1756 ccm, 90 cv<br \/>\n1.8 i.e., A\u00f1o 10.1994 &#8211; 08.1996, 1756 ccm, 101 cv<br \/>\n1.9 D, A\u00f1o 07.1991 &#8211; 08.1996, 1929 ccm, 65 cv<br \/>\n1.9 TD, A\u00f1o 07.1992 &#8211; 08.1996, 1929 ccm, 80 cv<br \/>\n1.9 TD, A\u00f1o 05.1990 &#8211; 08.1996, 1929 ccm, 90 cv<br \/>\n2.0, A\u00f1o 04.1990 &#8211; 06.1993, 1995 ccm, 109 cv<br \/>\n2.0, A\u00f1o 05.1994 &#8211; 12.1998, 1995 ccm, 110 cv<br \/>\n2.0 i.e. (159.AP), A\u00f1o 10.1990 &#8211; 09.1996, 1995 ccm, 113 cv<br \/>\nFIAT Tempra S.W. (159)<br \/>\n1.4 i.e., A\u00f1o 03.1991 &#8211; 08.1996, 1372 ccm, 78 cv<br \/>\n1.4 i.e., A\u00f1o 10.1992 &#8211; 08.1996, 1372 ccm, 69 cv<br \/>\n1.6, A\u00f1o 07.1993 &#8211; 07.1996, 1581 ccm, 69 cv<br \/>\n1.6, A\u00f1o 12.1990 &#8211; 04.1993, 1581 ccm, 86 cv<br \/>\n1.6 i.e., A\u00f1o 10.1990 &#8211; 08.1996, 1581 ccm, 78 cv<br \/>\n1.6 i.e., A\u00f1o 06.1994 &#8211; 08.1996, 1581 ccm, 90 cv<br \/>\n1.6 i.e., A\u00f1o 10.1992 &#8211; 08.1996, 1581 ccm, 75 cv<br \/>\n1.8 i.e. (159.AM), A\u00f1o 03.1990 &#8211; 08.1996, 1756 ccm, 110 cv<br \/>\n1.8 i.e., A\u00f1o 03.1992 &#8211; 12.1993, 1756 ccm, 105 cv<br \/>\n1.8 i.e., A\u00f1o 09.1993 &#8211; 08.1996, 1756 ccm, 103 cv<br \/>\n1.8 i.e., A\u00f1o 09.1993 &#8211; 08.1996, 1756 ccm, 90 cv<br \/>\n1.8 i.e., A\u00f1o 10.1994 &#8211; 08.1996, 1756 ccm, 101 cv<br \/>\n1.9 D, A\u00f1o 07.1991 &#8211; 08.1996, 1929 ccm, 65 cv<br \/>\n1.9 TD, A\u00f1o 07.1991 &#8211; 02.1995, 1929 ccm, 90 cv<br \/>\n1.9 TD, A\u00f1o 03.1992 &#8211; 06.1993, 1929 ccm, 80 cv<br \/>\n2.0, A\u00f1o 04.1991 &#8211; 06.1993, 1995 ccm, 109 cv<br \/>\n2.0 i.e., A\u00f1o 01.1991 &#8211; 03.1995, 1995 ccm, 113 cv<br \/>\n2.0 i.e. 4&#215;4, A\u00f1o 03.1992 &#8211; 03.1995, 1995 ccm, 113 cv<br \/>\nFIAT Tipo Hatchback (160)<br \/>\n1.1, A\u00f1o 01.1988 &#8211; 10.1991, 1108 ccm, 56 cv<br \/>\n1.4, A\u00f1o 07.1987 &#8211; 12.1989, 1372 ccm, 71 cv<br \/>\n1.4 i.e., A\u00f1o 05.1989 &#8211; 04.1995, 1372 ccm, 78 cv<br \/>\n1.4 i.e., A\u00f1o 05.1989 &#8211; 04.1995, 1372 ccm, 70 cv<br \/>\n1.6, A\u00f1o 03.1993 &#8211; 10.1995, 1581 ccm, 76 cv<br \/>\n1.6, A\u00f1o 03.1988 &#8211; 10.1992, 1581 ccm, 79 cv<br \/>\n1.6, A\u00f1o 01.1988 &#8211; 10.1991, 1581 ccm, 83 cv<br \/>\n1.6 i.e., A\u00f1o 02.1988 &#8211; 05.1991, 1595 ccm, 90 cv<br \/>\n1.6 i.e., A\u00f1o 10.1992 &#8211; 04.1995, 1581 ccm, 75 cv<br \/>\n1.6 i.e., A\u00f1o 07.1990 &#8211; 01.1993, 1581 ccm, 78 cv<br \/>\n1.6 SX DGT, A\u00f1o 05.1989 &#8211; 10.1995, 1581 ccm, 90 cv<br \/>\n1.7 D, A\u00f1o 01.1988 &#8211; 10.1994, 1697 ccm, 58 cv<br \/>\n1.7 D, A\u00f1o 01.1988 &#8211; 10.1995, 1697 ccm, 61 cv<br \/>\n1.8 i.e, A\u00f1o 03.1993 &#8211; 04.1995, 1756 ccm, 97 cv<br \/>\n1.8 i.e., A\u00f1o 09.1993 &#8211; 04.1995, 1756 ccm, 90 cv<br \/>\n1.8 i.e., A\u00f1o 10.1990 &#8211; 06.1993, 1756 ccm, 110 cv<br \/>\n1.8 i.e., A\u00f1o 10.1990 &#8211; 06.1993, 1756 ccm, 105 cv<br \/>\n1.8 i.e., A\u00f1o 04.1993 &#8211; 04.1995, 1756 ccm, 103 cv<br \/>\n1.8 i.e., A\u00f1o 10.1994 &#8211; 10.1995, 1756 ccm, 101 cv<br \/>\n1.8 i.e.16V Sport, A\u00f1o 11.1989 &#8211; 06.1992, 1756 ccm, 136 cv<br \/>\n1.9 D, A\u00f1o 07.1991 &#8211; 08.1995, 1929 ccm, 65 cv<br \/>\n1.9 TD, A\u00f1o 03.1992 &#8211; 06.1993, 1929 ccm, 80 cv<br \/>\n1.9 TD, A\u00f1o 09.1990 &#8211; 04.1995, 1929 ccm, 90 cv<br \/>\n1.9 TD (160AR), A\u00f1o 04.1990 &#8211; 10.1992, 1929 ccm, 94 cv<br \/>\n2.0, A\u00f1o 10.1990 &#8211; 10.1992, 1995 ccm, 116 cv<br \/>\n2.0, A\u00f1o 03.1993 &#8211; 10.1995, 1995 ccm, 137 cv<br \/>\n2.0 16V, A\u00f1o 07.1991 &#8211; 04.1995, 1995 ccm, 146 cv<br \/>\n2.0 i.e. (160.AJ, 1607571), A\u00f1o 06.1990 &#8211; 03.1992, 1995 ccm, 109 cv<br \/>\n2.0 i.e., A\u00f1o 03.1990 &#8211; 04.1995, 1995 ccm, 113 cv<br \/>\n2.0 i.e. 16V Sport, A\u00f1o 03.1993 &#8211; 04.1995, 1995 ccm, 139 cv<br \/>\nFIAT Punto I Hatchback (176)<br \/>\n1.4 GT Turbo (176AD_), A\u00f1o 10.1993 &#8211; 03.1997, 1372 ccm, 133 cv<br \/>\n1.4 GT Turbo (176AS_), A\u00f1o 09.1996 &#8211; 07.1999, 1372 ccm, 131 cv<br \/>\n1.7 D, A\u00f1o 04.1994 &#8211; 09.1997, 1698 ccm, 57 cv<br \/>\n1.7 TD, A\u00f1o 01.1994 &#8211; 09.1999, 1698 ccm, 69 cv<br \/>\n1.1 55, A\u00f1o 09.1993 &#8211; 09.1999, 1108 ccm, 54 cv<br \/>\n1.2 60, A\u00f1o 01.1994 &#8211; 09.1999, 1242 ccm, 58 cv<br \/>\n60 1.2 (176AP, 176AR, 176AQ, 176BB), A\u00f1o 09.1993 &#8211; 09.1999, 1242 ccm, 60 cv<br \/>\n1.2 75, A\u00f1o 10.1993 &#8211; 09.1999, 1242 ccm, 73 cv<br \/>\nFIAT Punto I Cabrio (176)<br \/>\n1.2 60, A\u00f1o 04.1994 &#8211; 06.2000, 1242 ccm, 58 cv<br \/>\n60 1.2 (176AR_, 176BR_), A\u00f1o 05.1995 &#8211; 06.2000, 1242 ccm, 60 cv<br \/>\n1.2 16V 85, A\u00f1o 04.1997 &#8211; 06.2000, 1242 ccm, 86 cv<br \/>\n1.6 90, A\u00f1o 04.1994 &#8211; 04.1997, 1581 ccm, 88 cv<br \/>\nFIAT Barchetta (183)<br \/>\n1.8 16V, A\u00f1o 04.1995 &#8211; 05.2005, 1747 ccm, 130 cv<br \/>\nFIAT Bravo I Hatchback (182)<br \/>\n2.0 HGT 20V, A\u00f1o 10.1995 &#8211; 07.1998, 1998 ccm, 147 cv<br \/>\n2.0 HGT 20V, A\u00f1o 07.1998 &#8211; 10.2001, 1998 ccm, 154 cv<br \/>\nFIAT Marea (185)<br \/>\n2.0 150 20V, A\u00f1o 09.1996 &#8211; 04.1999, 1998 ccm, 147 cv<br \/>\n2.0 150 20V, A\u00f1o 01.2001 &#8211; 05.2002, 1998 ccm, 150 cv<br \/>\n2.0 155 20V, A\u00f1o 04.1999 &#8211; 01.2001, 1998 ccm, 154 cv<br \/>\n2.4 JTD 130, A\u00f1o 04.1999 &#8211; 05.2002, 2387 ccm, 130 cv<br \/>\n2.4 TD 125, A\u00f1o 09.1996 &#8211; 04.1999, 2387 ccm, 125 cv<br \/>\nFIAT Palio I Hatchback (178)<br \/>\n1.7 D, A\u00f1o 04.1996 &#8211; 09.2002, 1698 ccm, 57 cv<br \/>\nFIAT Seicento \/ 600 Hatchback (187)<br \/>\n0.9 (187AXA, 187AXA1A), A\u00f1o 11.1997 &#8211; 12.2008, 899 ccm, 39 cv<br \/>\n1.1 (187AXB, 187AXB1A, 187AXC1A02), A\u00f1o 01.1998 &#8211; 01.2010, 1108 ccm, 54 cv<br \/>\nEl\u00e9ctrico, A\u00f1o 01.1999 &#8211; 01.2005, ccm, 41 cv<br \/>\nEl\u00e9ctrico, A\u00f1o 06.1998 &#8211; 02.2000, 0 ccm, 29 cv<br \/>\nElettrica (187BEA1A), A\u00f1o 03.2000 &#8211; 04.2004, ccm, 30 cv<br \/>\nFIAT Coupe (175)<br \/>\n1.8 16V, A\u00f1o 03.1996 &#8211; 08.2000, 1747 ccm, 131 cv<br \/>\n2.0 16V, A\u00f1o 11.1993 &#8211; 08.1996, 1995 ccm, 139 cv<br \/>\n2.0 16V Turbo, A\u00f1o 11.1993 &#8211; 08.1996, 1995 ccm, 190 cv<br \/>\n2.0 20V, A\u00f1o 04.1998 &#8211; 08.2000, 1998 ccm, 154 cv<br \/>\n2.0 20V (175AXC1A), A\u00f1o 08.1996 &#8211; 09.1998, 1998 ccm, 147 cv<br \/>\n2.0 20V Turbo, A\u00f1o 08.1996 &#8211; 08.2000, 1998 ccm, 220 cv<br \/>\nFIAT Punto II Hatchback (188)<br \/>\n1.2 60, A\u00f1o 09.1999 &#8211; 12.2010, 1242 ccm, 60 cv<br \/>\n1.2 Bifuel, A\u00f1o 08.2007 &#8211; 03.2012, 1242 ccm, 60 cv<br \/>\n1.2 Bipower (188BXA1A), A\u00f1o 08.2001 &#8211; 05.2003, 1242 ccm, 60 cv<br \/>\n1.2 Natural Power, A\u00f1o 09.2003 &#8211; 03.2012, 1242 ccm, 60 cv<br \/>\n1.2 Natural Power (188BXA1A), A\u00f1o 04.2004 &#8211; 04.2006, 1242 ccm, 52 cv<br \/>\n1.8 130 HGT, A\u00f1o 09.1999 &#8211; 03.2012, 1747 ccm, 130 cv<br \/>\n1.9 JTD, A\u00f1o 06.2003 &#8211; 03.2012, 1910 ccm, 101 cv<br \/>\nFIAT Panda II Hatchback (169)<br \/>\n1.1 (169.AXA1A), A\u00f1o 09.2003 &#8211; &#8230;, 1108 ccm, 54 cv<br \/>\n1.2 (169.AXB11, 169.AXB1A), A\u00f1o 09.2003 &#8211; &#8230;, 1242 ccm, 60 cv<br \/>\n1.2 (169AXF2A, 169AXF1A), A\u00f1o 03.2010 &#8211; 08.2013, 1242 ccm, 69 cv<br \/>\n1.2 4&#215;4 (169.AXB2A), A\u00f1o 10.2004 &#8211; &#8230;, 1242 ccm, 60 cv<br \/>\n1.2 4&#215;4 (169AXF2A, 169AXF1A), A\u00f1o 04.2010 &#8211; 08.2013, 1242 ccm, 69 cv<br \/>\n1.2 LPG (169.AXB1A), A\u00f1o 04.2009 &#8211; &#8230;, 1242 ccm, 60 cv<br \/>\n1.2 LPG (169CXF1A), A\u00f1o 11.2010 &#8211; 08.2013, 1242 ccm, 69 cv<br \/>\n1.2 Natural Power (169.AXB1A), A\u00f1o 01.2007 &#8211; 12.2011, 1242 ccm, 60 cv<br \/>\n1.3 D Multijet (169.AXC1A), A\u00f1o 09.2003 &#8211; &#8230;, 1248 ccm, 70 cv<br \/>\n1.3 D Multijet 4&#215;4 (169.AXC2A), A\u00f1o 10.2004 &#8211; &#8230;, 1248 ccm, 70 cv<br \/>\n1.3 JTD Multijet 4&#215;4 (169AXG1A, 169AXG2A), A\u00f1o 09.2010 &#8211; 08.2013, 1248 ccm, 75 cv<br \/>\n1.4 (169AXE1B), A\u00f1o 10.2006 &#8211; &#8230;, 1368 ccm, 100 cv<br \/>\n1.4 Natural Power (169AXHIA), A\u00f1o 09.2010 &#8211; 08.2013, 1368 ccm, 78 cv<br \/>\nFIAT Idea (350)<br \/>\n1.6 D Multijet, A\u00f1o 05.2008 &#8211; &#8230;, 1598 ccm, 120 cv<br \/>\nFIAT 500 (312)<br \/>\n0.9 (312AXM1B), A\u00f1o 10.2013 &#8211; &#8230;, 875 ccm, 105 cv<br \/>\n1.2 (312AXA1A), A\u00f1o 07.2007 &#8211; &#8230;, 1242 ccm, 69 cv<br \/>\n1.2 LPG (312AXA1A), A\u00f1o 12.2010 &#8211; &#8230;, 1242 ccm, 69 cv<br \/>\n1.3 D Multijet (312AXB1A), A\u00f1o 10.2007 &#8211; &#8230;, 1248 ccm, 75 cv<br \/>\n1.3 D Multijet (312AXE1A), A\u00f1o 12.2009 &#8211; &#8230;, 1248 ccm, 95 cv<br \/>\n1.3 D Multijet (312AYA1A), A\u00f1o 06.2016 &#8211; &#8230;, 1248 ccm, 78 cv<br \/>\n1.4 (301J410), A\u00f1o 09.2008 &#8211; &#8230;, 1368 ccm, 102 cv<br \/>\n1.4 (312AXC1B, 312CXC1B), A\u00f1o 10.2007 &#8211; &#8230;, 1368 ccm, 100 cv<br \/>\nABARTH 500C \/ 595C \/ 695C (312)<br \/>\n1.4 (312.AXD1A), A\u00f1o 05.2008 &#8211; &#8230;, 1368 ccm, 135 cv<br \/>\n1.4 (312.AXF1A, 312.AXF11, 312.AXD1A), A\u00f1o 09.2009 &#8211; &#8230;, 1368 ccm, 140 cv<br \/>\nFIAT Panda III Hatchback (312, 319)<br \/>\n0.9 4&#215;4 (312PXG1A), A\u00f1o 09.2012 &#8211; &#8230;, 875 ccm, 86 cv<br \/>\n0.9 4&#215;4 (312PXR2B), A\u00f1o 06.2014 &#8211; &#8230;, 875 ccm, 90 cv<br \/>\n0.9 Natural Power (312PXN1A), A\u00f1o 03.2019 &#8211; &#8230;, 875 ccm, 69 cv<br \/>\n0.9 Natural Power (312PXN1A), A\u00f1o 01.2015 &#8211; &#8230;, 875 ccm, 80 cv<br \/>\n1.3 D Multijet 4&#215;4 (312PXL1A), A\u00f1o 06.2012 &#8211; &#8230;, 1248 ccm, 75 cv<br \/>\n1.3 D Multijet 4&#215;4 (312PXS2A), A\u00f1o 06.2014 &#8211; &#8230;, 1248 ccm, 80 cv<br \/>\n1.3 D Multijet 4&#215;4 (312PXU1A), A\u00f1o 04.2015 &#8211; &#8230;, 1248 ccm, 95 cv<br \/>\nFIAT Cinquecento Furg\u00f3n \/ Hatchback (170)<br \/>\n0.9 iE (170CF), A\u00f1o 07.1991 &#8211; 02.1998, 899 ccm, 39 cv<br \/>\n1.1 iE (170AH), A\u00f1o 10.1994 &#8211; 02.1998, 1108 ccm, 54 cv<\/p>\n<p>ALFA ROMEO 145 (930)<br \/>\n1.4 i.e. (930.A3), A\u00f1o 07.1994 &#8211; 12.1996, 1351 ccm, 90 cv<br \/>\n1.4 i.e. 16V T.S. (930.A3A), A\u00f1o 12.1996 &#8211; 01.2001, 1370 ccm, 103 cv<br \/>\n1.6 16V T.S. (930.A2C), A\u00f1o 09.1997 &#8211; 12.2000, 1598 ccm, 112 cv<br \/>\n1.6 i.e. (930.A2), A\u00f1o 10.1994 &#8211; 12.1996, 1596 ccm, 103 cv<br \/>\n1.6 i.e. 16V T.S. (930.A2), A\u00f1o 12.1996 &#8211; 01.2001, 1598 ccm, 120 cv<br \/>\n1.7 i.e. 16V (930.A1), A\u00f1o 10.1994 &#8211; 12.1996, 1712 ccm, 129 cv<br \/>\n1.8 i.e. 16V (930.A1A), A\u00f1o 03.1998 &#8211; 01.2001, 1747 ccm, 144 cv<br \/>\n1.8 i.e. 16V T.S. (930.A1A), A\u00f1o 12.1996 &#8211; 12.1998, 1747 ccm, 140 cv<br \/>\n1.9 JTD (930.A4B), A\u00f1o 02.1999 &#8211; 01.2001, 1910 ccm, 105 cv<br \/>\n1.9 TD (930.A4), A\u00f1o 10.1994 &#8211; 02.1999, 1929 ccm, 90 cv<br \/>\n2.0 16V (930.A5), A\u00f1o 03.1998 &#8211; 01.2001, 1970 ccm, 155 cv<br \/>\n2.0 16V T.S. (930.A5), A\u00f1o 10.1995 &#8211; 01.2001, 1970 ccm, 150 cv<br \/>\nALFA ROMEO 155 (167)<br \/>\n1.6 16V T.S. (167.A6A), A\u00f1o 05.1996 &#8211; 12.1997, 1598 ccm, 120 cv<br \/>\n1.7 T.S., A\u00f1o 04.1993 &#8211; 04.1996, 1748 ccm, 115 cv<br \/>\n1.7 T.S. (167.A4G), A\u00f1o 04.1993 &#8211; 04.1996, 1748 ccm, 113 cv<br \/>\n1.7 T.S. 16V (167.A4N), A\u00f1o 05.1996 &#8211; 12.1997, 1747 ccm, 140 cv<br \/>\n1.8 T.S. (167.A4C, 167.A), A\u00f1o 02.1992 &#8211; 12.1997, 1756 ccm, 105 cv<br \/>\n1.8 T.S. (167A4), A\u00f1o 02.1992 &#8211; 05.1994, 1773 ccm, 129 cv<br \/>\n1.8 T.S. Sport (167.A4A, 167.A4C, 167.A4E), A\u00f1o 03.1992 &#8211; 12.1996, 1773 ccm, 127 cv<br \/>\n1.9 TD (167.A3B, 167.A3), A\u00f1o 04.1993 &#8211; 12.1997, 1929 ccm, 90 cv<br \/>\n2.0 16V Turbo Q4, A\u00f1o 01.1992 &#8211; 12.1997, 1995 ccm, 186 cv<br \/>\n2.0 16V Turbo Q4 (167.A2B, 167.A2C, 167.A2E), A\u00f1o 03.1992 &#8211; 12.1997, 1995 ccm, 190 cv<br \/>\n2.0 T.S. (167.A2A, 167.A2D), A\u00f1o 02.1992 &#8211; 05.1995, 1995 ccm, 141 cv<br \/>\n2.0 T.S. (167.A2D), A\u00f1o 02.1992 &#8211; 01.1995, 1995 ccm, 144 cv<br \/>\n2.0 T.S. 16V, A\u00f1o 03.1995 &#8211; 12.1997, 1970 ccm, 150 cv<br \/>\n2.5 TD (167.A1A, 167.A1G), A\u00f1o 04.1993 &#8211; 12.1997, 2499 ccm, 125 cv<br \/>\n2.5 V6 (167.A1C, 167.A1), A\u00f1o 03.1992 &#8211; 05.1995, 2492 ccm, 165 cv<br \/>\n2.5 V6 (167.A1C, 167.A1E), A\u00f1o 09.1992 &#8211; 12.1997, 2492 ccm, 163 cv<br \/>\nALFA ROMEO 33 Hatchback (907A)<br \/>\n1.4 i.e., A\u00f1o 06.1991 &#8211; 09.1994, 1351 ccm, 90 cv<br \/>\n1.5 i.e (907A2B), A\u00f1o 01.1990 &#8211; 09.1994, 1490 ccm, 97 cv<br \/>\n1.5 i.e., A\u00f1o 07.1990 &#8211; 08.1991, 1490 ccm, 101 cv<br \/>\n1.7 i.e., A\u00f1o 04.1992 &#8211; 09.1994, 1712 ccm, 105 cv<br \/>\n1.7 i.e., A\u00f1o 01.1990 &#8211; 09.1994, 1712 ccm, 107 cv<br \/>\nALFA ROMEO 33 Sportwagon (907B)<br \/>\n1.4 i.e. (907B3B), A\u00f1o 06.1991 &#8211; 09.1994, 1351 ccm, 90 cv<br \/>\n1.5 i.e (907B2B), A\u00f1o 01.1990 &#8211; 09.1994, 1490 ccm, 97 cv<br \/>\n1.7 i.e., A\u00f1o 04.1992 &#8211; 09.1994, 1712 ccm, 105 cv<br \/>\n1.7 i.e., A\u00f1o 01.1990 &#8211; 03.1992, 1712 ccm, 107 cv<br \/>\n1.7 i.e. 4&#215;4 (907B1D), A\u00f1o 04.1992 &#8211; 09.1994, 1712 ccm, 105 cv<br \/>\nALFA ROMEO 146 (930)<br \/>\n1.4 i.e. (930.B3), A\u00f1o 12.1994 &#8211; 12.1996, 1351 ccm, 90 cv<br \/>\n1.4 i.e. 16V T.S. (930.B3A), A\u00f1o 11.1996 &#8211; 01.2001, 1370 ccm, 103 cv<br \/>\n1.6 16V T.S. (930.B2C), A\u00f1o 09.1997 &#8211; 12.2000, 1598 ccm, 112 cv<br \/>\n1.6 i.e. (930.B2), A\u00f1o 12.1994 &#8211; 12.1996, 1596 ccm, 103 cv<br \/>\n1.6 i.e. 16V T.S. (930.B2B, 930.B2C), A\u00f1o 11.1996 &#8211; 10.2001, 1598 ccm, 120 cv<br \/>\n1.7 i.e. 16V (930.B1), A\u00f1o 12.1994 &#8211; 12.1996, 1712 ccm, 129 cv<br \/>\n1.8 i.e. 16V T.S. (930.B1A), A\u00f1o 11.1996 &#8211; 01.2001, 1747 ccm, 140 cv<br \/>\n1.8 i.e. 16V T.S. (930.B1A), A\u00f1o 03.1998 &#8211; 01.2001, 1747 ccm, 144 cv<br \/>\n1.9 JTD (930.B4B), A\u00f1o 02.1999 &#8211; 01.2001, 1910 ccm, 105 cv<br \/>\n1.9 TD (930.B4A), A\u00f1o 12.1994 &#8211; 02.1999, 1929 ccm, 90 cv<br \/>\n2.0 16V (930.B5), A\u00f1o 03.1997 &#8211; 10.2001, 1970 ccm, 155 cv<br \/>\n2.0 16V T.S. (930.B5), A\u00f1o 10.1995 &#8211; 01.2001, 1970 ccm, 150 cv<\/p>\n<p>LANCIA Dedra Berlina (835)<br \/>\n1.6 16V, A\u00f1o 01.1996 &#8211; 07.1999, 1581 ccm, 103 cv<br \/>\n1.6 i.e., A\u00f1o 08.1989 &#8211; 06.1994, 1581 ccm, 90 cv<br \/>\n1.6 i.e., A\u00f1o 08.1989 &#8211; 03.1993, 1581 ccm, 78 cv<br \/>\n1.6 i.e., A\u00f1o 04.1993 &#8211; 07.1999, 1581 ccm, 75 cv<br \/>\n1.6 LE Cat (835EB), A\u00f1o 07.1994 &#8211; 07.1999, 1581 ccm, 90 cv<br \/>\n1.8 16V LE, A\u00f1o 03.1996 &#8211; 07.1999, 1747 ccm, 113 cv<br \/>\n1.8 GT 16V, A\u00f1o 03.1996 &#8211; 07.1999, 1747 ccm, 131 cv<br \/>\n1.8 i.e., A\u00f1o 09.1989 &#8211; 06.1994, 1756 ccm, 109 cv<br \/>\n1.8 i.e., A\u00f1o 08.1993 &#8211; 07.1999, 1756 ccm, 90 cv<br \/>\n1.8 i.e., A\u00f1o 09.1989 &#8211; 07.1999, 1756 ccm, 105 cv<br \/>\n1.8 i.e., A\u00f1o 07.1994 &#8211; 07.1999, 1756 ccm, 101 cv<br \/>\n1.9 TDS, A\u00f1o 04.1989 &#8211; 07.1999, 1929 ccm, 90 cv<br \/>\n2.0 16V, A\u00f1o 07.1994 &#8211; 07.1999, 1995 ccm, 139 cv<br \/>\n2.0 HF Integrale, A\u00f1o 11.1990 &#8211; 07.1994, 1995 ccm, 169 cv<br \/>\n2.0 i.e., A\u00f1o 09.1989 &#8211; 07.1992, 1995 ccm, 117 cv<br \/>\n2.0 i.e., A\u00f1o 09.1989 &#8211; 07.1999, 1995 ccm, 113 cv<br \/>\n2.0 i.e. Turbo, A\u00f1o 04.1991 &#8211; 07.1999, 1995 ccm, 162 cv<br \/>\n2.0 i.e. Turbo Integrale (835AO), A\u00f1o 04.1990 &#8211; 08.1991, 1995 ccm, 165 cv<br \/>\n2.0 Turbo, A\u00f1o 11.1990 &#8211; 06.1994, 1995 ccm, 177 cv<br \/>\nLANCIA Dedra Familiar (835)<br \/>\n1.6, A\u00f1o 10.1994 &#8211; 07.1999, 1581 ccm, 90 cv<br \/>\n1.6 16V, A\u00f1o 01.1996 &#8211; 07.1999, 1581 ccm, 103 cv<br \/>\n1.8 16V LE, A\u00f1o 03.1996 &#8211; 07.1999, 1747 ccm, 113 cv<br \/>\n1.8 GT 16V, A\u00f1o 03.1996 &#8211; 07.1999, 1747 ccm, 131 cv<br \/>\n1.8 i.e., A\u00f1o 07.1994 &#8211; 07.1999, 1756 ccm, 101 cv<br \/>\n1.9 TDS, A\u00f1o 07.1994 &#8211; 07.1999, 1929 ccm, 90 cv<br \/>\n2.0 16V, A\u00f1o 07.1994 &#8211; 07.1999, 1995 ccm, 139 cv<br \/>\n2.0 Integrale, A\u00f1o 07.1994 &#8211; 07.1999, 1995 ccm, 139 cv<br \/>\nLANCIA Delta II (836)<br \/>\n1.4 i.e., A\u00f1o 10.1994 &#8211; 08.1999, 1372 ccm, 69 cv<br \/>\n1.6 i.e., A\u00f1o 06.1993 &#8211; 08.1999, 1581 ccm, 75 cv<br \/>\n1.6 i.e., A\u00f1o 03.1996 &#8211; 08.1999, 1581 ccm, 90 cv<br \/>\n1.6 i.e. 16V, A\u00f1o 01.1996 &#8211; 08.1999, 1581 ccm, 103 cv<br \/>\n1.8 i.e., A\u00f1o 06.1993 &#8211; 08.1999, 1756 ccm, 103 cv<br \/>\n1.8 i.e., A\u00f1o 07.1994 &#8211; 08.1999, 1756 ccm, 90 cv<br \/>\n1.8 i.e. 16V, A\u00f1o 03.1996 &#8211; 08.1999, 1747 ccm, 113 cv<br \/>\n1.8 i.e. 16V GT, A\u00f1o 03.1996 &#8211; 08.1999, 1747 ccm, 131 cv<br \/>\n1.9 TD, A\u00f1o 10.1994 &#8211; 08.1999, 1929 ccm, 90 cv<br \/>\n2.0 16V, A\u00f1o 06.1993 &#8211; 08.1999, 1995 ccm, 139 cv<br \/>\n2.0 16V Turbo, A\u00f1o 06.1993 &#8211; 08.1999, 1995 ccm, 186 cv<br \/>\n2.0 16V Turbo, A\u00f1o 07.1996 &#8211; 08.1999, 1995 ccm, 193 cv<br \/>\nLANCIA Y10 (156)<br \/>\n1.1 Fire (156AG), A\u00f1o 01.1995 &#8211; 12.1995, 1108 ccm, 54 cv<br \/>\n1.1 Fire A las 4 ruedas (156AG), A\u00f1o 01.1995 &#8211; 12.1995, 1108 ccm, 54 cv<br \/>\nLANCIA Y (840)<br \/>\n1.1, A\u00f1o 11.1995 &#8211; 09.2003, 1108 ccm, 54 cv<br \/>\n1.2, A\u00f1o 03.1996 &#8211; 09.2003, 1242 ccm, 60 cv<br \/>\n1.2 16V, A\u00f1o 10.2000 &#8211; 09.2003, 1242 ccm, 80 cv<br \/>\nLANCIA Ypsilon II (843)<br \/>\n1.2 (843.AXB1A), A\u00f1o 10.2003 &#8211; 12.2011, 1242 ccm, 80 cv<br \/>\n1.3 D Multijet (843.AXE11, 843.AXE1A), A\u00f1o 09.2006 &#8211; 12.2011, 1248 ccm, 90 cv<br \/>\n1.3 D Multijet (843.AXF11, 843.AXF1A, 843.AXM11,&#8230;, A\u00f1o 09.2006 &#8211; 12.2011, 1248 ccm, 75 cv<br \/>\n1.3 D Multijet (843.AXH1A, 843.AXE1A), A\u00f1o 05.2007 &#8211; 12.2011, 1248 ccm, 105 cv<br \/>\n1.3 JTD (843.AXD11, 843.AXD1A), A\u00f1o 10.2003 &#8211; 12.2011, 1248 ccm, 70 cv<br \/>\n1.4 (843.AXG1A), A\u00f1o 02.2006 &#8211; 12.2011, 1368 ccm, 78 cv<br \/>\n1.4 16V (843.AXC11, 843.AXC1B, 843.AXC1A), A\u00f1o 10.2003 &#8211; 12.2011, 1368 ccm, 95 cv<br \/>\n1.4 LPG (843.AXG1A), A\u00f1o 11.2010 &#8211; 12.2011, 1368 ccm, 78 cv<br \/>\nLANCIA Musa (350)<br \/>\n1.3 D Multijet (350.AXM11, 350.AXM1A, 350.AXI1A), A\u00f1o 03.2009 &#8211; 09.2012, 1248 ccm, 95 cv<br \/>\n1.6 D Multijet (350.AXH1A), A\u00f1o 07.2008 &#8211; 09.2012, 1598 ccm, 120 cv<br \/>\n1.6 D Multijet (350.AXL1A, 350.AXH1A), A\u00f1o 07.2008 &#8211; 09.2012, 1598 ccm, 116 cv<\/p>\n<p>LA PIEZA ES NUEVA Y ORIGINAL.<\/p>\n","protected":false},"excerpt":{"rendered":"<p>Disco de freno de: Di\u00e1metro: 240 mm Di\u00e1metro de centrado: 59 mm Espesor de disco de frenos: 11 mm FIAT Cinquecento (170) 0.7, A\u00f1o 12.1991 &#8211; 01.1996, 704 ccm, 31 cv 0.7 i, A\u00f1o 07.1994 &#8211; 01.1998, 704 ccm, 30 cv 0.9, A\u00f1o 07.1991 &#8211; 12.1993, 903 ccm, 41 cv 0.9 i.e. (170AC), A\u00f1o 07.1991 [&hellip;]<\/p>\n","protected":false},"featured_media":85373,"template":"","meta":{"_seopress_robots_primary_cat":"","_seopress_titles_title":"","_seopress_titles_desc":"","_seopress_robots_index":""},"product_cat":[45,46,48,43,74,16,80,82,84,85,117,118,20,93,21,95,121,98,99,101,106,111,112,126,127],"product_tag":[],"class_list":{"0":"post-85371","1":"product","2":"type-product","3":"status-publish","4":"has-post-thumbnail","6":"product_cat-recambios-alfa-romeo-145","7":"product_cat-recambios-alfa-romeo-146","8":"product_cat-recambios-alfa-romeo-155","9":"product_cat-recambios-alfa-romeo-33","10":"product_cat-recambios-fiat-500","11":"product_cat-recambios-alfa-romeo","12":"product_cat-recambios-fiat-barchetta","13":"product_cat-recambios-fiat-bravo","14":"product_cat-recambios-fiat-cinquecento","15":"product_cat-recambios-fiat-coupe","16":"product_cat-recambios-lancia-dedra","17":"product_cat-recambios-lancia-delta","18":"product_cat-recambios-fiat","19":"product_cat-recambios-fiat-idea","20":"product_cat-recambios-lancia","21":"product_cat-recambios-fiat-marea","22":"product_cat-recambios-lancia-musa","23":"product_cat-recambios-fiat-palio","24":"product_cat-recambios-fiat-panda","25":"product_cat-recambios-fiat-punto","26":"product_cat-recambios-fiat-seicento","27":"product_cat-recambios-fiat-tempra","28":"product_cat-recambios-fiat-tipo","29":"product_cat-recambios-lancia-y10","30":"product_cat-recambios-lancia-ypsilon","32":"first","33":"instock","34":"taxable","35":"shipping-taxable","36":"purchasable","37":"product-type-simple"},"_links":{"self":[{"href":"https:\/\/galicianparts.com\/shop\/wp-json\/wp\/v2\/product\/85371"}],"collection":[{"href":"https:\/\/galicianparts.com\/shop\/wp-json\/wp\/v2\/product"}],"about":[{"href":"https:\/\/galicianparts.com\/shop\/wp-json\/wp\/v2\/types\/product"}],"wp:featuredmedia":[{"embeddable":true,"href":"https:\/\/galicianparts.com\/shop\/wp-json\/wp\/v2\/media\/85373"}],"wp:attachment":[{"href":"https:\/\/galicianparts.com\/shop\/wp-json\/wp\/v2\/media?parent=85371"}],"wp:term":[{"taxonomy":"product_cat","embeddable":true,"href":"https:\/\/galicianparts.com\/shop\/wp-json\/wp\/v2\/product_cat?post=85371"},{"taxonomy":"product_tag","embeddable":true,"href":"https:\/\/galicianparts.com\/shop\/wp-json\/wp\/v2\/product_tag?post=85371"}],"curies":[{"name":"wp","href":"https:\/\/api.w.org\/{rel}","templated":true}]}}