{"id":85690,"date":"2024-03-27T10:00:05","date_gmt":"2024-03-27T08:00:05","guid":{"rendered":"https:\/\/galicianparts.com\/shop\/producto\/5944268-tapon-radiador-refrigeracion-lancia-y10-1988-1992-nuevo-original\/"},"modified":"2024-05-17T11:10:04","modified_gmt":"2024-05-17T09:10:04","slug":"5944268-tapon-radiador-refrigeracion-lancia-y10-1988-1992-nuevo-original","status":"publish","type":"product","link":"https:\/\/galicianparts.com\/shop\/producto\/5944268-tapon-radiador-refrigeracion-lancia-y10-1988-1992-nuevo-original\/","title":{"rendered":"5944268 Tap\u00f3n Radiador Refrigeraci\u00f3n Fiat 127 \/131 \/Ritmo \/128\/ X1\/9 \/242 \/132 NUEVO"},"content":{"rendered":"<p>Tap\u00f3n del dep\u00f3sito de refrigerante del motor de:<br \/>\nPresi\u00f3n: 0.9 Bar<br \/>\nDi\u00e1metro: 60 mm<br \/>\nDi\u00e1metro interior: 39 mm<br \/>\nAltura: 26 mm<\/p>\n<p>FIAT \u2013 127 900cc \/ 1050cc<br \/>\nFIAT \u2013 128 C-CL 1.1\/1.3<br \/>\nFIAT \u2013 RITMO 60L 1050cc<br \/>\nFIAT \u2013 RITMO 60 L-CL \/ 65 L-CL \/ 75 L-CL \/ 75 SUPER \/ 85 SUPER<br \/>\nFIAT \u2013 RITMO DIESEL<br \/>\nFIAT \u2013 X1\/9<br \/>\nFIAT \u2013 X1\/9 5 VELOCIDADES<br \/>\nFIAT \u2013 131 L-CL 1.3 \/ 1.6<br \/>\nFIAT \u2013 131 CL ACT<br \/>\nFIAT \u2013 131 SUPER 1.3 \/ 1.6 \/ DIESEL<br \/>\nFIAT \u2013 ARGENTA 1.6 \/ 2.0 \/ DIESEL<br \/>\nFIAT \u2013 132 DIESEL<br \/>\nFIAT \u2013 130 3.2cc<br \/>\nFIAT \u2013 127 FIORINO 900cc \/ 1050cc<br \/>\nFIAT \u2013 238 E<br \/>\nFIAT \u2013 242 1.6 \/ 2.0 GASOLINA<br \/>\nFIAT \u2013 242 E GASOLINA<br \/>\nFIAT \u2013 CAMPAGNOLA DIESEL<br \/>\nLANCIA &#8211; ZL Y10 FL.89 (1988-1992) 4WD<br \/>\nAUTOBIANCHI &#8211; Y10 (1988-1992)<\/p>\n<p>LA PIEZA ES NUEVA Y ORIGINAL.<\/p>\n","protected":false},"excerpt":{"rendered":"<p>Tap\u00f3n del dep\u00f3sito de refrigerante del motor de: Presi\u00f3n: 0.9 Bar Di\u00e1metro: 60 mm Di\u00e1metro interior: 39 mm Altura: 26 mm FIAT \u2013 127 900cc \/ 1050cc FIAT \u2013 128 C-CL 1.1\/1.3 FIAT \u2013 RITMO 60L 1050cc FIAT \u2013 RITMO 60 L-CL \/ 65 L-CL \/ 75 L-CL \/ 75 SUPER \/ 85 SUPER FIAT [&hellip;]<\/p>\n","protected":false},"featured_media":85694,"template":"","meta":{"_seopress_robots_primary_cat":"","_seopress_titles_title":"","_seopress_titles_desc":"","_seopress_robots_index":""},"product_cat":[25,21,64,126],"product_tag":[],"class_list":{"0":"post-85690","1":"product","2":"type-product","3":"status-publish","4":"has-post-thumbnail","6":"product_cat-recambios-autobianchi","7":"product_cat-recambios-lancia","8":"product_cat-recambios-autobianchi-y10","9":"product_cat-recambios-lancia-y10","11":"first","12":"outofstock","13":"taxable","14":"shipping-taxable","15":"purchasable","16":"product-type-simple"},"_links":{"self":[{"href":"https:\/\/galicianparts.com\/shop\/wp-json\/wp\/v2\/product\/85690"}],"collection":[{"href":"https:\/\/galicianparts.com\/shop\/wp-json\/wp\/v2\/product"}],"about":[{"href":"https:\/\/galicianparts.com\/shop\/wp-json\/wp\/v2\/types\/product"}],"wp:featuredmedia":[{"embeddable":true,"href":"https:\/\/galicianparts.com\/shop\/wp-json\/wp\/v2\/media\/85694"}],"wp:attachment":[{"href":"https:\/\/galicianparts.com\/shop\/wp-json\/wp\/v2\/media?parent=85690"}],"wp:term":[{"taxonomy":"product_cat","embeddable":true,"href":"https:\/\/galicianparts.com\/shop\/wp-json\/wp\/v2\/product_cat?post=85690"},{"taxonomy":"product_tag","embeddable":true,"href":"https:\/\/galicianparts.com\/shop\/wp-json\/wp\/v2\/product_tag?post=85690"}],"curies":[{"name":"wp","href":"https:\/\/api.w.org\/{rel}","templated":true}]}}