{"id":85855,"date":"2024-04-05T11:55:08","date_gmt":"2024-04-05T09:55:08","guid":{"rendered":"https:\/\/galicianparts.com\/shop\/producto\/4455753-rodamiento-guia-puerta-lateral-fiat-ducato-82-94-ciroen-c25-peugeot-j5-nuevo-original\/"},"modified":"2026-01-12T13:12:51","modified_gmt":"2026-01-12T11:12:51","slug":"4455753-rodamiento-guia-puerta-lateral-fiat-ducato-82-94-ciroen-c25-peugeot-j5-nuevo-original","status":"publish","type":"product","link":"https:\/\/galicianparts.com\/shop\/producto\/4455753-rodamiento-guia-puerta-lateral-fiat-ducato-82-94-ciroen-c25-peugeot-j5-nuevo-original\/","title":{"rendered":"4455753 Rodamiento gu\u00eda puerta lateral Fiat Ducato (82-94) Ciroen C25 \/Peugeot J5 NUEVO ORIGINAL"},"content":{"rendered":"<p>4455752 Rodamiento del pat\u00edn de la gu\u00eda central de la puerta de corredera lateral de:<br \/>\nDi\u00e1metro exterior: 23mm<br \/>\nFIAT DUCATO (1982-1990)<br \/>\nFIAT PROFESSIONAL &#8211; ND DUCATO 4X4 R.90 (1990-1994) FURGON \/ SUPERCOMBI<br \/>\nFIAT PROFESSIONAL &#8211; NB NUOVO DUCATO BZ R.90 (1990-1994)<br \/>\nFIAT PROFESSIONAL &#8211; NA NUOVO DUCATO DS.R.90 (1990-1994)<br \/>\nCITROEN C25<br \/>\nPEUGEOT J5<\/p>\n<p>LA PIEZA ES NUEVA Y ORIGINAL.<\/p>\n","protected":false},"excerpt":{"rendered":"<p>4455752 Rodamiento del pat\u00edn de la gu\u00eda central de la puerta de corredera lateral de: Di\u00e1metro exterior: 23mm FIAT DUCATO (1982-1990) FIAT PROFESSIONAL &#8211; ND DUCATO 4X4 R.90 (1990-1994) FURGON \/ SUPERCOMBI FIAT PROFESSIONAL &#8211; NB NUOVO DUCATO BZ R.90 (1990-1994) FIAT PROFESSIONAL &#8211; NA NUOVO DUCATO DS.R.90 (1990-1994) CITROEN C25 PEUGEOT J5 LA PIEZA [&hellip;]<\/p>\n","protected":false},"featured_media":85856,"template":"","meta":{"_seopress_robots_primary_cat":"","_seopress_titles_title":"","_seopress_titles_desc":"","_seopress_robots_index":""},"product_cat":[132,23,88,20,157,24],"product_tag":[],"class_list":{"0":"post-85855","1":"product","2":"type-product","3":"status-publish","4":"has-post-thumbnail","6":"product_cat-recambios-citroen-c25","7":"product_cat-recambios-citroen","8":"product_cat-recambios-fiat-ducato","9":"product_cat-recambios-fiat","10":"product_cat-recambios-peugeot-j5","11":"product_cat-recambios-peugeot","13":"first","14":"instock","15":"taxable","16":"shipping-taxable","17":"purchasable","18":"product-type-simple"},"_links":{"self":[{"href":"https:\/\/galicianparts.com\/shop\/wp-json\/wp\/v2\/product\/85855"}],"collection":[{"href":"https:\/\/galicianparts.com\/shop\/wp-json\/wp\/v2\/product"}],"about":[{"href":"https:\/\/galicianparts.com\/shop\/wp-json\/wp\/v2\/types\/product"}],"wp:featuredmedia":[{"embeddable":true,"href":"https:\/\/galicianparts.com\/shop\/wp-json\/wp\/v2\/media\/85856"}],"wp:attachment":[{"href":"https:\/\/galicianparts.com\/shop\/wp-json\/wp\/v2\/media?parent=85855"}],"wp:term":[{"taxonomy":"product_cat","embeddable":true,"href":"https:\/\/galicianparts.com\/shop\/wp-json\/wp\/v2\/product_cat?post=85855"},{"taxonomy":"product_tag","embeddable":true,"href":"https:\/\/galicianparts.com\/shop\/wp-json\/wp\/v2\/product_tag?post=85855"}],"curies":[{"name":"wp","href":"https:\/\/api.w.org\/{rel}","templated":true}]}}