{"id":86125,"date":"2024-04-12T11:13:07","date_gmt":"2024-04-12T09:13:07","guid":{"rendered":"https:\/\/galicianparts.com\/shop\/producto\/7301481-junta-tapa-valvulas-fiat-131-uno-ducato-lancia-delta-i-prisma-alfa-seat-original\/"},"modified":"2024-12-24T12:30:13","modified_gmt":"2024-12-24T10:30:13","slug":"7301481-junta-tapa-valvulas-fiat-131-uno-ducato-lancia-delta-i-prisma-alfa-seat-original","status":"publish","type":"product","link":"https:\/\/galicianparts.com\/shop\/producto\/7301481-junta-tapa-valvulas-fiat-131-uno-ducato-lancia-delta-i-prisma-alfa-seat-original\/","title":{"rendered":"7301481 Junta tapa v\u00e1lvulas Fiat 131 \/Uno \/Ducato \/Lancia Delta I \/Prisma \/Alfa \/Seat ORIGINAL"},"content":{"rendered":"<p>Junta de la tapa superior del motor de:<br \/>\nFIAT Regata Berlina (138)<br \/>\n1.6 Super 100, A\u00f1o 10.1983 &#8211; 12.1990, 1585 ccm, 101 cv<br \/>\nFIAT 131 (131)<br \/>\n2.5 D, A\u00f1o 06.1978 &#8211; 02.1984, 2445 ccm, 72 cv<br \/>\nFIAT Argenta (132)<br \/>\n2.0 Volumex, A\u00f1o 06.1984 &#8211; 07.1985, 1995 ccm, 135 cv<br \/>\nFIAT Uno Hatchback (146)<br \/>\n1.3 Turbo i.e., A\u00f1o 09.1989 &#8211; 03.1991, 1301 ccm, 101 cv<br \/>\n1.1 i.e. 50, A\u00f1o 06.1992 &#8211; 12.1993, 1116 ccm, 49 cv<br \/>\n75 i.e. 1.5, A\u00f1o 10.1985 &#8211; 12.1993, 1498 ccm, 75 cv<br \/>\nFIAT Ducato I (290)<br \/>\n2.5 D, A\u00f1o 07.1990 &#8211; 03.1994, 2500 ccm, 75 cv<br \/>\n2.5 D 4&#215;4, A\u00f1o 07.1990 &#8211; 03.1994, 2500 ccm, 75 cv<br \/>\n2.5 TD, A\u00f1o 06.1990 &#8211; 05.1994, 2499 ccm, 95 cv<br \/>\n2.5 TD 4&#215;4, A\u00f1o 01.1991 &#8211; 03.1994, 2500 ccm, 95 cv<br \/>\n2.5 TD 4&#215;4, A\u00f1o 06.1990 &#8211; 05.1994, 2499 ccm, 95 cv<br \/>\nFIAT Ducato I Furg\u00f3n (280)<br \/>\n2.4 D, A\u00f1o 01.1982 &#8211; 08.1990, 2428 ccm, 72 cv<br \/>\n2.5 D, A\u00f1o 09.1986 &#8211; 05.1990, 2445 ccm, 75 cv<br \/>\n2.5 D 4&#215;4, A\u00f1o 09.1986 &#8211; 10.1987, 2445 ccm, 72 cv<br \/>\n2.5 D 4&#215;4, A\u00f1o 03.1989 &#8211; 08.1990, 2500 ccm, 75 cv<br \/>\n2.5 D 4&#215;4, A\u00f1o 09.1986 &#8211; 05.1990, 2445 ccm, 75 cv<br \/>\n2.5 TD, A\u00f1o 09.1986 &#8211; 05.1990, 2499 ccm, 92 cv<br \/>\n2.5 TD 4&#215;4, A\u00f1o 09.1986 &#8211; 09.1990, 2445 ccm, 92 cv<br \/>\nFIAT 132 (132_)<br \/>\n2.5 D, A\u00f1o 07.1978 &#8211; 07.1982, 2445 ccm, 72 cv<br \/>\nFIAT Ducato I (280)<br \/>\n2.4 D, A\u00f1o 07.1982 &#8211; 12.1985, 2428 ccm, 72 cv<br \/>\n2.5 D, A\u00f1o 09.1986 &#8211; 05.1990, 2499 ccm, 92 cv<br \/>\n2.5 D 4&#215;4, A\u00f1o 01.1987 &#8211; 08.1990, 2500 ccm, 75 cv<br \/>\n2.5 D 4&#215;4, A\u00f1o 09.1986 &#8211; 05.1990, 2499 ccm, 92 cv<br \/>\n2.5 TD, A\u00f1o 01.1987 &#8211; 08.1990, 2445 ccm, 92 cv<br \/>\n2.5 TD 4&#215;4, A\u00f1o 01.1986 &#8211; 08.1990, 2445 ccm, 92 cv<br \/>\nFIAT Nuova Campagnola<br \/>\n2.4 D, A\u00f1o 06.1974 &#8211; 10.1989, 2445 ccm, 72 cv<\/p>\n<p>LANCIA A 112 Hatchback<br \/>\n0.9 Junior (A112B\/2), A\u00f1o 03.1981 &#8211; 06.1986, 903 ccm, 40 cv<br \/>\nLANCIA Delta I (831)<br \/>\n1.3, A\u00f1o 09.1979 &#8211; 08.1992, 1301 ccm, 75 cv<br \/>\n1.5, A\u00f1o 09.1979 &#8211; 12.1992, 1498 ccm, 86 cv<br \/>\nLANCIA Prisma (831)<br \/>\n1.6 (831AB), A\u00f1o 01.1983 &#8211; 04.1986, 1585 ccm, 105 cv<br \/>\n1.6 i.e. Super (831AB), A\u00f1o 05.1987 &#8211; 12.1989, 1585 ccm, 90 cv<br \/>\n1.9 Turbo Diesel (831AB), A\u00f1o 05.1985 &#8211; 12.1989, 1928 ccm, 80 cv<br \/>\n2.0 i.e. A las 4 ruedas (831AB), A\u00f1o 04.1986 &#8211; 12.1989, 1995 ccm, 115 cv<br \/>\nLANCIA Y10 (156)<br \/>\n1.0 Fire Catalytic-Conv (156AE), A\u00f1o 10.1987 &#8211; 02.1992, 999 ccm, 45 cv<br \/>\n1.1 i.e. Fire, A\u00f1o 07.1989 &#8211; 09.1995, 1108 ccm, 50 cv<\/p>\n<p>ALFA ROMEO AR6 Furg\u00f3n (280)<br \/>\n2.4 D (280), A\u00f1o 04.1985 &#8211; 02.1986, 2445 ccm, 72 cv<br \/>\n2.4 TD (280), A\u00f1o 09.1986 &#8211; 12.1989, 2445 ccm, 92 cv<br \/>\nALFA ROMEO AR8 (280)<br \/>\n2.4 D (280), A\u00f1o 04.1978 &#8211; 08.1986, 2445 ccm, 72 cv<br \/>\n2.4 TD (280), A\u00f1o 04.1985 &#8211; 12.1988, 2445 ccm, 92 cv<\/p>\n<p>PEUGEOT 205 I Hatchback<br \/>\n1.4, A\u00f1o 02.1983 &#8211; 10.1987, 1360 ccm, 80 cv<\/p>\n<p>SEAT 131 Berlina<br \/>\n2.4 Di\u00e9sel, A\u00f1o 06.1978 &#8211; 12.1986, 2445 ccm, 72 cv<\/p>\n<p>LA PIEZA ES NUEVA Y ORIGINAL.<\/p>\n","protected":false},"excerpt":{"rendered":"<p>Junta de la tapa superior del motor de: FIAT Regata Berlina (138) 1.6 Super 100, A\u00f1o 10.1983 &#8211; 12.1990, 1585 ccm, 101 cv FIAT 131 (131) 2.5 D, A\u00f1o 06.1978 &#8211; 02.1984, 2445 ccm, 72 cv FIAT Argenta (132) 2.0 Volumex, A\u00f1o 06.1984 &#8211; 07.1985, 1995 ccm, 135 cv FIAT Uno Hatchback (146) 1.3 Turbo [&hellip;]<\/p>\n","protected":false},"featured_media":86128,"template":"","meta":{"_seopress_robots_primary_cat":"","_seopress_titles_title":"","_seopress_titles_desc":"","_seopress_robots_index":""},"product_cat":[70,199,71,235,369,16,184,185,79,83,118,88,20,21,24,123,102,26,114,126],"product_tag":[],"class_list":{"0":"post-86125","1":"product","2":"type-product","3":"status-publish","4":"has-post-thumbnail","6":"product_cat-recambios-fiat-131","7":"product_cat-recambios-seat-131","8":"product_cat-recambios-fiat-132","9":"product_cat-recambios-peugeot-205","10":"product_cat-recambios-lancia-a112","11":"product_cat-recambios-alfa-romeo","12":"product_cat-recambios-alfa-romeo-ar6","13":"product_cat-recambios-alfa-romeo-ar8","14":"product_cat-recambios-fiat-argenta","15":"product_cat-recambios-fiat-campagnola","16":"product_cat-recambios-lancia-delta","17":"product_cat-recambios-fiat-ducato","18":"product_cat-recambios-fiat","19":"product_cat-recambios-lancia","20":"product_cat-recambios-peugeot","21":"product_cat-recambios-lancia-prisma","22":"product_cat-recambios-fiat-regata","23":"product_cat-recambios-seat","24":"product_cat-recambios-fiat-uno","25":"product_cat-recambios-lancia-y10","27":"first","28":"instock","29":"taxable","30":"shipping-taxable","31":"purchasable","32":"product-type-simple"},"_links":{"self":[{"href":"https:\/\/galicianparts.com\/shop\/wp-json\/wp\/v2\/product\/86125"}],"collection":[{"href":"https:\/\/galicianparts.com\/shop\/wp-json\/wp\/v2\/product"}],"about":[{"href":"https:\/\/galicianparts.com\/shop\/wp-json\/wp\/v2\/types\/product"}],"wp:featuredmedia":[{"embeddable":true,"href":"https:\/\/galicianparts.com\/shop\/wp-json\/wp\/v2\/media\/86128"}],"wp:attachment":[{"href":"https:\/\/galicianparts.com\/shop\/wp-json\/wp\/v2\/media?parent=86125"}],"wp:term":[{"taxonomy":"product_cat","embeddable":true,"href":"https:\/\/galicianparts.com\/shop\/wp-json\/wp\/v2\/product_cat?post=86125"},{"taxonomy":"product_tag","embeddable":true,"href":"https:\/\/galicianparts.com\/shop\/wp-json\/wp\/v2\/product_tag?post=86125"}],"curies":[{"name":"wp","href":"https:\/\/api.w.org\/{rel}","templated":true}]}}