{"id":86248,"date":"2024-04-16T11:36:31","date_gmt":"2024-04-16T09:36:31","guid":{"rendered":"https:\/\/galicianparts.com\/shop\/producto\/7642033-conector-porton-trasero-fiat-uno-1989-1995-nuevo-original\/"},"modified":"2025-07-09T11:09:47","modified_gmt":"2025-07-09T09:09:47","slug":"7642033-conector-porton-trasero-fiat-uno-1989-1995-nuevo-original","status":"publish","type":"product","link":"https:\/\/galicianparts.com\/shop\/producto\/7642033-conector-porton-trasero-fiat-uno-1989-1995-nuevo-original\/","title":{"rendered":"7642033 Conector port\u00f3n trasero Fiat Uno (1989-1995) NUEVO ORIGINAL"},"content":{"rendered":"<p>Conexi\u00f3n el\u00e9ctrica del limpialuna del port\u00f3n del maletero de:<br \/>\nFIAT &#8211; XS MILLE CLIP (1995-1997)<br \/>\nFIAT &#8211; MU UNO DIESEL R\/89 (1989-1995) CARGA\u00a0BASE \/ SUPER<br \/>\nFIAT &#8211; 1D UNO MONDO (1995-2010) SUPER \/ CHINA \/ RUSIA \/ EGIPTO \/ ESTE EUROPA \/ LX \/ PAKISTAN \/ 1000 CARB. \/ 1000 USA 83 \/ 1000 CF2 \/ 1370 CARB. \/ 1242 SPI CF2 \/ 1100 CARB. \/ 1697 DS EM08<br \/>\nFIAT &#8211; 1D UNO MONDO (1995-2010) MARUECOS \/ 1000 CARB. \/ 1000 USA 83 \/ 1000 CF2 \/ 1370 CARB. \/ 1242 SPI CF2 \/ 1100 CARB. \/ 1697 DS EM08<br \/>\nFIAT &#8211; 1D UNO MONDO (1995-2010) CARGA\u00a0BASE \/ INDIA \/ 1000 CARB. \/ 1000 USA 83 \/ 1000 CF2 \/ 1370 CARB. \/ 1242 SPI CF2 \/ 1100 CARB. \/ 1697 DS EM08<br \/>\nFIAT &#8211; MS UNO R\/89 1.1-1370-1.5 (1989-1995) CARGA\u00a0BASE \/ SUPER<br \/>\nFIAT &#8211; MR UNO R\/89 900-1.0-1.1 (1989-1995) CARGA\u00a0BASE \/ SUPER<\/p>\n<p>LA PIEZA ES NUEVA Y ORIGINAL.<\/p>\n","protected":false},"excerpt":{"rendered":"<p>Conexi\u00f3n el\u00e9ctrica del limpialuna del port\u00f3n del maletero de: FIAT &#8211; XS MILLE CLIP (1995-1997) FIAT &#8211; MU UNO DIESEL R\/89 (1989-1995) CARGA\u00a0BASE \/ SUPER FIAT &#8211; 1D UNO MONDO (1995-2010) SUPER \/ CHINA \/ RUSIA \/ EGIPTO \/ ESTE EUROPA \/ LX \/ PAKISTAN \/ 1000 CARB. \/ 1000 USA 83 \/ 1000 CF2 [&hellip;]<\/p>\n","protected":false},"featured_media":86249,"template":"","meta":{"_seopress_robots_primary_cat":"","_seopress_titles_title":"","_seopress_titles_desc":"","_seopress_robots_index":""},"product_cat":[20,114],"product_tag":[],"class_list":{"0":"post-86248","1":"product","2":"type-product","3":"status-publish","4":"has-post-thumbnail","6":"product_cat-recambios-fiat","7":"product_cat-recambios-fiat-uno","9":"first","10":"instock","11":"taxable","12":"shipping-taxable","13":"purchasable","14":"product-type-simple"},"_links":{"self":[{"href":"https:\/\/galicianparts.com\/shop\/wp-json\/wp\/v2\/product\/86248"}],"collection":[{"href":"https:\/\/galicianparts.com\/shop\/wp-json\/wp\/v2\/product"}],"about":[{"href":"https:\/\/galicianparts.com\/shop\/wp-json\/wp\/v2\/types\/product"}],"wp:featuredmedia":[{"embeddable":true,"href":"https:\/\/galicianparts.com\/shop\/wp-json\/wp\/v2\/media\/86249"}],"wp:attachment":[{"href":"https:\/\/galicianparts.com\/shop\/wp-json\/wp\/v2\/media?parent=86248"}],"wp:term":[{"taxonomy":"product_cat","embeddable":true,"href":"https:\/\/galicianparts.com\/shop\/wp-json\/wp\/v2\/product_cat?post=86248"},{"taxonomy":"product_tag","embeddable":true,"href":"https:\/\/galicianparts.com\/shop\/wp-json\/wp\/v2\/product_tag?post=86248"}],"curies":[{"name":"wp","href":"https:\/\/api.w.org\/{rel}","templated":true}]}}