{"id":86405,"date":"2024-04-19T11:57:54","date_gmt":"2024-04-19T09:57:54","guid":{"rendered":"https:\/\/galicianparts.com\/shop\/producto\/82355453-capuchon-bombilla-faro-delantero-lancia-beta-nuevo-original\/"},"modified":"2024-04-19T11:59:33","modified_gmt":"2024-04-19T09:59:33","slug":"82355453-capuchon-bombilla-faro-delantero-lancia-beta-nuevo-original","status":"publish","type":"product","link":"https:\/\/galicianparts.com\/shop\/producto\/82355453-capuchon-bombilla-faro-delantero-lancia-beta-nuevo-original\/","title":{"rendered":"82355453 Capuch\u00f3n bombilla faro delantero Lancia Beta NUEVO ORIGINAL"},"content":{"rendered":"<p>03230509 Protector con el cableado el\u00e9ctrico de la l\u00e1mpara de los faros delanteros de:<br \/>\nDi\u00e1metro soporte: 56 mm<\/p>\n<p>LANCIA &#8211; BETA<\/p>\n<p>LA PIEZA ES NUEVA Y ORIGINAL.<\/p>\n","protected":false},"excerpt":{"rendered":"<p>03230509 Protector con el cableado el\u00e9ctrico de la l\u00e1mpara de los faros delanteros de: Di\u00e1metro soporte: 56 mm LANCIA &#8211; BETA LA PIEZA ES NUEVA Y ORIGINAL.<\/p>\n","protected":false},"featured_media":86409,"template":"","meta":{"_seopress_robots_primary_cat":"","_seopress_titles_title":"","_seopress_titles_desc":"","_seopress_robots_index":""},"product_cat":[116,21],"product_tag":[],"class_list":{"0":"post-86405","1":"product","2":"type-product","3":"status-publish","4":"has-post-thumbnail","6":"product_cat-recambios-lancia-beta","7":"product_cat-recambios-lancia","9":"first","10":"instock","11":"taxable","12":"shipping-taxable","13":"purchasable","14":"product-type-simple"},"_links":{"self":[{"href":"https:\/\/galicianparts.com\/shop\/wp-json\/wp\/v2\/product\/86405"}],"collection":[{"href":"https:\/\/galicianparts.com\/shop\/wp-json\/wp\/v2\/product"}],"about":[{"href":"https:\/\/galicianparts.com\/shop\/wp-json\/wp\/v2\/types\/product"}],"wp:featuredmedia":[{"embeddable":true,"href":"https:\/\/galicianparts.com\/shop\/wp-json\/wp\/v2\/media\/86409"}],"wp:attachment":[{"href":"https:\/\/galicianparts.com\/shop\/wp-json\/wp\/v2\/media?parent=86405"}],"wp:term":[{"taxonomy":"product_cat","embeddable":true,"href":"https:\/\/galicianparts.com\/shop\/wp-json\/wp\/v2\/product_cat?post=86405"},{"taxonomy":"product_tag","embeddable":true,"href":"https:\/\/galicianparts.com\/shop\/wp-json\/wp\/v2\/product_tag?post=86405"}],"curies":[{"name":"wp","href":"https:\/\/api.w.org\/{rel}","templated":true}]}}