{"id":86415,"date":"2024-04-19T13:08:32","date_gmt":"2024-04-19T11:08:32","guid":{"rendered":"https:\/\/galicianparts.com\/shop\/producto\/7666769-pack-2-topes-sujecion-cables-tubos-fiat-lancia-citroen-peugeot-original\/"},"modified":"2024-05-23T20:01:58","modified_gmt":"2024-05-23T18:01:58","slug":"7666769-pack-2-topes-sujecion-cables-tubos-fiat-lancia-citroen-peugeot-original","status":"publish","type":"product","link":"https:\/\/galicianparts.com\/shop\/producto\/7666769-pack-2-topes-sujecion-cables-tubos-fiat-lancia-citroen-peugeot-original\/","title":{"rendered":"7666769 Pack 2 topes sujeci\u00f3n cables \/ tubos Fiat \/Lancia \/Citro\u00ebn \/Peugeot ORIGINAL"},"content":{"rendered":"<p>Juego, set de dos clips, abrazaderas de soporte de los manguitos de la inyecci\u00f3n, cables el\u00e9ctricos de la bater\u00eda, etc de:<br \/>\nDi\u00e1metro tope: 6 mm<br \/>\nDi\u00e1metro abrazadera: 20 mm<\/p>\n<p>FIAT &#8211; 1V BRAVA (1995-1998) 1580 MPI 16V 103CV<br \/>\nFIAT &#8211; 1V BRAVA (1995-1998) 1580 MPI 16V 90CV \/ 1580 MPI 16V EM 04<br \/>\nFIAT &#8211; 1M BRAVA G.98 (1998-2001) 1600 16V EM.04<br \/>\nFIAT &#8211; 1U BRAVO (1995-1998) 1580 MPI 16V 103CV \/ 1580 MPI 16V 90CV<br \/>\nFIAT &#8211; 1L BRAVO G.98 (1998-2001) 1600 16V \u00abSX\u00bb(RICONVERTITA)<br \/>\nFIAT &#8211; PT MAREA BENZINA (1996-1999) 1580 16V 103CV (75 KW)<br \/>\nFIAT &#8211; PT MAREA BENZINA (1996-1999) MOTOR 1580 BIPOWER<br \/>\nFIAT &#8211; 1Q MAREA BZ GAMMA&#8217;99 (1999-2002) 1600 DECAT.<br \/>\nFIAT &#8211; 1Q MAREA BZ GAMMA&#8217;99 (1999-2002) 1600 BI-POWER<br \/>\nFIAT &#8211; XS MILLE CLIP (1995-1997) 994 SPI<br \/>\nFIAT &#8211; XS MILLE CLIP (1995-1997) 1372 SPI<br \/>\nFIAT &#8211; 1D UNO MONDO (1995-2010) 1000 CARB. \/ 1000 USA 83 \/ 1000 CF2 \/ 1370 CARB. \/ 1100 CARB.<br \/>\nFIAT &#8211; 1D UNO MONDO (1995-2010) 1242 SPI CF2<br \/>\nFIAT &#8211; MS UNO R\/89 (1989-1995) 1116 \/ 1370 SPI \/ 1370 SPI USA&#8217;83 \/ 1370 DAV-15 \/ 1500 SPI USA&#8217;83 \/ 1370 CARB.<br \/>\nFIAT &#8211; MS UNO R\/89 (1989-1995) 1116 TREND<br \/>\nFIAT &#8211; MR UNO R\/89 (1989-1995) 903 \/ 1000 \/ 1108 \/ 1000 DAV. \/ 1000 USA&#8217;83 \/ 1108 USA&#8217;83 (51CV) \/ 1100 USA&#8217;83 (49CV)<br \/>\nLANCIA &#8211; SV KAPPA COUPE&#8217; (1997-2001) 2400 I.E.(838A2.000)<br \/>\nLANCIA &#8211; SP KAPPA BZ 2000-2400 (1994-2001) 2000 IE.(838A1.000) \/ 2400 IE.(838A2.000) \/ 2000 IE.(838A6.000) \/ 2400 IE. EM. 04<br \/>\nLANCIA &#8211; SF N.DELTA (1993-1999) 1580 CEE F2 16V 103CV \/ 1580 CEE F2 16V 90CV<br \/>\nLANCIA &#8211; TE YPSILON (2003-2009)<br \/>\nLANCIA &#8211; TI YPSILON (2009-2011)<br \/>\nFIAT PROFESSIONAL &#8211; 2J NUOVO DUCATO 2006 (2006-2014)<br \/>\nCITROEN &#8211; JUMPER (2006-2014)<br \/>\nPEUGEOT &#8211; BOXER (2006-2014)<\/p>\n<p>LA PIEZA ES NUEVA Y ORIGINAL.<\/p>\n","protected":false},"excerpt":{"rendered":"<p>Juego, set de dos clips, abrazaderas de soporte de los manguitos de la inyecci\u00f3n, cables el\u00e9ctricos de la bater\u00eda, etc de: Di\u00e1metro tope: 6 mm Di\u00e1metro abrazadera: 20 mm FIAT &#8211; 1V BRAVA (1995-1998) 1580 MPI 16V 103CV FIAT &#8211; 1V BRAVA (1995-1998) 1580 MPI 16V 90CV \/ 1580 MPI 16V EM 04 FIAT &#8211; [&hellip;]<\/p>\n","protected":false},"featured_media":86417,"template":"","meta":{"_seopress_robots_primary_cat":"","_seopress_titles_title":"","_seopress_titles_desc":"","_seopress_robots_index":""},"product_cat":[155,81,82,23,118,88,20,137,119,21,95,24,114,127],"product_tag":[],"class_list":{"0":"post-86415","1":"product","2":"type-product","3":"status-publish","4":"has-post-thumbnail","6":"product_cat-recambios-peugeot-boxer","7":"product_cat-recambios-fiat-brava","8":"product_cat-recambios-fiat-bravo","9":"product_cat-recambios-citroen","10":"product_cat-recambios-lancia-delta","11":"product_cat-recambios-fiat-ducato","12":"product_cat-recambios-fiat","13":"product_cat-recambios-citroen-jumper","14":"product_cat-recambios-lancia-kappa","15":"product_cat-recambios-lancia","16":"product_cat-recambios-fiat-marea","17":"product_cat-recambios-peugeot","18":"product_cat-recambios-fiat-uno","19":"product_cat-recambios-lancia-ypsilon","21":"first","22":"outofstock","23":"taxable","24":"shipping-taxable","25":"purchasable","26":"product-type-simple"},"_links":{"self":[{"href":"https:\/\/galicianparts.com\/shop\/wp-json\/wp\/v2\/product\/86415"}],"collection":[{"href":"https:\/\/galicianparts.com\/shop\/wp-json\/wp\/v2\/product"}],"about":[{"href":"https:\/\/galicianparts.com\/shop\/wp-json\/wp\/v2\/types\/product"}],"wp:featuredmedia":[{"embeddable":true,"href":"https:\/\/galicianparts.com\/shop\/wp-json\/wp\/v2\/media\/86417"}],"wp:attachment":[{"href":"https:\/\/galicianparts.com\/shop\/wp-json\/wp\/v2\/media?parent=86415"}],"wp:term":[{"taxonomy":"product_cat","embeddable":true,"href":"https:\/\/galicianparts.com\/shop\/wp-json\/wp\/v2\/product_cat?post=86415"},{"taxonomy":"product_tag","embeddable":true,"href":"https:\/\/galicianparts.com\/shop\/wp-json\/wp\/v2\/product_tag?post=86415"}],"curies":[{"name":"wp","href":"https:\/\/api.w.org\/{rel}","templated":true}]}}