{"id":86487,"date":"2024-04-25T13:09:30","date_gmt":"2024-04-25T11:09:30","guid":{"rendered":"https:\/\/galicianparts.com\/shop\/producto\/7302746-muelle-bomba-aceite-m-2-5-2-8-d-td-fiat-ducato-90-02-croma-thema-nuevo-original\/"},"modified":"2024-04-25T13:15:25","modified_gmt":"2024-04-25T11:15:25","slug":"7302746-muelle-bomba-aceite-m-2-5-2-8-d-td-fiat-ducato-90-02-croma-thema-nuevo-original","status":"publish","type":"product","link":"https:\/\/galicianparts.com\/shop\/producto\/7302746-muelle-bomba-aceite-m-2-5-2-8-d-td-fiat-ducato-90-02-croma-thema-nuevo-original\/","title":{"rendered":"7302746 Muelle bomba aceite M 2.5-2.8 D\/TD Fiat Ducato (90-02) Croma\/Thema NUEVO ORIGINAL"},"content":{"rendered":"<p>Resorte de la presi\u00f3n de la bomba de aceite del motor de:<br \/>\nLargo: 53mm<br \/>\nDi\u00e1metro exterior: 11,4mm<br \/>\nDi\u00e1metro interior: 8mm<\/p>\n<p>FIAT &#8211; MJ CROMA TURBO DS FL.90 (1990-1996) 2500 (8144.97) \/ 2500 (8144.97S)<br \/>\nFIAT &#8211; MJ CROMA TURBO DS FL.90 (1990-1996) 2500 (8144.97Y)<br \/>\nLANCIA &#8211; SZ THEMA BZ\/DS R.88 (1988-1992) 2500 TB\/DS (8144.97) \/ 2500 TB\/DS (8144.97S)EM.08<br \/>\nLANCIA &#8211; SC THEMA TURBO DS FL.92 (1992-1994)<br \/>\nFIAT PROFESSIONAL &#8211; ND DUCATO 4X4 R.90 (1990-1994) 2500 DIESEL<br \/>\nFIAT PROFESSIONAL &#8211; ND DUCATO 4X4 R.90 (1990-1994) 2500 TURBO DIESEL<br \/>\nFIAT PROFESSIONAL &#8211; PE DUCATO&#8217;94 DIESEL (1994-2002) 2500 DS \/ 2500 TD \/ 2500 TD EGR \/ 2500 TD ECO \/ 2800 TD \/ 2800 TD EGR \/ 2800 ASP.<br \/>\nFIAT PROFESSIONAL &#8211; PE DUCATO&#8217;94 DIESEL (1994-2002) 2800 JTD \/ 2800 JTD EGR<br \/>\nFIAT PROFESSIONAL &#8211; NA NUOVO DUCATO DS.R.90 (1990-1994) 2500 \/ 2500 TURBO<\/p>\n<p>LA PIEZA ES NUEVA Y ORIGINAL.<\/p>\n","protected":false},"excerpt":{"rendered":"<p>Resorte de la presi\u00f3n de la bomba de aceite del motor de: Largo: 53mm Di\u00e1metro exterior: 11,4mm Di\u00e1metro interior: 8mm FIAT &#8211; MJ CROMA TURBO DS FL.90 (1990-1996) 2500 (8144.97) \/ 2500 (8144.97S) FIAT &#8211; MJ CROMA TURBO DS FL.90 (1990-1996) 2500 (8144.97Y) LANCIA &#8211; SZ THEMA BZ\/DS R.88 (1988-1992) 2500 TB\/DS (8144.97) \/ 2500 [&hellip;]<\/p>\n","protected":false},"featured_media":86488,"template":"","meta":{"_seopress_robots_primary_cat":"","_seopress_titles_title":"","_seopress_titles_desc":"","_seopress_robots_index":""},"product_cat":[86,88,20,21,124],"product_tag":[],"class_list":{"0":"post-86487","1":"product","2":"type-product","3":"status-publish","4":"has-post-thumbnail","6":"product_cat-recambios-fiat-croma","7":"product_cat-recambios-fiat-ducato","8":"product_cat-recambios-fiat","9":"product_cat-recambios-lancia","10":"product_cat-recambios-lancia-thema","12":"first","13":"instock","14":"taxable","15":"shipping-taxable","16":"purchasable","17":"product-type-simple"},"_links":{"self":[{"href":"https:\/\/galicianparts.com\/shop\/wp-json\/wp\/v2\/product\/86487"}],"collection":[{"href":"https:\/\/galicianparts.com\/shop\/wp-json\/wp\/v2\/product"}],"about":[{"href":"https:\/\/galicianparts.com\/shop\/wp-json\/wp\/v2\/types\/product"}],"wp:featuredmedia":[{"embeddable":true,"href":"https:\/\/galicianparts.com\/shop\/wp-json\/wp\/v2\/media\/86488"}],"wp:attachment":[{"href":"https:\/\/galicianparts.com\/shop\/wp-json\/wp\/v2\/media?parent=86487"}],"wp:term":[{"taxonomy":"product_cat","embeddable":true,"href":"https:\/\/galicianparts.com\/shop\/wp-json\/wp\/v2\/product_cat?post=86487"},{"taxonomy":"product_tag","embeddable":true,"href":"https:\/\/galicianparts.com\/shop\/wp-json\/wp\/v2\/product_tag?post=86487"}],"curies":[{"name":"wp","href":"https:\/\/api.w.org\/{rel}","templated":true}]}}