{"id":8652,"date":"2020-11-18T15:06:43","date_gmt":"2020-11-18T13:06:43","guid":{"rendered":"https:\/\/galicianparts.com\/shop\/producto\/77362238-kit-pastillas-freno-fiat-scudo-ulysse-citroen-peugeot-original-galfer\/"},"modified":"2025-06-11T13:16:52","modified_gmt":"2025-06-11T11:16:52","slug":"77362238-kit-pastillas-freno-fiat-scudo-ulysse-citroen-peugeot-original-galfer","status":"publish","type":"product","link":"https:\/\/galicianparts.com\/shop\/producto\/77362238-kit-pastillas-freno-fiat-scudo-ulysse-citroen-peugeot-original-galfer\/","title":{"rendered":"77362238 Kit pastillas freno delanteras Fiat Scudo \/Ulysse \/Citroen \/Peugeot ORIGINAL GALFER"},"content":{"rendered":"<p>Juego de pastillas de freno delanteras GALFER de:<br \/>\nCITRO\u00cbN Evasion (22, U6)<br \/>\n1.8, A\u00f1o 05.1997 &#8211; 07.2002, 1761 ccm, 99 cv<br \/>\n1.8, A\u00f1o 02.1996 &#8211; 12.1996, 1761 ccm, 103 cv<br \/>\nCITRO\u00cbN Jumpy I<br \/>\n1.6 i, A\u00f1o 10.1995 &#8211; 08.2000, 1581 ccm, 79 cv<br \/>\n1.9 D, A\u00f1o 10.1995 &#8211; 08.1998, 1905 ccm, 69 cv<br \/>\n1.9 D 70, A\u00f1o 04.1998 &#8211; 10.2006, 1868 ccm, 69 cv<br \/>\n1.9 DT, A\u00f1o 10.1995 &#8211; 08.2000, 1905 ccm, 88 cv<br \/>\n1.9 TD, A\u00f1o 10.1995 &#8211; 08.2000, 1905 ccm, 90 cv<br \/>\n2.0, A\u00f1o 04.2000 &#8211; 10.2006, 1997 ccm, 136 cv<br \/>\n2.0 16V HDi 110, A\u00f1o 01.2002 &#8211; 10.2006, 1997 ccm, 109 cv<br \/>\n2.0 HDi 110, A\u00f1o 10.2001 &#8211; 10.2006, 1997 ccm, 109 cv<br \/>\n2.0 HDi 95, A\u00f1o 10.1999 &#8211; 10.2006, 1997 ccm, 94 cv<br \/>\n2.0 i 16V, A\u00f1o 03.2000 &#8211; 10.2006, 1997 ccm, 138 cv<\/p>\n<p>FIAT Ulysse I (220)<br \/>\n1.8, A\u00f1o 05.1997 &#8211; 08.2002, 1761 ccm, 99 cv<br \/>\nFIAT Scudo I (220)<br \/>\n1.6, A\u00f1o 02.1996 &#8211; 12.2006, 1581 ccm, 79 cv<br \/>\n1.9 D, A\u00f1o 02.1996 &#8211; 04.1998, 1905 ccm, 69 cv<br \/>\n1.9 D, A\u00f1o 04.1998 &#8211; 12.2006, 1868 ccm, 69 cv<br \/>\n1.9 TD, A\u00f1o 02.1996 &#8211; 12.2006, 1905 ccm, 92 cv<br \/>\n1.9 TD Eco, A\u00f1o 02.1996 &#8211; 12.2006, 1905 ccm, 90 cv<br \/>\n2.0 16V, A\u00f1o 06.2000 &#8211; 12.2006, 1997 ccm, 136 cv<br \/>\n2.0 JTD, A\u00f1o 01.2004 &#8211; 12.2006, 1997 ccm, 94 cv<br \/>\n2.0 JTD, A\u00f1o 12.1999 &#8211; 12.2006, 1997 ccm, 109 cv<br \/>\n2.0 JTD 16V, A\u00f1o 05.1999 &#8211; 12.2006, 1997 ccm, 109 cv<\/p>\n<p>PEUGEOT 806<br \/>\n1.8, A\u00f1o 07.1995 &#8211; 08.2002, 1761 ccm, 99 cv<br \/>\nPEUGEOT Expert I<br \/>\n1.6, A\u00f1o 02.1996 &#8211; 09.2000, 1581 ccm, 79 cv<br \/>\n1.8, A\u00f1o 10.1996 &#8211; 09.2000, 1761 ccm, 101 cv<br \/>\n1.9 D, A\u00f1o 02.1996 &#8211; 12.1998, 1905 ccm, 70 cv<br \/>\n1.9 D 70, A\u00f1o 12.1998 &#8211; 12.2006, 1868 ccm, 69 cv<br \/>\n1.9 TD, A\u00f1o 02.1996 &#8211; 09.2000, 1905 ccm, 90 cv<br \/>\n1.9 TD, A\u00f1o 02.1996 &#8211; 05.1998, 1905 ccm, 92 cv<br \/>\n2.0, A\u00f1o 09.2002 &#8211; 12.2006, 1997 ccm, 136 cv<br \/>\n2.0 HDI, A\u00f1o 07.2000 &#8211; 12.2006, 1997 ccm, 94 cv<br \/>\n2.0 HDI, A\u00f1o 07.2000 &#8211; 12.2006, 1997 ccm, 109 cv<br \/>\n2.0 HDI 16V, A\u00f1o 07.2000 &#8211; 12.2006, 1997 ccm, 109 cv<\/p>\n<p>LA PIEZA ES NUEVA Y ORIGINAL GALFER<\/p>\n","protected":false},"excerpt":{"rendered":"<p>Juego de pastillas de freno delanteras GALFER de: CITRO\u00cbN Evasion (22, U6) 1.8, A\u00f1o 05.1997 &#8211; 07.2002, 1761 ccm, 99 cv 1.8, A\u00f1o 02.1996 &#8211; 12.1996, 1761 ccm, 103 cv CITRO\u00cbN Jumpy I 1.6 i, A\u00f1o 10.1995 &#8211; 08.2000, 1581 ccm, 79 cv 1.9 D, A\u00f1o 10.1995 &#8211; 08.1998, 1905 ccm, 69 cv 1.9 D [&hellip;]<\/p>\n","protected":false},"featured_media":77106,"template":"","meta":{"_seopress_robots_primary_cat":"","_seopress_titles_title":"","_seopress_titles_desc":"","_seopress_robots_index":""},"product_cat":[189,23,188,156,20,138,24,104,113],"product_tag":[],"class_list":{"0":"post-8652","1":"product","2":"type-product","3":"status-publish","4":"has-post-thumbnail","6":"product_cat-recambios-peugeot-806","7":"product_cat-recambios-citroen","8":"product_cat-recambios-citroen-evasion","9":"product_cat-recambios-peugeot-expert","10":"product_cat-recambios-fiat","11":"product_cat-recambios-citroen-jumpy","12":"product_cat-recambios-peugeot","13":"product_cat-recambios-fiat-scudo","14":"product_cat-recambios-fiat-ulysse","16":"first","17":"outofstock","18":"taxable","19":"shipping-taxable","20":"purchasable","21":"product-type-simple"},"_links":{"self":[{"href":"https:\/\/galicianparts.com\/shop\/wp-json\/wp\/v2\/product\/8652"}],"collection":[{"href":"https:\/\/galicianparts.com\/shop\/wp-json\/wp\/v2\/product"}],"about":[{"href":"https:\/\/galicianparts.com\/shop\/wp-json\/wp\/v2\/types\/product"}],"wp:featuredmedia":[{"embeddable":true,"href":"https:\/\/galicianparts.com\/shop\/wp-json\/wp\/v2\/media\/77106"}],"wp:attachment":[{"href":"https:\/\/galicianparts.com\/shop\/wp-json\/wp\/v2\/media?parent=8652"}],"wp:term":[{"taxonomy":"product_cat","embeddable":true,"href":"https:\/\/galicianparts.com\/shop\/wp-json\/wp\/v2\/product_cat?post=8652"},{"taxonomy":"product_tag","embeddable":true,"href":"https:\/\/galicianparts.com\/shop\/wp-json\/wp\/v2\/product_tag?post=8652"}],"curies":[{"name":"wp","href":"https:\/\/api.w.org\/{rel}","templated":true}]}}