{"id":86581,"date":"2024-04-30T13:21:41","date_gmt":"2024-04-30T11:21:41","guid":{"rendered":"https:\/\/galicianparts.com\/shop\/producto\/7551921-aleta-delantera-izquierda-fiat-ducato-82-94-citroen-c25-peugeot-j5-original\/"},"modified":"2025-03-24T20:12:54","modified_gmt":"2025-03-24T18:12:54","slug":"7551921-aleta-delantera-izquierda-fiat-ducato-82-94-citroen-c25-peugeot-j5-original","status":"publish","type":"product","link":"https:\/\/galicianparts.com\/shop\/producto\/7551921-aleta-delantera-izquierda-fiat-ducato-82-94-citroen-c25-peugeot-j5-original\/","title":{"rendered":"7551921 Aleta delantera izquierda Fiat Ducato (82-94) Citro\u00ebn C25 \/Peugeot J5 ORIGINAL"},"content":{"rendered":"<p>Panel del guardabarros delantero izquierdo de:<br \/>\nFIAT Ducato I Furg\u00f3n (290) (A\u00f1o 03.1989 &#8211; 05.1994)<br \/>\nFIAT Ducato I Furg\u00f3n (280) (A\u00f1o 01.1982 &#8211; 09.1990)<br \/>\nFIAT Ducato I Panorama (280) (A\u00f1o 07.1982 &#8211; 08.1990)<br \/>\nFIAT Ducato I Cami\u00f3n de plataforma\/Chasis (280) (A\u00f1o 07.1982 &#8211; 08.1990)<\/p>\n<p>CITRO\u00cbN C25 Bus (A\u00f1o 07.1981 &#8211; 03.1994)<br \/>\nCITRO\u00cbN C25 Furg\u00f3n (A\u00f1o 07.1981 &#8211; 03.1994)<br \/>\nCITRO\u00cbN C25 Cami\u00f3n de plataforma\/Chasis (A\u00f1o 07.1981 &#8211; 03.1994)<\/p>\n<p>PEUGEOT J5 Bus (280) (A\u00f1o 09.1981 &#8211; 09.1990)<br \/>\nPEUGEOT J5 Furg\u00f3n (280) (A\u00f1o 09.1981 &#8211; 09.1990)<br \/>\nPEUGEOT J5 Cami\u00f3n de plataforma\/Chasis (280) (A\u00f1o 09.1981 &#8211; 09.1990)<\/p>\n<p>ALFA ROMEO AR6 Bus (280) (A\u00f1o 04.1985 &#8211; 12.1989)<\/p>\n<p>LA PIEZA ES NUEVA Y ORIGINAL.<\/p>\n","protected":false},"excerpt":{"rendered":"<p>Panel del guardabarros delantero izquierdo de: FIAT Ducato I Furg\u00f3n (290) (A\u00f1o 03.1989 &#8211; 05.1994) FIAT Ducato I Furg\u00f3n (280) (A\u00f1o 01.1982 &#8211; 09.1990) FIAT Ducato I Panorama (280) (A\u00f1o 07.1982 &#8211; 08.1990) FIAT Ducato I Cami\u00f3n de plataforma\/Chasis (280) (A\u00f1o 07.1982 &#8211; 08.1990) CITRO\u00cbN C25 Bus (A\u00f1o 07.1981 &#8211; 03.1994) CITRO\u00cbN C25 Furg\u00f3n (A\u00f1o [&hellip;]<\/p>\n","protected":false},"featured_media":86587,"template":"","meta":{"_seopress_robots_primary_cat":"","_seopress_titles_title":"","_seopress_titles_desc":"","_seopress_robots_index":""},"product_cat":[16,184,132,23,88,20,157,24],"product_tag":[],"class_list":{"0":"post-86581","1":"product","2":"type-product","3":"status-publish","4":"has-post-thumbnail","6":"product_cat-recambios-alfa-romeo","7":"product_cat-recambios-alfa-romeo-ar6","8":"product_cat-recambios-citroen-c25","9":"product_cat-recambios-citroen","10":"product_cat-recambios-fiat-ducato","11":"product_cat-recambios-fiat","12":"product_cat-recambios-peugeot-j5","13":"product_cat-recambios-peugeot","15":"first","16":"outofstock","17":"taxable","18":"shipping-taxable","19":"purchasable","20":"product-type-simple"},"_links":{"self":[{"href":"https:\/\/galicianparts.com\/shop\/wp-json\/wp\/v2\/product\/86581"}],"collection":[{"href":"https:\/\/galicianparts.com\/shop\/wp-json\/wp\/v2\/product"}],"about":[{"href":"https:\/\/galicianparts.com\/shop\/wp-json\/wp\/v2\/types\/product"}],"wp:featuredmedia":[{"embeddable":true,"href":"https:\/\/galicianparts.com\/shop\/wp-json\/wp\/v2\/media\/86587"}],"wp:attachment":[{"href":"https:\/\/galicianparts.com\/shop\/wp-json\/wp\/v2\/media?parent=86581"}],"wp:term":[{"taxonomy":"product_cat","embeddable":true,"href":"https:\/\/galicianparts.com\/shop\/wp-json\/wp\/v2\/product_cat?post=86581"},{"taxonomy":"product_tag","embeddable":true,"href":"https:\/\/galicianparts.com\/shop\/wp-json\/wp\/v2\/product_tag?post=86581"}],"curies":[{"name":"wp","href":"https:\/\/api.w.org\/{rel}","templated":true}]}}