{"id":86780,"date":"2024-05-08T12:00:31","date_gmt":"2024-05-08T10:00:31","guid":{"rendered":"https:\/\/galicianparts.com\/shop\/producto\/5997543-junta-culata-fiat-uno-turbo-ie-1985-1991-original\/"},"modified":"2025-08-28T13:11:10","modified_gmt":"2025-08-28T11:11:10","slug":"5997543-junta-culata-fiat-uno-turbo-ie-1985-1991-original","status":"publish","type":"product","link":"https:\/\/galicianparts.com\/shop\/producto\/5997543-junta-culata-fiat-uno-turbo-ie-1985-1991-original\/","title":{"rendered":"5997543 Junta culata Fiat Uno Turbo IE (1985-1991) ORIGINAL"},"content":{"rendered":"<p>Junta de la culata del motor de:<br \/>\nEspesor: 1,8 mm<br \/>\nDi\u00e1metro: 81,5 mm<br \/>\nLongitud: 398 mm<br \/>\nAncho: 147 mm<\/p>\n<p>FIAT Uno Hatchback (146)<br \/>\n1.3 Turbo i.e., A\u00f1o 01.1987 &#8211; 12.1987, 1301 ccm, 99 cv<br \/>\n1.3 Turbo i.e., A\u00f1o 09.1989 &#8211; 03.1991, 1301 ccm, 101 cv<br \/>\n1.3 Turbo i.e., A\u00f1o 04.1985 &#8211; 08.1989, 1301 ccm, 105 cv<\/p>\n<p>LA PIEZA ES NUEVA Y ORIGINAL.<\/p>\n","protected":false},"excerpt":{"rendered":"<p>Junta de la culata del motor de: Espesor: 1,8 mm Di\u00e1metro: 81,5 mm Longitud: 398 mm Ancho: 147 mm FIAT Uno Hatchback (146) 1.3 Turbo i.e., A\u00f1o 01.1987 &#8211; 12.1987, 1301 ccm, 99 cv 1.3 Turbo i.e., A\u00f1o 09.1989 &#8211; 03.1991, 1301 ccm, 101 cv 1.3 Turbo i.e., A\u00f1o 04.1985 &#8211; 08.1989, 1301 ccm, 105 [&hellip;]<\/p>\n","protected":false},"featured_media":86781,"template":"","meta":{"_seopress_robots_primary_cat":"","_seopress_titles_title":"","_seopress_titles_desc":"","_seopress_robots_index":""},"product_cat":[20,114],"product_tag":[],"class_list":{"0":"post-86780","1":"product","2":"type-product","3":"status-publish","4":"has-post-thumbnail","6":"product_cat-recambios-fiat","7":"product_cat-recambios-fiat-uno","9":"first","10":"outofstock","11":"taxable","12":"shipping-taxable","13":"purchasable","14":"product-type-simple"},"_links":{"self":[{"href":"https:\/\/galicianparts.com\/shop\/wp-json\/wp\/v2\/product\/86780"}],"collection":[{"href":"https:\/\/galicianparts.com\/shop\/wp-json\/wp\/v2\/product"}],"about":[{"href":"https:\/\/galicianparts.com\/shop\/wp-json\/wp\/v2\/types\/product"}],"wp:featuredmedia":[{"embeddable":true,"href":"https:\/\/galicianparts.com\/shop\/wp-json\/wp\/v2\/media\/86781"}],"wp:attachment":[{"href":"https:\/\/galicianparts.com\/shop\/wp-json\/wp\/v2\/media?parent=86780"}],"wp:term":[{"taxonomy":"product_cat","embeddable":true,"href":"https:\/\/galicianparts.com\/shop\/wp-json\/wp\/v2\/product_cat?post=86780"},{"taxonomy":"product_tag","embeddable":true,"href":"https:\/\/galicianparts.com\/shop\/wp-json\/wp\/v2\/product_tag?post=86780"}],"curies":[{"name":"wp","href":"https:\/\/api.w.org\/{rel}","templated":true}]}}