{"id":86805,"date":"2024-05-09T10:45:08","date_gmt":"2024-05-09T08:45:08","guid":{"rendered":"https:\/\/galicianparts.com\/shop\/producto\/82449208-mecanismo-mandos-calefaccion-lancia-dedra-1989-1994-nuevo-original\/"},"modified":"2024-05-09T10:49:51","modified_gmt":"2024-05-09T08:49:51","slug":"82449208-mecanismo-mandos-calefaccion-lancia-dedra-1989-1994-nuevo-original","status":"publish","type":"product","link":"https:\/\/galicianparts.com\/shop\/producto\/82449208-mecanismo-mandos-calefaccion-lancia-dedra-1989-1994-nuevo-original\/","title":{"rendered":"82449208 Mecanismo mandos calefacci\u00f3n Lancia Dedra (1989-1994) NUEVO ORIGINAL"},"content":{"rendered":"<p>Mecanismo con el potenci\u00f3metro de los controles del m\u00f3dulo de la calefacci\u00f3n de:<br \/>\nLANCIA &#8211; RY DEDRA BENZINA (1989-1994)<br \/>\nLANCIA &#8211; RJ DEDRA IE.TB.INTEGRALE (1990-1994)<br \/>\nLANCIA &#8211; RZ DEDRA TURBO DIESEL (1989-1994)<\/p>\n<p>LA PIEZA ES NUEVA Y ORIGINAL.<\/p>\n","protected":false},"excerpt":{"rendered":"<p>Mecanismo con el potenci\u00f3metro de los controles del m\u00f3dulo de la calefacci\u00f3n de: LANCIA &#8211; RY DEDRA BENZINA (1989-1994) LANCIA &#8211; RJ DEDRA IE.TB.INTEGRALE (1990-1994) LANCIA &#8211; RZ DEDRA TURBO DIESEL (1989-1994) LA PIEZA ES NUEVA Y ORIGINAL.<\/p>\n","protected":false},"featured_media":86810,"template":"","meta":{"_seopress_robots_primary_cat":"","_seopress_titles_title":"","_seopress_titles_desc":"","_seopress_robots_index":""},"product_cat":[117,21],"product_tag":[],"class_list":{"0":"post-86805","1":"product","2":"type-product","3":"status-publish","4":"has-post-thumbnail","6":"product_cat-recambios-lancia-dedra","7":"product_cat-recambios-lancia","9":"first","10":"instock","11":"taxable","12":"shipping-taxable","13":"purchasable","14":"product-type-simple"},"_links":{"self":[{"href":"https:\/\/galicianparts.com\/shop\/wp-json\/wp\/v2\/product\/86805"}],"collection":[{"href":"https:\/\/galicianparts.com\/shop\/wp-json\/wp\/v2\/product"}],"about":[{"href":"https:\/\/galicianparts.com\/shop\/wp-json\/wp\/v2\/types\/product"}],"wp:featuredmedia":[{"embeddable":true,"href":"https:\/\/galicianparts.com\/shop\/wp-json\/wp\/v2\/media\/86810"}],"wp:attachment":[{"href":"https:\/\/galicianparts.com\/shop\/wp-json\/wp\/v2\/media?parent=86805"}],"wp:term":[{"taxonomy":"product_cat","embeddable":true,"href":"https:\/\/galicianparts.com\/shop\/wp-json\/wp\/v2\/product_cat?post=86805"},{"taxonomy":"product_tag","embeddable":true,"href":"https:\/\/galicianparts.com\/shop\/wp-json\/wp\/v2\/product_tag?post=86805"}],"curies":[{"name":"wp","href":"https:\/\/api.w.org\/{rel}","templated":true}]}}