{"id":87041,"date":"2024-05-21T10:40:25","date_gmt":"2024-05-21T08:40:25","guid":{"rendered":"https:\/\/galicianparts.com\/shop\/producto\/9938268-condensador-distribuidor-encendido-fiat-panda-ritmo-regata-original\/"},"modified":"2024-05-21T10:42:27","modified_gmt":"2024-05-21T08:42:27","slug":"9938268-condensador-distribuidor-encendido-fiat-panda-ritmo-regata-original","status":"publish","type":"product","link":"https:\/\/galicianparts.com\/shop\/producto\/9938268-condensador-distribuidor-encendido-fiat-panda-ritmo-regata-original\/","title":{"rendered":"9938268 Condensador distribuidor encendido Fiat Panda \/Ritmo \/Regata ORIGINAL"},"content":{"rendered":"<p>Condensador del delco del encendido de:<br \/>\nFIAT Regata (138)<br \/>\n1.3 70, A\u00f1o 09.1983 &#8211; 07.1989, 1301 ccm, 65 cv<br \/>\n1.3 70, A\u00f1o 09.1983 &#8211; 07.1986, 1301 ccm, 68 cv<br \/>\n1.5 75, A\u00f1o 12.1983 &#8211; 07.1989, 1498 ccm, 75 cv<br \/>\n1.5 85, A\u00f1o 05.1985 &#8211; 12.1987, 1498 ccm, 79 cv<br \/>\n1.5 Super 85, A\u00f1o 09.1983 &#8211; 04.1985, 1498 ccm, 82 cv<br \/>\nFIAT Ritmo I Hatchback (138)<br \/>\n1.3, A\u00f1o 01.1983 &#8211; 04.1985, 1301 ccm, 68 cv<br \/>\n1.5, A\u00f1o 08.1985 &#8211; 05.1987, 1498 ccm, 79 cv<br \/>\n1.5, A\u00f1o 01.1983 &#8211; 12.1987, 1498 ccm, 82 cv<br \/>\nFIAT Panda I Hatchback (141)<br \/>\n0.9, A\u00f1o 10.1980 &#8211; 06.1994, 903 ccm, 45 cv<br \/>\n1.0, A\u00f1o 09.1982 &#8211; 08.1983, 965 ccm, 48 cv<\/p>\n<p>LA PIEZA ES NUEVA Y ORIGINAL.<\/p>\n","protected":false},"excerpt":{"rendered":"<p>Condensador del delco del encendido de: FIAT Regata (138) 1.3 70, A\u00f1o 09.1983 &#8211; 07.1989, 1301 ccm, 65 cv 1.3 70, A\u00f1o 09.1983 &#8211; 07.1986, 1301 ccm, 68 cv 1.5 75, A\u00f1o 12.1983 &#8211; 07.1989, 1498 ccm, 75 cv 1.5 85, A\u00f1o 05.1985 &#8211; 12.1987, 1498 ccm, 79 cv 1.5 Super 85, A\u00f1o 09.1983 &#8211; [&hellip;]<\/p>\n","protected":false},"featured_media":87043,"template":"","meta":{"_seopress_robots_primary_cat":"","_seopress_titles_title":"","_seopress_titles_desc":"","_seopress_robots_index":""},"product_cat":[20,99,102,103],"product_tag":[],"class_list":{"0":"post-87041","1":"product","2":"type-product","3":"status-publish","4":"has-post-thumbnail","6":"product_cat-recambios-fiat","7":"product_cat-recambios-fiat-panda","8":"product_cat-recambios-fiat-regata","9":"product_cat-recambios-fiat-ritmo","11":"first","12":"instock","13":"taxable","14":"shipping-taxable","15":"purchasable","16":"product-type-simple"},"_links":{"self":[{"href":"https:\/\/galicianparts.com\/shop\/wp-json\/wp\/v2\/product\/87041"}],"collection":[{"href":"https:\/\/galicianparts.com\/shop\/wp-json\/wp\/v2\/product"}],"about":[{"href":"https:\/\/galicianparts.com\/shop\/wp-json\/wp\/v2\/types\/product"}],"wp:featuredmedia":[{"embeddable":true,"href":"https:\/\/galicianparts.com\/shop\/wp-json\/wp\/v2\/media\/87043"}],"wp:attachment":[{"href":"https:\/\/galicianparts.com\/shop\/wp-json\/wp\/v2\/media?parent=87041"}],"wp:term":[{"taxonomy":"product_cat","embeddable":true,"href":"https:\/\/galicianparts.com\/shop\/wp-json\/wp\/v2\/product_cat?post=87041"},{"taxonomy":"product_tag","embeddable":true,"href":"https:\/\/galicianparts.com\/shop\/wp-json\/wp\/v2\/product_tag?post=87041"}],"curies":[{"name":"wp","href":"https:\/\/api.w.org\/{rel}","templated":true}]}}