{"id":8708,"date":"2020-11-19T15:38:29","date_gmt":"2020-11-19T13:38:29","guid":{"rendered":"https:\/\/galicianparts.com\/shop\/producto\/77364821-kit-pastillas-de-freno-fiat-ulysse-lancia-phedra-citroen-c8-peugeot-807-original\/"},"modified":"2020-12-29T11:04:44","modified_gmt":"2020-12-29T09:04:44","slug":"77364821-kit-pastillas-de-freno-fiat-ulysse-lancia-phedra-citroen-c8-peugeot-807-original","status":"publish","type":"product","link":"https:\/\/galicianparts.com\/shop\/producto\/77364821-kit-pastillas-de-freno-fiat-ulysse-lancia-phedra-citroen-c8-peugeot-807-original\/","title":{"rendered":"77364821 Kit pastillas de freno Fiat Ulysse \/ Lancia Phedra \/ Citroen C8 \/ Peugeot 807 ORIGINAL"},"content":{"rendered":"<p>Juego de pastillas de freno delantero de:<br \/>\nFIAT Ulysse II (179) (A\u00f1o 03.2008 &#8211; 06.2011, 163-170, Gas\u00f3leo)<br \/>\n2.2 D Multijet, A\u00f1o 03.2008 &#8211; 06.2011, 2179, 170<br \/>\n2.2 JTD, A\u00f1o 03.2008 &#8211; 06.2011, 2179, 163<br \/>\nLANCIA Phedra (179) (A\u00f1o 04.2006 &#8211; 11.2010, 163-170, Gas\u00f3leo)<br \/>\n2.2 D Multijet, A\u00f1o 03.2008 &#8211; 11.2010, 2179, 170<br \/>\n2.2 JTD, A\u00f1o 04.2006 &#8211; 11.2010, 2179, 163<br \/>\nCITRO\u00cbN C8 (A\u00f1o 03.2006 &#8211; &#8230;, 163-170, Diesel)<br \/>\n2.0 HDi 165, A\u00f1o 03.2006 &#8211; &#8230;, 1997, 163<br \/>\n2.2 HDi, A\u00f1o 06.2007 &#8211; &#8230;, 2179, 163<br \/>\n2.2 HDi, A\u00f1o 06.2006 &#8211; &#8230;, 2179, 170<br \/>\nPEUGEOT 807 (A\u00f1o 06.2006 &#8211; &#8230;, 163-170, Diesel)<br \/>\n2.0 HDi, A\u00f1o 06.2009 &#8211; &#8230;, 1997, 163<br \/>\n2.2 HDi, A\u00f1o 06.2006 &#8211; &#8230;, 2179, 163<br \/>\n2.2 HDi, A\u00f1o 06.2006 &#8211; &#8230;, 2179, 170<\/p>\n<p>LA PIEZA ES NUEVA Y ORIGINAL.<\/p>\n","protected":false},"excerpt":{"rendered":"<p>Juego de pastillas de freno delantero de: FIAT Ulysse II (179) (A\u00f1o 03.2008 &#8211; 06.2011, 163-170, Gas\u00f3leo) 2.2 D Multijet, A\u00f1o 03.2008 &#8211; 06.2011, 2179, 170 2.2 JTD, A\u00f1o 03.2008 &#8211; 06.2011, 2179, 163 LANCIA Phedra (179) (A\u00f1o 04.2006 &#8211; 11.2010, 163-170, Gas\u00f3leo) 2.2 D Multijet, A\u00f1o 03.2008 &#8211; 11.2010, 2179, 170 2.2 JTD, A\u00f1o [&hellip;]<\/p>\n","protected":false},"featured_media":8709,"template":"","meta":{"_seopress_robots_primary_cat":"","_seopress_titles_title":"","_seopress_titles_desc":"","_seopress_robots_index":""},"product_cat":[182,181,23,20,21,24,122,113],"product_tag":[],"class_list":{"0":"post-8708","1":"product","2":"type-product","3":"status-publish","4":"has-post-thumbnail","6":"product_cat-recambios-peugeot-807","7":"product_cat-recambios-citroen-c8","8":"product_cat-recambios-citroen","9":"product_cat-recambios-fiat","10":"product_cat-recambios-lancia","11":"product_cat-recambios-peugeot","12":"product_cat-recambios-lancia-phedra","13":"product_cat-recambios-fiat-ulysse","15":"first","16":"outofstock","17":"taxable","18":"shipping-taxable","19":"purchasable","20":"product-type-simple"},"_links":{"self":[{"href":"https:\/\/galicianparts.com\/shop\/wp-json\/wp\/v2\/product\/8708"}],"collection":[{"href":"https:\/\/galicianparts.com\/shop\/wp-json\/wp\/v2\/product"}],"about":[{"href":"https:\/\/galicianparts.com\/shop\/wp-json\/wp\/v2\/types\/product"}],"wp:featuredmedia":[{"embeddable":true,"href":"https:\/\/galicianparts.com\/shop\/wp-json\/wp\/v2\/media\/8709"}],"wp:attachment":[{"href":"https:\/\/galicianparts.com\/shop\/wp-json\/wp\/v2\/media?parent=8708"}],"wp:term":[{"taxonomy":"product_cat","embeddable":true,"href":"https:\/\/galicianparts.com\/shop\/wp-json\/wp\/v2\/product_cat?post=8708"},{"taxonomy":"product_tag","embeddable":true,"href":"https:\/\/galicianparts.com\/shop\/wp-json\/wp\/v2\/product_tag?post=8708"}],"curies":[{"name":"wp","href":"https:\/\/api.w.org\/{rel}","templated":true}]}}