{"id":8733,"date":"2020-11-19T19:22:09","date_gmt":"2020-11-19T17:22:09","guid":{"rendered":"https:\/\/galicianparts.com\/shop\/producto\/77365218-kit-pastillas-de-freno-lancia-ypsilon-2003-2011-original\/"},"modified":"2021-02-17T14:21:43","modified_gmt":"2021-02-17T12:21:43","slug":"77365218-kit-pastillas-de-freno-lancia-ypsilon-2003-2011-original","status":"publish","type":"product","link":"https:\/\/galicianparts.com\/shop\/producto\/77365218-kit-pastillas-de-freno-lancia-ypsilon-2003-2011-original\/","title":{"rendered":"77365218 Kit pastillas de freno Lancia Ypsilon (2003-2011) ORIGINAL"},"content":{"rendered":"<p>Juego de pastillas de freno delanteras de:<br \/>\nLANCIA Ypsilon II (843) (A\u00f1o 10.2003 &#8211; 12.2011, 70 &#8211; 95 , Gas\u00f3leo,Gasolina)<br \/>\n1.2, A\u00f1o 10.2003 &#8211; 12.2011, 1242 , 80<br \/>\n1.3 D Multijet, A\u00f1o 09.2006 &#8211; 12.2011, 1248 , 75<br \/>\n1.3 D Multijet, A\u00f1o 09.2006 &#8211; 12.2011, 1248 , 90<br \/>\n1.3 JTD, A\u00f1o 10.2003 &#8211; 12.2011, 1248 , 70<br \/>\n1.4, A\u00f1o 02.2006 &#8211; 12.2011, 1368 , 78<br \/>\n1.4 16V, A\u00f1o 10.2003 &#8211; 12.2011, 1368 , 95<\/p>\n<p>LA PIEZA ES NUEVA Y ORIGINAL.<\/p>\n","protected":false},"excerpt":{"rendered":"<p>Juego de pastillas de freno delanteras de: LANCIA Ypsilon II (843) (A\u00f1o 10.2003 &#8211; 12.2011, 70 &#8211; 95 , Gas\u00f3leo,Gasolina) 1.2, A\u00f1o 10.2003 &#8211; 12.2011, 1242 , 80 1.3 D Multijet, A\u00f1o 09.2006 &#8211; 12.2011, 1248 , 75 1.3 D Multijet, A\u00f1o 09.2006 &#8211; 12.2011, 1248 , 90 1.3 JTD, A\u00f1o 10.2003 &#8211; 12.2011, 1248 [&hellip;]<\/p>\n","protected":false},"featured_media":8734,"template":"","meta":{"_seopress_robots_primary_cat":"","_seopress_titles_title":"","_seopress_titles_desc":"","_seopress_robots_index":""},"product_cat":[21,127],"product_tag":[],"class_list":{"0":"post-8733","1":"product","2":"type-product","3":"status-publish","4":"has-post-thumbnail","6":"product_cat-recambios-lancia","7":"product_cat-recambios-lancia-ypsilon","9":"first","10":"outofstock","11":"taxable","12":"shipping-taxable","13":"purchasable","14":"product-type-simple"},"_links":{"self":[{"href":"https:\/\/galicianparts.com\/shop\/wp-json\/wp\/v2\/product\/8733"}],"collection":[{"href":"https:\/\/galicianparts.com\/shop\/wp-json\/wp\/v2\/product"}],"about":[{"href":"https:\/\/galicianparts.com\/shop\/wp-json\/wp\/v2\/types\/product"}],"wp:featuredmedia":[{"embeddable":true,"href":"https:\/\/galicianparts.com\/shop\/wp-json\/wp\/v2\/media\/8734"}],"wp:attachment":[{"href":"https:\/\/galicianparts.com\/shop\/wp-json\/wp\/v2\/media?parent=8733"}],"wp:term":[{"taxonomy":"product_cat","embeddable":true,"href":"https:\/\/galicianparts.com\/shop\/wp-json\/wp\/v2\/product_cat?post=8733"},{"taxonomy":"product_tag","embeddable":true,"href":"https:\/\/galicianparts.com\/shop\/wp-json\/wp\/v2\/product_tag?post=8733"}],"curies":[{"name":"wp","href":"https:\/\/api.w.org\/{rel}","templated":true}]}}