{"id":87381,"date":"2024-05-28T08:56:42","date_gmt":"2024-05-28T06:56:42","guid":{"rendered":"https:\/\/galicianparts.com\/shop\/producto\/5950263-set-2-silentblocks-amortiguador-trasero-fiat-panda-1985-1993-original\/"},"modified":"2024-12-04T12:30:20","modified_gmt":"2024-12-04T10:30:20","slug":"5950263-set-2-silentblocks-amortiguador-trasero-fiat-panda-1985-1993-original","status":"publish","type":"product","link":"https:\/\/galicianparts.com\/shop\/producto\/5950263-set-2-silentblocks-amortiguador-trasero-fiat-panda-1985-1993-original\/","title":{"rendered":"5950263 Set 2 silentblocks amortiguador trasero Fiat Panda (1985-1993) ORIGINAL"},"content":{"rendered":"<p>Juego, pack de dos silentblocks del soporte superior e inferior de los amortiguadores de la suspensi\u00f3n posterior de:<br \/>\nDi\u00e1metro exterior: 30 mm<br \/>\nDi\u00e1metro interior: 17 mm<br \/>\nAltura: 18,5 mm<\/p>\n<p>FIAT &#8211; LV PANDA 4X2 RL\/86 (1985-1991)<br \/>\nFIAT &#8211; 2P PANDA DS (1986-1993) BERLINA \/ VAN (RL\/86)<\/p>\n<p>LA PIEZA ES NUEVA Y ORIGINAL.<\/p>\n","protected":false},"excerpt":{"rendered":"<p>Juego, pack de dos silentblocks del soporte superior e inferior de los amortiguadores de la suspensi\u00f3n posterior de: Di\u00e1metro exterior: 30 mm Di\u00e1metro interior: 17 mm Altura: 18,5 mm FIAT &#8211; LV PANDA 4X2 RL\/86 (1985-1991) FIAT &#8211; 2P PANDA DS (1986-1993) BERLINA \/ VAN (RL\/86) LA PIEZA ES NUEVA Y ORIGINAL.<\/p>\n","protected":false},"featured_media":87401,"template":"","meta":{"_seopress_robots_primary_cat":"","_seopress_titles_title":"","_seopress_titles_desc":"","_seopress_robots_index":""},"product_cat":[20,99],"product_tag":[],"class_list":{"0":"post-87381","1":"product","2":"type-product","3":"status-publish","4":"has-post-thumbnail","6":"product_cat-recambios-fiat","7":"product_cat-recambios-fiat-panda","9":"first","10":"instock","11":"taxable","12":"shipping-taxable","13":"purchasable","14":"product-type-simple"},"_links":{"self":[{"href":"https:\/\/galicianparts.com\/shop\/wp-json\/wp\/v2\/product\/87381"}],"collection":[{"href":"https:\/\/galicianparts.com\/shop\/wp-json\/wp\/v2\/product"}],"about":[{"href":"https:\/\/galicianparts.com\/shop\/wp-json\/wp\/v2\/types\/product"}],"wp:featuredmedia":[{"embeddable":true,"href":"https:\/\/galicianparts.com\/shop\/wp-json\/wp\/v2\/media\/87401"}],"wp:attachment":[{"href":"https:\/\/galicianparts.com\/shop\/wp-json\/wp\/v2\/media?parent=87381"}],"wp:term":[{"taxonomy":"product_cat","embeddable":true,"href":"https:\/\/galicianparts.com\/shop\/wp-json\/wp\/v2\/product_cat?post=87381"},{"taxonomy":"product_tag","embeddable":true,"href":"https:\/\/galicianparts.com\/shop\/wp-json\/wp\/v2\/product_tag?post=87381"}],"curies":[{"name":"wp","href":"https:\/\/api.w.org\/{rel}","templated":true}]}}