{"id":8740,"date":"2020-11-19T20:32:10","date_gmt":"2020-11-19T18:32:10","guid":{"rendered":"https:\/\/galicianparts.com\/shop\/producto\/5968075-valvula-presion-de-aire-admision-fiat-croma-lancia-thema-nuevo-original\/"},"modified":"2021-01-18T19:21:01","modified_gmt":"2021-01-18T17:21:01","slug":"5968075-valvula-presion-de-aire-admision-fiat-croma-lancia-thema-nuevo-original","status":"publish","type":"product","link":"https:\/\/galicianparts.com\/shop\/producto\/5968075-valvula-presion-de-aire-admision-fiat-croma-lancia-thema-nuevo-original\/","title":{"rendered":"5968075 V\u00e1lvula presi\u00f3n de aire admisi\u00f3n Fiat Croma \/ lancia Thema NUEVO ORIGINAL"},"content":{"rendered":"<p>Electrov\u00e1lvula de presi\u00f3n de aire de la admisi\u00f3n del motor 2000cc de:<br \/>\nFIAT &#8211; MY CROMA IE-IE TB. FL.90 (1990-1996)<br \/>\nLANCIA &#8211; SZ THEMA BZ\/DS R.88 (1988-1992)<br \/>\nLANCIA &#8211; SE THEMA I.E. 8V FL.92 (1992-1994)<\/p>\n<p>LA PIEZA ES NUEVA Y ORIGINAL.<\/p>\n","protected":false},"excerpt":{"rendered":"<p>Electrov\u00e1lvula de presi\u00f3n de aire de la admisi\u00f3n del motor 2000cc de: FIAT &#8211; MY CROMA IE-IE TB. FL.90 (1990-1996) LANCIA &#8211; SZ THEMA BZ\/DS R.88 (1988-1992) LANCIA &#8211; SE THEMA I.E. 8V FL.92 (1992-1994) LA PIEZA ES NUEVA Y ORIGINAL.<\/p>\n","protected":false},"featured_media":8741,"template":"","meta":{"_seopress_robots_primary_cat":"","_seopress_titles_title":"","_seopress_titles_desc":"","_seopress_robots_index":""},"product_cat":[86,20,21,124],"product_tag":[],"class_list":{"0":"post-8740","1":"product","2":"type-product","3":"status-publish","4":"has-post-thumbnail","6":"product_cat-recambios-fiat-croma","7":"product_cat-recambios-fiat","8":"product_cat-recambios-lancia","9":"product_cat-recambios-lancia-thema","11":"first","12":"outofstock","13":"taxable","14":"shipping-taxable","15":"purchasable","16":"product-type-simple"},"_links":{"self":[{"href":"https:\/\/galicianparts.com\/shop\/wp-json\/wp\/v2\/product\/8740"}],"collection":[{"href":"https:\/\/galicianparts.com\/shop\/wp-json\/wp\/v2\/product"}],"about":[{"href":"https:\/\/galicianparts.com\/shop\/wp-json\/wp\/v2\/types\/product"}],"wp:featuredmedia":[{"embeddable":true,"href":"https:\/\/galicianparts.com\/shop\/wp-json\/wp\/v2\/media\/8741"}],"wp:attachment":[{"href":"https:\/\/galicianparts.com\/shop\/wp-json\/wp\/v2\/media?parent=8740"}],"wp:term":[{"taxonomy":"product_cat","embeddable":true,"href":"https:\/\/galicianparts.com\/shop\/wp-json\/wp\/v2\/product_cat?post=8740"},{"taxonomy":"product_tag","embeddable":true,"href":"https:\/\/galicianparts.com\/shop\/wp-json\/wp\/v2\/product_tag?post=8740"}],"curies":[{"name":"wp","href":"https:\/\/api.w.org\/{rel}","templated":true}]}}