{"id":87430,"date":"2024-05-28T11:06:04","date_gmt":"2024-05-28T09:06:04","guid":{"rendered":"https:\/\/galicianparts.com\/shop\/producto\/82398688-set-2-silentblock-tirante-estabilizadora-fiat-croma-lancia-thema-original\/"},"modified":"2025-09-13T22:20:50","modified_gmt":"2025-09-13T20:20:50","slug":"82398688-set-2-silentblock-tirante-estabilizadora-fiat-croma-lancia-thema-original","status":"publish","type":"product","link":"https:\/\/galicianparts.com\/shop\/producto\/82398688-set-2-silentblock-tirante-estabilizadora-fiat-croma-lancia-thema-original\/","title":{"rendered":"82398688 Set 2 silentblock tirante estabilizadora Fiat Croma \/Lancia Thema ORIGINAL"},"content":{"rendered":"<p>Juego, pack de dos silentblocks del soporte de la barra estabilizadora en los trapecios de la suspensi\u00f3n delantera de:<br \/>\nDi\u00e1metro interior: 9,5 mm<br \/>\nDi\u00e1metro exterior: 25 mm<br \/>\nLargo: 22 mm<\/p>\n<p>FIAT &#8211; MZ CROMA CHT FL.90 (1990-1992)<br \/>\nFIAT &#8211; MY CROMA IE-IE TB. FL.90 (1990-1996)<br \/>\nFIAT &#8211; MJ CROMA TURBO DS FL.90 (1990-1996)<br \/>\nLANCIA &#8211; SZ THEMA BZ\/DS R.88 (1988-1992) BN 8V \/ BN 16V \/ SW 16V \/ BN TB LX 16V \/ BN TB\/DS \/ SW TB\/DS \/ BN 6V<br \/>\nLANCIA &#8211; SZ THEMA FERRARI R.88 (1988-1992) BN 8.32<\/p>\n<p>LA PIEZA ES NUEVA Y ORIGINAL.<\/p>\n","protected":false},"excerpt":{"rendered":"<p>Juego, pack de dos silentblocks del soporte de la barra estabilizadora en los trapecios de la suspensi\u00f3n delantera de: Di\u00e1metro interior: 9,5 mm Di\u00e1metro exterior: 25 mm Largo: 22 mm FIAT &#8211; MZ CROMA CHT FL.90 (1990-1992) FIAT &#8211; MY CROMA IE-IE TB. FL.90 (1990-1996) FIAT &#8211; MJ CROMA TURBO DS FL.90 (1990-1996) LANCIA &#8211; [&hellip;]<\/p>\n","protected":false},"featured_media":87432,"template":"","meta":{"_seopress_robots_primary_cat":"","_seopress_titles_title":"","_seopress_titles_desc":"","_seopress_robots_index":""},"product_cat":[86,20,21,124],"product_tag":[],"class_list":{"0":"post-87430","1":"product","2":"type-product","3":"status-publish","4":"has-post-thumbnail","6":"product_cat-recambios-fiat-croma","7":"product_cat-recambios-fiat","8":"product_cat-recambios-lancia","9":"product_cat-recambios-lancia-thema","11":"first","12":"outofstock","13":"taxable","14":"shipping-taxable","15":"purchasable","16":"product-type-simple"},"_links":{"self":[{"href":"https:\/\/galicianparts.com\/shop\/wp-json\/wp\/v2\/product\/87430"}],"collection":[{"href":"https:\/\/galicianparts.com\/shop\/wp-json\/wp\/v2\/product"}],"about":[{"href":"https:\/\/galicianparts.com\/shop\/wp-json\/wp\/v2\/types\/product"}],"wp:featuredmedia":[{"embeddable":true,"href":"https:\/\/galicianparts.com\/shop\/wp-json\/wp\/v2\/media\/87432"}],"wp:attachment":[{"href":"https:\/\/galicianparts.com\/shop\/wp-json\/wp\/v2\/media?parent=87430"}],"wp:term":[{"taxonomy":"product_cat","embeddable":true,"href":"https:\/\/galicianparts.com\/shop\/wp-json\/wp\/v2\/product_cat?post=87430"},{"taxonomy":"product_tag","embeddable":true,"href":"https:\/\/galicianparts.com\/shop\/wp-json\/wp\/v2\/product_tag?post=87430"}],"curies":[{"name":"wp","href":"https:\/\/api.w.org\/{rel}","templated":true}]}}