{"id":87731,"date":"2024-06-04T10:08:59","date_gmt":"2024-06-04T08:08:59","guid":{"rendered":"https:\/\/galicianparts.com\/shop\/producto\/82281390-presilla-d267x2mm-palier-lancia-delta-evo-integrale-fiat-uno-tb-alfa-original\/"},"modified":"2025-05-14T23:08:46","modified_gmt":"2025-05-14T21:08:46","slug":"82281390-presilla-d267x2mm-palier-lancia-delta-evo-integrale-fiat-uno-tb-alfa-original","status":"publish","type":"product","link":"https:\/\/galicianparts.com\/shop\/producto\/82281390-presilla-d267x2mm-palier-lancia-delta-evo-integrale-fiat-uno-tb-alfa-original\/","title":{"rendered":"82281390 Presilla D26,7x2mm palier Lancia Delta Evo \/Integrale \/Fiat Uno TB \/Alfa ORIGINAL"},"content":{"rendered":"<p>Circlip de las juntas homocin\u00e9ticas de los ejes de transmisi\u00f3n de:<br \/>\nDi\u00e1metro interior: 26,7 mm<br \/>\nEspesor: 2 mm<\/p>\n<p>FIAT &#8211; PK BARCHETTA (1995-2004)<br \/>\nFIAT &#8211; 1V BRAVA BZ\/DS (1995-1998)<br \/>\nFIAT &#8211; 1U BRAVO BZ\/DS (1995-1998)<br \/>\nFIAT &#8211; MZ CROMA CHT FL.90 (1990-1992)<br \/>\nFIAT &#8211; MY CROMA IE-IE TB. FL.90 (1990-1996)<br \/>\nFIAT &#8211; NQ CROMA IE. 2500 V6 (1993-1996)<br \/>\nFIAT &#8211; MJ CROMA TURBO DS FL.90 (1990-1996)<br \/>\nFIAT &#8211; NX PUNTO D-TD (1993-1997)<br \/>\nFIAT &#8211; NW PUNTO GT (1993-1997)<br \/>\nFIAT &#8211; MW TEMPRA 1750-2000 (1989-1993)<br \/>\nFIAT &#8211; MX TEMPRA DIESEL-TURBO D.(1989-1993)<br \/>\nFIAT &#8211; NZ TEMPRA MAQ.93 1750-2000 (&#8217;93-&#8217;96)<br \/>\nFIAT &#8211; NJ TEMPRA MQ.93 D-TD (1993-1996)<br \/>\nFIAT &#8211; NG TIPO 1750-2000 (1990-1993)<br \/>\nFIAT &#8211; MF TIPO DIESEL-T.DS. (1987-1993)<br \/>\nFIAT &#8211; NT TIPO MAQ.93 D-TD (1993-1995)<br \/>\nFIAT &#8211; NU TIPO MQ.93 1750-2000 (1993-1995)<br \/>\nFIAT &#8211; MP TIPO SPORT 16V IE. (1988-1993)<br \/>\nFIAT &#8211; MT UNO TURBO R\/89 (1989-1993)<br \/>\nALFA ROMEO &#8211; U6 155 TURBO BZ-DS (1992-1996)<br \/>\nALFA ROMEO &#8211; W1 164 FL\/92 (1992-1997)<br \/>\nALFA ROMEO &#8211; W2 164 SUPER (1992-1997)<br \/>\nLANCIA &#8211; RY DEDRA BENZINA (1989-1994)<br \/>\nLANCIA &#8211; SL DEDRA FL.94 1580-1750 8\/16V 2000 (1994-1999)<br \/>\nLANCIA &#8211; SM DEDRA FL.94 1750-2.0 (1994-1999)<br \/>\nLANCIA &#8211; SN DEDRA FL.94 T.DS (1994-1999)<br \/>\nLANCIA &#8211; RJ DEDRA IE.TB.INTEGRALE (1990-1994)<br \/>\nLANCIA &#8211; RZ DEDRA TURBO DIESEL (1989-1994)<br \/>\nLANCIA &#8211; RT DELTA 4WD (1986-1991)<br \/>\nLANCIA &#8211; SA DELTA EVOLUZIONE (1991-1994)<br \/>\nLANCIA &#8211; TB DELTA R.86 BZ\/DS (1986-1992)<br \/>\nLANCIA &#8211; SP KAPPA BZ 2000-2400 (1994-2001)<br \/>\nLANCIA &#8211; SF N.DELTA 1400-1600-1800 (1993-1999)<br \/>\nLANCIA &#8211; SG N.DELTA 2.0 -1750 132CV (&#8217;93-&#8217;99)<br \/>\nLANCIA &#8211; SQ N.DELTA TB\/DS (1994-1999)<br \/>\nLANCIA &#8211; SD THEMA 3.0 V6 FL.92 (1992-1994)<br \/>\nLANCIA &#8211; SZ THEMA BZ\/DS R.88 (1988-1992)<br \/>\nLANCIA &#8211; SE THEMA I.E. 8V FL.92 (1992-1994)<br \/>\nLANCIA &#8211; SB THEMA IE. 16V FL.92 (1992-1994)<br \/>\nLANCIA &#8211; SC THEMA TURBO DS FL.92 (1992-1994)<\/p>\n<p>LA PIEZA ES NUEVA Y ORIGINAL.<\/p>\n","protected":false},"excerpt":{"rendered":"<p>Circlip de las juntas homocin\u00e9ticas de los ejes de transmisi\u00f3n de: Di\u00e1metro interior: 26,7 mm Espesor: 2 mm FIAT &#8211; PK BARCHETTA (1995-2004) FIAT &#8211; 1V BRAVA BZ\/DS (1995-1998) FIAT &#8211; 1U BRAVO BZ\/DS (1995-1998) FIAT &#8211; MZ CROMA CHT FL.90 (1990-1992) FIAT &#8211; MY CROMA IE-IE TB. FL.90 (1990-1996) FIAT &#8211; NQ CROMA IE. [&hellip;]<\/p>\n","protected":false},"featured_media":87733,"template":"","meta":{"_seopress_robots_primary_cat":"","_seopress_titles_title":"","_seopress_titles_desc":"","_seopress_robots_index":""},"product_cat":[48,54,16,80,81,82,86,117,118,20,119,21,101,111,124,112,114],"product_tag":[],"class_list":{"0":"post-87731","1":"product","2":"type-product","3":"status-publish","4":"has-post-thumbnail","6":"product_cat-recambios-alfa-romeo-155","7":"product_cat-recambios-alfa-romeo-164","8":"product_cat-recambios-alfa-romeo","9":"product_cat-recambios-fiat-barchetta","10":"product_cat-recambios-fiat-brava","11":"product_cat-recambios-fiat-bravo","12":"product_cat-recambios-fiat-croma","13":"product_cat-recambios-lancia-dedra","14":"product_cat-recambios-lancia-delta","15":"product_cat-recambios-fiat","16":"product_cat-recambios-lancia-kappa","17":"product_cat-recambios-lancia","18":"product_cat-recambios-fiat-punto","19":"product_cat-recambios-fiat-tempra","20":"product_cat-recambios-lancia-thema","21":"product_cat-recambios-fiat-tipo","22":"product_cat-recambios-fiat-uno","24":"first","25":"outofstock","26":"taxable","27":"shipping-taxable","28":"purchasable","29":"product-type-simple"},"_links":{"self":[{"href":"https:\/\/galicianparts.com\/shop\/wp-json\/wp\/v2\/product\/87731"}],"collection":[{"href":"https:\/\/galicianparts.com\/shop\/wp-json\/wp\/v2\/product"}],"about":[{"href":"https:\/\/galicianparts.com\/shop\/wp-json\/wp\/v2\/types\/product"}],"wp:featuredmedia":[{"embeddable":true,"href":"https:\/\/galicianparts.com\/shop\/wp-json\/wp\/v2\/media\/87733"}],"wp:attachment":[{"href":"https:\/\/galicianparts.com\/shop\/wp-json\/wp\/v2\/media?parent=87731"}],"wp:term":[{"taxonomy":"product_cat","embeddable":true,"href":"https:\/\/galicianparts.com\/shop\/wp-json\/wp\/v2\/product_cat?post=87731"},{"taxonomy":"product_tag","embeddable":true,"href":"https:\/\/galicianparts.com\/shop\/wp-json\/wp\/v2\/product_tag?post=87731"}],"curies":[{"name":"wp","href":"https:\/\/api.w.org\/{rel}","templated":true}]}}