{"id":8776,"date":"2020-11-20T11:54:24","date_gmt":"2020-11-20T09:54:24","guid":{"rendered":"https:\/\/galicianparts.com\/shop\/producto\/7572027-tapon-deposito-servofreno-lancia-delta-dedra-fiat-punto-alfa-gt-147\/"},"modified":"2020-11-20T11:59:35","modified_gmt":"2020-11-20T09:59:35","slug":"7572027-tapon-deposito-servofreno-lancia-delta-dedra-fiat-punto-alfa-gt-147","status":"publish","type":"product","link":"https:\/\/galicianparts.com\/shop\/producto\/7572027-tapon-deposito-servofreno-lancia-delta-dedra-fiat-punto-alfa-gt-147\/","title":{"rendered":"7572027 Tap\u00f3n dep\u00f3sito servofreno Lancia Delta \/ Dedra \/ Fiat Punto \/ Alfa GT \/ 147"},"content":{"rendered":"<p>Tap\u00f3n de salida inferior del dep\u00f3sito del l\u00edquido de frenos de:<br \/>\nFIAT &#8211; NV PUNTO 55-60-75-90 (1993-1997)<br \/>\nFIAT &#8211; 1N PUNTO BZ (1999-2003)<br \/>\nFIAT &#8211; 1A PUNTO BZ. GAMMA &#8217;97 (1997-1999)<br \/>\nFIAT &#8211; PF PUNTO CABRIO (1994-1997)<br \/>\nFIAT &#8211; 1C PUNTO CABRIO GAMMA&#8217;97 (1997-2000)<br \/>\nFIAT &#8211; 2U PUNTO FL.&#8217;03 (2003-2010)<br \/>\nALFA ROMEO &#8211; W8 147 BZ\/DS (2000-2010)<br \/>\nALFA ROMEO &#8211; X2 GT (2003-2010)<br \/>\nLANCIA &#8211; RY DEDRA BENZINA (1989-1994)<br \/>\nLANCIA &#8211; SL DEDRA FL.94 1580-1750 8\/16V 2000 (1994-1999)<br \/>\nLANCIA &#8211; SN DEDRA FL.94 T.DS (1994-1999)<br \/>\nLANCIA &#8211; SF N.DELTA 1400-1600-1800(1993-1999)<br \/>\nLANCIA &#8211; SQ N.DELTA TB\/DS (1994-1999)<\/p>\n<p>LA PIEZA ES NUEVA Y ORIGINAL.<\/p>\n","protected":false},"excerpt":{"rendered":"<p>Tap\u00f3n de salida inferior del dep\u00f3sito del l\u00edquido de frenos de: FIAT &#8211; NV PUNTO 55-60-75-90 (1993-1997) FIAT &#8211; 1N PUNTO BZ (1999-2003) FIAT &#8211; 1A PUNTO BZ. GAMMA &#8217;97 (1997-1999) FIAT &#8211; PF PUNTO CABRIO (1994-1997) FIAT &#8211; 1C PUNTO CABRIO GAMMA&#8217;97 (1997-2000) FIAT &#8211; 2U PUNTO FL.&#8217;03 (2003-2010) ALFA ROMEO &#8211; W8 147 [&hellip;]<\/p>\n","protected":false},"featured_media":8777,"template":"","meta":{"_seopress_robots_primary_cat":"","_seopress_titles_title":"","_seopress_titles_desc":"","_seopress_robots_index":""},"product_cat":[44,16,117,118,20,50,21,101],"product_tag":[],"class_list":{"0":"post-8776","1":"product","2":"type-product","3":"status-publish","4":"has-post-thumbnail","6":"product_cat-recambios-alfa-romeo-147","7":"product_cat-recambios-alfa-romeo","8":"product_cat-recambios-lancia-dedra","9":"product_cat-recambios-lancia-delta","10":"product_cat-recambios-fiat","11":"product_cat-recambios-alfa-romeo-gt","12":"product_cat-recambios-lancia","13":"product_cat-recambios-fiat-punto","15":"first","16":"instock","17":"taxable","18":"shipping-taxable","19":"purchasable","20":"product-type-simple"},"_links":{"self":[{"href":"https:\/\/galicianparts.com\/shop\/wp-json\/wp\/v2\/product\/8776"}],"collection":[{"href":"https:\/\/galicianparts.com\/shop\/wp-json\/wp\/v2\/product"}],"about":[{"href":"https:\/\/galicianparts.com\/shop\/wp-json\/wp\/v2\/types\/product"}],"wp:featuredmedia":[{"embeddable":true,"href":"https:\/\/galicianparts.com\/shop\/wp-json\/wp\/v2\/media\/8777"}],"wp:attachment":[{"href":"https:\/\/galicianparts.com\/shop\/wp-json\/wp\/v2\/media?parent=8776"}],"wp:term":[{"taxonomy":"product_cat","embeddable":true,"href":"https:\/\/galicianparts.com\/shop\/wp-json\/wp\/v2\/product_cat?post=8776"},{"taxonomy":"product_tag","embeddable":true,"href":"https:\/\/galicianparts.com\/shop\/wp-json\/wp\/v2\/product_tag?post=8776"}],"curies":[{"name":"wp","href":"https:\/\/api.w.org\/{rel}","templated":true}]}}