{"id":8787,"date":"2020-11-20T12:58:59","date_gmt":"2020-11-20T10:58:59","guid":{"rendered":"https:\/\/galicianparts.com\/shop\/producto\/7646048-electrovalvula-regulacion-egr-fiat-lancia-citroen-peugeot-nueva-original\/"},"modified":"2020-11-20T13:02:29","modified_gmt":"2020-11-20T11:02:29","slug":"7646048-electrovalvula-regulacion-egr-fiat-lancia-citroen-peugeot-nueva-original","status":"publish","type":"product","link":"https:\/\/galicianparts.com\/shop\/producto\/7646048-electrovalvula-regulacion-egr-fiat-lancia-citroen-peugeot-nueva-original\/","title":{"rendered":"7646048 Electrov\u00e1lvula regulaci\u00f3n EGR Fiat \/ Lancia \/ Citroen \/ Peugeot NUEVA ORIGINAL"},"content":{"rendered":"<p>V\u00e1lvula de presi\u00f3n del turbo que regula la v\u00e1lvula EGR de los motores 1.700cc TD \/ 1.900cc TD \/ 2.500cc TD de:<br \/>\nFIAT &#8211; MJ CROMA TURBO DS FL.90 (1990-1996)<br \/>\nFIAT &#8211; NX PUNTO D-TD (1993-1997)<br \/>\nFIAT &#8211; MX TEMPRA DIESEL-TURBO D.(1989-1993)<br \/>\nFIAT &#8211; MF TIPO DIESEL-T.DS. (1987-1993)<br \/>\nFIAT &#8211; NT TIPO MAQ.93 D-TD (1993-1995)<br \/>\nLANCIA &#8211; RZ DEDRA TURBO DIESEL (1989-1994)<br \/>\nLANCIA &#8211; SZ THEMA BZ\/DS R.88 (1988-1992)<br \/>\nLANCIA &#8211; SC THEMA TURBO DS FL.92 (1992-1994)<br \/>\nFIAT PROFESSIONAL &#8211; PE DUCATO&#8217;94 DIESEL (1994-2002)<br \/>\nCITROEN JUMPER<br \/>\nPEUGEOT BOXER<br \/>\nLA PIEZA ES NUEVA Y ORIGINAL.<\/p>\n","protected":false},"excerpt":{"rendered":"<p>V\u00e1lvula de presi\u00f3n del turbo que regula la v\u00e1lvula EGR de los motores 1.700cc TD \/ 1.900cc TD \/ 2.500cc TD de: FIAT &#8211; MJ CROMA TURBO DS FL.90 (1990-1996) FIAT &#8211; NX PUNTO D-TD (1993-1997) FIAT &#8211; MX TEMPRA DIESEL-TURBO D.(1989-1993) FIAT &#8211; MF TIPO DIESEL-T.DS. (1987-1993) FIAT &#8211; NT TIPO MAQ.93 D-TD (1993-1995) [&hellip;]<\/p>\n","protected":false},"featured_media":8788,"template":"","meta":{"_seopress_robots_primary_cat":"","_seopress_titles_title":"","_seopress_titles_desc":"","_seopress_robots_index":""},"product_cat":[155,23,86,117,88,20,137,21,24,101,111,124,112],"product_tag":[],"class_list":{"0":"post-8787","1":"product","2":"type-product","3":"status-publish","4":"has-post-thumbnail","6":"product_cat-recambios-peugeot-boxer","7":"product_cat-recambios-citroen","8":"product_cat-recambios-fiat-croma","9":"product_cat-recambios-lancia-dedra","10":"product_cat-recambios-fiat-ducato","11":"product_cat-recambios-fiat","12":"product_cat-recambios-citroen-jumper","13":"product_cat-recambios-lancia","14":"product_cat-recambios-peugeot","15":"product_cat-recambios-fiat-punto","16":"product_cat-recambios-fiat-tempra","17":"product_cat-recambios-lancia-thema","18":"product_cat-recambios-fiat-tipo","20":"first","21":"instock","22":"taxable","23":"shipping-taxable","24":"purchasable","25":"product-type-simple"},"_links":{"self":[{"href":"https:\/\/galicianparts.com\/shop\/wp-json\/wp\/v2\/product\/8787"}],"collection":[{"href":"https:\/\/galicianparts.com\/shop\/wp-json\/wp\/v2\/product"}],"about":[{"href":"https:\/\/galicianparts.com\/shop\/wp-json\/wp\/v2\/types\/product"}],"wp:featuredmedia":[{"embeddable":true,"href":"https:\/\/galicianparts.com\/shop\/wp-json\/wp\/v2\/media\/8788"}],"wp:attachment":[{"href":"https:\/\/galicianparts.com\/shop\/wp-json\/wp\/v2\/media?parent=8787"}],"wp:term":[{"taxonomy":"product_cat","embeddable":true,"href":"https:\/\/galicianparts.com\/shop\/wp-json\/wp\/v2\/product_cat?post=8787"},{"taxonomy":"product_tag","embeddable":true,"href":"https:\/\/galicianparts.com\/shop\/wp-json\/wp\/v2\/product_tag?post=8787"}],"curies":[{"name":"wp","href":"https:\/\/api.w.org\/{rel}","templated":true}]}}