{"id":87913,"date":"2024-06-07T11:23:43","date_gmt":"2024-06-07T09:23:43","guid":{"rendered":"https:\/\/galicianparts.com\/shop\/producto\/96585372-casquillo-amortiguador-delantero-alfa-romeo-33-4x4-1988-1990-original\/"},"modified":"2024-06-07T11:26:30","modified_gmt":"2024-06-07T09:26:30","slug":"96585372-casquillo-amortiguador-delantero-alfa-romeo-33-4x4-1988-1990-original","status":"publish","type":"product","link":"https:\/\/galicianparts.com\/shop\/producto\/96585372-casquillo-amortiguador-delantero-alfa-romeo-33-4x4-1988-1990-original\/","title":{"rendered":"96585372 Casquillo amortiguador delantero Alfa Romeo 33 4&#215;4 (1988-1990) ORIGINAL"},"content":{"rendered":"<p>Suplemento, apoyo superior de los amortiguadores de la suspensi\u00f3n delantera de:<br \/>\nDi\u00e1metro interior: 20 mm<br \/>\nDi\u00e1metro exterior: 65 mm<br \/>\nAltura: 23 mm<\/p>\n<p>ALFA ROMEO &#8211; W7 33 ED.88 (1988-1990) BN 4X4 \/ SW 4X4 \/ SW 4X4 QV \/ 1.2 D.C.95 RON \/ 1.3 D.C.95 RON \/ 1.3 A.S. \/ 1.3 AS-95 RON \/ 1.5 AS \/ 1.5 AS-95RON \/ 1.7 AS \/ 1.7 IE<br \/>\nALFA ROMEO &#8211; W7 33 ED.88 (1988-1990) BN 4X4 \/ SW 4X4 \/ SW 4X4 QV \/ 1.9 TB\/DS<\/p>\n<p>LA PIEZA ES NUEVA Y ORIGINAL.<\/p>\n","protected":false},"excerpt":{"rendered":"<p>Suplemento, apoyo superior de los amortiguadores de la suspensi\u00f3n delantera de: Di\u00e1metro interior: 20 mm Di\u00e1metro exterior: 65 mm Altura: 23 mm ALFA ROMEO &#8211; W7 33 ED.88 (1988-1990) BN 4X4 \/ SW 4X4 \/ SW 4X4 QV \/ 1.2 D.C.95 RON \/ 1.3 D.C.95 RON \/ 1.3 A.S. \/ 1.3 AS-95 RON \/ 1.5 [&hellip;]<\/p>\n","protected":false},"featured_media":87916,"template":"","meta":{"_seopress_robots_primary_cat":"","_seopress_titles_title":"","_seopress_titles_desc":"","_seopress_robots_index":""},"product_cat":[43,16],"product_tag":[],"class_list":{"0":"post-87913","1":"product","2":"type-product","3":"status-publish","4":"has-post-thumbnail","6":"product_cat-recambios-alfa-romeo-33","7":"product_cat-recambios-alfa-romeo","9":"first","10":"instock","11":"taxable","12":"shipping-taxable","13":"purchasable","14":"product-type-simple"},"_links":{"self":[{"href":"https:\/\/galicianparts.com\/shop\/wp-json\/wp\/v2\/product\/87913"}],"collection":[{"href":"https:\/\/galicianparts.com\/shop\/wp-json\/wp\/v2\/product"}],"about":[{"href":"https:\/\/galicianparts.com\/shop\/wp-json\/wp\/v2\/types\/product"}],"wp:featuredmedia":[{"embeddable":true,"href":"https:\/\/galicianparts.com\/shop\/wp-json\/wp\/v2\/media\/87916"}],"wp:attachment":[{"href":"https:\/\/galicianparts.com\/shop\/wp-json\/wp\/v2\/media?parent=87913"}],"wp:term":[{"taxonomy":"product_cat","embeddable":true,"href":"https:\/\/galicianparts.com\/shop\/wp-json\/wp\/v2\/product_cat?post=87913"},{"taxonomy":"product_tag","embeddable":true,"href":"https:\/\/galicianparts.com\/shop\/wp-json\/wp\/v2\/product_tag?post=87913"}],"curies":[{"name":"wp","href":"https:\/\/api.w.org\/{rel}","templated":true}]}}