{"id":88058,"date":"2024-06-13T10:06:31","date_gmt":"2024-06-13T08:06:31","guid":{"rendered":"https:\/\/galicianparts.com\/shop\/producto\/176020670-boton-marron-antiniebla-trasero-lancia-delta-hf-tb-1986-1992-nuevo-original\/"},"modified":"2024-06-13T10:08:15","modified_gmt":"2024-06-13T08:08:15","slug":"176020670-boton-marron-antiniebla-trasero-lancia-delta-hf-tb-1986-1992-nuevo-original","status":"publish","type":"product","link":"https:\/\/galicianparts.com\/shop\/producto\/176020670-boton-marron-antiniebla-trasero-lancia-delta-hf-tb-1986-1992-nuevo-original\/","title":{"rendered":"176020670 Bot\u00f3n marr\u00f3n antiniebla trasero Lancia Delta HF TB (1986-1992) NUEVO ORIGINAL"},"content":{"rendered":"<p>Interruptor de color marr\u00f3n de la luz antiniebla trasera de:<br \/>\nLANCIA &#8211; TB DELTA R.86 BZ\/DS (1986-1992)<br \/>\nLANCIA &#8211; DELTA HF TURBO (1986-1992)<\/p>\n<p>LA PIEZA ES NUEVA Y ORIGINAL.<\/p>\n","protected":false},"excerpt":{"rendered":"<p>Interruptor de color marr\u00f3n de la luz antiniebla trasera de: LANCIA &#8211; TB DELTA R.86 BZ\/DS (1986-1992) LANCIA &#8211; DELTA HF TURBO (1986-1992) LA PIEZA ES NUEVA Y ORIGINAL.<\/p>\n","protected":false},"featured_media":88059,"template":"","meta":{"_seopress_robots_primary_cat":"","_seopress_titles_title":"","_seopress_titles_desc":"","_seopress_robots_index":""},"product_cat":[118,21],"product_tag":[],"class_list":{"0":"post-88058","1":"product","2":"type-product","3":"status-publish","4":"has-post-thumbnail","6":"product_cat-recambios-lancia-delta","7":"product_cat-recambios-lancia","9":"first","10":"instock","11":"taxable","12":"shipping-taxable","13":"purchasable","14":"product-type-simple"},"_links":{"self":[{"href":"https:\/\/galicianparts.com\/shop\/wp-json\/wp\/v2\/product\/88058"}],"collection":[{"href":"https:\/\/galicianparts.com\/shop\/wp-json\/wp\/v2\/product"}],"about":[{"href":"https:\/\/galicianparts.com\/shop\/wp-json\/wp\/v2\/types\/product"}],"wp:featuredmedia":[{"embeddable":true,"href":"https:\/\/galicianparts.com\/shop\/wp-json\/wp\/v2\/media\/88059"}],"wp:attachment":[{"href":"https:\/\/galicianparts.com\/shop\/wp-json\/wp\/v2\/media?parent=88058"}],"wp:term":[{"taxonomy":"product_cat","embeddable":true,"href":"https:\/\/galicianparts.com\/shop\/wp-json\/wp\/v2\/product_cat?post=88058"},{"taxonomy":"product_tag","embeddable":true,"href":"https:\/\/galicianparts.com\/shop\/wp-json\/wp\/v2\/product_tag?post=88058"}],"curies":[{"name":"wp","href":"https:\/\/api.w.org\/{rel}","templated":true}]}}