{"id":8806,"date":"2020-11-20T13:59:47","date_gmt":"2020-11-20T11:59:47","guid":{"rendered":"https:\/\/galicianparts.com\/shop\/producto\/4130528-rotula-brazo-suspension-inferior-fiat-238-nuevo-original\/"},"modified":"2020-11-30T12:44:31","modified_gmt":"2020-11-30T10:44:31","slug":"4130528-rotula-brazo-suspension-inferior-fiat-238-nuevo-original","status":"publish","type":"product","link":"https:\/\/galicianparts.com\/shop\/producto\/4130528-rotula-brazo-suspension-inferior-fiat-238-nuevo-original\/","title":{"rendered":"4130528 R\u00f3tula brazo suspensi\u00f3n inferior Fiat 238 NUEVO ORIGINAL"},"content":{"rendered":"<p>R\u00f3tula de brazo de suspensi\u00f3n delantero inferior de Fiat 238.<br \/>\nLA PIEZA ES NUEVA Y ORIGINAL DE LA \u00c9POCA.<\/p>\n","protected":false},"excerpt":{"rendered":"<p>R\u00f3tula de brazo de suspensi\u00f3n delantero inferior de Fiat 238. LA PIEZA ES NUEVA Y ORIGINAL DE LA \u00c9POCA.<\/p>\n","protected":false},"featured_media":8807,"template":"","meta":{"_seopress_robots_primary_cat":"","_seopress_titles_title":"","_seopress_titles_desc":"","_seopress_robots_index":""},"product_cat":[209,20],"product_tag":[],"class_list":{"0":"post-8806","1":"product","2":"type-product","3":"status-publish","4":"has-post-thumbnail","6":"product_cat-recambios-fiat-238","7":"product_cat-recambios-fiat","9":"first","10":"outofstock","11":"taxable","12":"shipping-taxable","13":"purchasable","14":"product-type-simple"},"_links":{"self":[{"href":"https:\/\/galicianparts.com\/shop\/wp-json\/wp\/v2\/product\/8806"}],"collection":[{"href":"https:\/\/galicianparts.com\/shop\/wp-json\/wp\/v2\/product"}],"about":[{"href":"https:\/\/galicianparts.com\/shop\/wp-json\/wp\/v2\/types\/product"}],"wp:featuredmedia":[{"embeddable":true,"href":"https:\/\/galicianparts.com\/shop\/wp-json\/wp\/v2\/media\/8807"}],"wp:attachment":[{"href":"https:\/\/galicianparts.com\/shop\/wp-json\/wp\/v2\/media?parent=8806"}],"wp:term":[{"taxonomy":"product_cat","embeddable":true,"href":"https:\/\/galicianparts.com\/shop\/wp-json\/wp\/v2\/product_cat?post=8806"},{"taxonomy":"product_tag","embeddable":true,"href":"https:\/\/galicianparts.com\/shop\/wp-json\/wp\/v2\/product_tag?post=8806"}],"curies":[{"name":"wp","href":"https:\/\/api.w.org\/{rel}","templated":true}]}}