{"id":88078,"date":"2024-06-13T13:03:17","date_gmt":"2024-06-13T11:03:17","guid":{"rendered":"https:\/\/galicianparts.com\/shop\/producto\/7619387-radiador-calefaccion-fiat-ducato-82-90-citroen-peugeot-original-valeo\/"},"modified":"2024-08-10T15:08:04","modified_gmt":"2024-08-10T13:08:04","slug":"7619387-radiador-calefaccion-fiat-ducato-82-90-citroen-peugeot-original-valeo","status":"publish","type":"product","link":"https:\/\/galicianparts.com\/shop\/producto\/7619387-radiador-calefaccion-fiat-ducato-82-90-citroen-peugeot-original-valeo\/","title":{"rendered":"7619387 Radiador calefacci\u00f3n Fiat Ducato (82-90) Citro\u00ebn \/Peugeot ORIGINAL VALEO"},"content":{"rendered":"<p>Radiador del m\u00f3dulo de la calefacci\u00f3n de:<br \/>\nFIAT Ducato I Furg\u00f3n (280)<br \/>\n1.8, A\u00f1o 01.1982 &#8211; 10.1988, 1783 ccm, 67 cv<br \/>\n1.9 D, A\u00f1o 01.1988 &#8211; 08.1990, 1929 ccm, 71 cv<br \/>\n1.9 TD, A\u00f1o 03.1989 &#8211; 08.1990, 1929 ccm, 82 cv<br \/>\n2.0, A\u00f1o 07.1985 &#8211; 08.1990, 1971 ccm, 75 cv<br \/>\n2.4 D, A\u00f1o 01.1982 &#8211; 08.1990, 2428 ccm, 72 cv<br \/>\n2.5 D, A\u00f1o 01.1982 &#8211; 08.1990, 2500 ccm, 75 cv<br \/>\n2.5 TD 4&#215;4, A\u00f1o 09.1986 &#8211; 09.1990, 2445 ccm, 92 cv<br \/>\nFIAT Ducato I Panorama (280)<br \/>\n1.8, A\u00f1o 07.1982 &#8211; 12.1988, 1796 ccm, 69 cv<br \/>\n2.0, A\u00f1o 01.1986 &#8211; 08.1990, 1971 ccm, 75 cv<br \/>\n2.5 D, A\u00f1o 01.1986 &#8211; 08.1990, 2500 ccm, 75 cv<\/p>\n<p>CITRO\u00cbN Xsara (N2)<br \/>\n1.4 i, A\u00f1o 10.1997 &#8211; 08.2005, 1360 ccm, 75 cv<br \/>\n1.6 i, A\u00f1o 10.1997 &#8211; 09.2000, 1587 ccm, 88 cv<br \/>\n1.8 i 16V, A\u00f1o 10.1997 &#8211; 09.2000, 1761 ccm, 110 cv<br \/>\n1.8 i Aut., A\u00f1o 10.1997 &#8211; 09.2000, 1761 ccm, 101 cv<br \/>\n1.9 D, A\u00f1o 10.1997 &#8211; 09.2000, 1905 ccm, 68 cv<br \/>\n1.9 D, A\u00f1o 01.1998 &#8211; 09.2000, 1905 ccm, 75 cv<br \/>\n1.9 TD, A\u00f1o 10.1997 &#8211; 09.2000, 1905 ccm, 90 cv<br \/>\nCITRO\u00cbN Xsara Coup\u00e9 (N0)<br \/>\n1.4 i, A\u00f1o 03.1998 &#8211; 03.2005, 1360 ccm, 75 cv<br \/>\n1.6 i, A\u00f1o 02.1998 &#8211; 09.2000, 1587 ccm, 88 cv<br \/>\n1.8 i, A\u00f1o 02.1998 &#8211; 09.2000, 1761 ccm, 101 cv<br \/>\n1.8 i 16V, A\u00f1o 02.1998 &#8211; 09.2000, 1761 ccm, 110 cv<br \/>\n1.9 D, A\u00f1o 02.1998 &#8211; 09.2000, 1905 ccm, 68 cv<br \/>\n1.9 TD, A\u00f1o 02.1998 &#8211; 09.2000, 1905 ccm, 90 cv<br \/>\n2.0 i 16V, A\u00f1o 02.1998 &#8211; 03.2005, 1998 ccm, 163 cv<br \/>\nCITRO\u00cbN C25 Furg\u00f3n<br \/>\n1.9 D 1400, A\u00f1o 01.1988 &#8211; 01.1994, 1905 ccm, 69 cv<\/p>\n<p>PEUGEOT J5 Furg\u00f3n (280)<br \/>\n1.9 D, A\u00f1o 09.1987 &#8211; 08.1990, 1905 ccm, 69 cv<\/p>\n<p>LA PIEZA ES NUEVA Y ORIGINAL VALEO.<\/p>\n","protected":false},"excerpt":{"rendered":"<p>Radiador del m\u00f3dulo de la calefacci\u00f3n de: FIAT Ducato I Furg\u00f3n (280) 1.8, A\u00f1o 01.1982 &#8211; 10.1988, 1783 ccm, 67 cv 1.9 D, A\u00f1o 01.1988 &#8211; 08.1990, 1929 ccm, 71 cv 1.9 TD, A\u00f1o 03.1989 &#8211; 08.1990, 1929 ccm, 82 cv 2.0, A\u00f1o 07.1985 &#8211; 08.1990, 1971 ccm, 75 cv 2.4 D, A\u00f1o 01.1982 &#8211; [&hellip;]<\/p>\n","protected":false},"featured_media":88080,"template":"","meta":{"_seopress_robots_primary_cat":"","_seopress_titles_title":"","_seopress_titles_desc":"","_seopress_robots_index":""},"product_cat":[132,23,88,20,157,24,143],"product_tag":[],"class_list":{"0":"post-88078","1":"product","2":"type-product","3":"status-publish","4":"has-post-thumbnail","6":"product_cat-recambios-citroen-c25","7":"product_cat-recambios-citroen","8":"product_cat-recambios-fiat-ducato","9":"product_cat-recambios-fiat","10":"product_cat-recambios-peugeot-j5","11":"product_cat-recambios-peugeot","12":"product_cat-recambios-citroen-xsara","14":"first","15":"outofstock","16":"taxable","17":"shipping-taxable","18":"purchasable","19":"product-type-simple"},"_links":{"self":[{"href":"https:\/\/galicianparts.com\/shop\/wp-json\/wp\/v2\/product\/88078"}],"collection":[{"href":"https:\/\/galicianparts.com\/shop\/wp-json\/wp\/v2\/product"}],"about":[{"href":"https:\/\/galicianparts.com\/shop\/wp-json\/wp\/v2\/types\/product"}],"wp:featuredmedia":[{"embeddable":true,"href":"https:\/\/galicianparts.com\/shop\/wp-json\/wp\/v2\/media\/88080"}],"wp:attachment":[{"href":"https:\/\/galicianparts.com\/shop\/wp-json\/wp\/v2\/media?parent=88078"}],"wp:term":[{"taxonomy":"product_cat","embeddable":true,"href":"https:\/\/galicianparts.com\/shop\/wp-json\/wp\/v2\/product_cat?post=88078"},{"taxonomy":"product_tag","embeddable":true,"href":"https:\/\/galicianparts.com\/shop\/wp-json\/wp\/v2\/product_tag?post=88078"}],"curies":[{"name":"wp","href":"https:\/\/api.w.org\/{rel}","templated":true}]}}