{"id":88108,"date":"2024-06-14T09:04:49","date_gmt":"2024-06-14T07:04:49","guid":{"rendered":"https:\/\/galicianparts.com\/shop\/producto\/4600893-junta-tapon-llenado-aceite-m2-5d-td-fiat-ducato-90-94-citroen-c25-peugeot-j5-original\/"},"modified":"2026-02-10T14:12:10","modified_gmt":"2026-02-10T12:12:10","slug":"4600893-junta-tapon-llenado-aceite-m2-5d-td-fiat-ducato-90-94-citroen-c25-peugeot-j5-original","status":"publish","type":"product","link":"https:\/\/galicianparts.com\/shop\/producto\/4600893-junta-tapon-llenado-aceite-m2-5d-td-fiat-ducato-90-94-citroen-c25-peugeot-j5-original\/","title":{"rendered":"4600893 Junta respiro aceite motor 2.5D-TD Fiat Ducato (90-94) Citro\u00ebn C25 \/Peugeot J5 ORIGINAL"},"content":{"rendered":"<p>Junta de goma del dep\u00f3sito del respiro del aceite y los gases del bloque de motor de:<br \/>\nDi\u00e1metro interior: 37 mm<br \/>\nDi\u00e1metro exterior: 47 mm<br \/>\nAltura: 4 mm<\/p>\n<p>FIAT PROFESSIONAL &#8211; ND DUCATO 4X4 R.90 (1990-1994) 2500 DIESEL<br \/>\nFIAT PROFESSIONAL &#8211; ND DUCATO 4X4 R.90 (1990-1994) 2500 TURBO DIESEL<br \/>\nFIAT PROFESSIONAL &#8211; NA NUOVO DUCATO DS.R.90 (1990-1994) 2500 \/ 2500 TURBO<br \/>\nCITROEN &#8211; C25 (1990-1994) 2500 DIESEL \/ TURBO DIESEL<br \/>\nPEUGEOT &#8211; J5 (1990-1994) 2500 DIESEL \/ TURBO DIESEL<\/p>\n<p>LA PIEZA ES NUEVA Y ORIGINAL.<\/p>\n","protected":false},"excerpt":{"rendered":"<p>Junta de goma del dep\u00f3sito del respiro del aceite y los gases del bloque de motor de: Di\u00e1metro interior: 37 mm Di\u00e1metro exterior: 47 mm Altura: 4 mm FIAT PROFESSIONAL &#8211; ND DUCATO 4X4 R.90 (1990-1994) 2500 DIESEL FIAT PROFESSIONAL &#8211; ND DUCATO 4X4 R.90 (1990-1994) 2500 TURBO DIESEL FIAT PROFESSIONAL &#8211; NA NUOVO DUCATO [&hellip;]<\/p>\n","protected":false},"featured_media":88111,"template":"","meta":{"_seopress_robots_primary_cat":"","_seopress_titles_title":"","_seopress_titles_desc":"","_seopress_robots_index":""},"product_cat":[132,23,88,20,157,24],"product_tag":[],"class_list":{"0":"post-88108","1":"product","2":"type-product","3":"status-publish","4":"has-post-thumbnail","6":"product_cat-recambios-citroen-c25","7":"product_cat-recambios-citroen","8":"product_cat-recambios-fiat-ducato","9":"product_cat-recambios-fiat","10":"product_cat-recambios-peugeot-j5","11":"product_cat-recambios-peugeot","13":"first","14":"instock","15":"taxable","16":"shipping-taxable","17":"purchasable","18":"product-type-simple"},"_links":{"self":[{"href":"https:\/\/galicianparts.com\/shop\/wp-json\/wp\/v2\/product\/88108"}],"collection":[{"href":"https:\/\/galicianparts.com\/shop\/wp-json\/wp\/v2\/product"}],"about":[{"href":"https:\/\/galicianparts.com\/shop\/wp-json\/wp\/v2\/types\/product"}],"wp:featuredmedia":[{"embeddable":true,"href":"https:\/\/galicianparts.com\/shop\/wp-json\/wp\/v2\/media\/88111"}],"wp:attachment":[{"href":"https:\/\/galicianparts.com\/shop\/wp-json\/wp\/v2\/media?parent=88108"}],"wp:term":[{"taxonomy":"product_cat","embeddable":true,"href":"https:\/\/galicianparts.com\/shop\/wp-json\/wp\/v2\/product_cat?post=88108"},{"taxonomy":"product_tag","embeddable":true,"href":"https:\/\/galicianparts.com\/shop\/wp-json\/wp\/v2\/product_tag?post=88108"}],"curies":[{"name":"wp","href":"https:\/\/api.w.org\/{rel}","templated":true}]}}