{"id":88113,"date":"2024-06-14T09:17:22","date_gmt":"2024-06-14T07:17:22","guid":{"rendered":"https:\/\/galicianparts.com\/shop\/producto\/7527811-embellecedor-central-llanta-fiat-palio-siena-strada-nuevo-original\/"},"modified":"2024-12-02T20:22:52","modified_gmt":"2024-12-02T18:22:52","slug":"7527811-embellecedor-central-llanta-fiat-palio-siena-strada-nuevo-original","status":"publish","type":"product","link":"https:\/\/galicianparts.com\/shop\/producto\/7527811-embellecedor-central-llanta-fiat-palio-siena-strada-nuevo-original\/","title":{"rendered":"7527811 Embellecedor central llanta Fiat Palio \/Siena \/Strada NUEVO ORIGINAL"},"content":{"rendered":"<p>Tapacubo, tapa central de la llanta de aleaci\u00f3n de:<br \/>\nDi\u00e1metro: 49,5 mm<br \/>\nDi\u00e1metro anclaje: 44,5 mm<\/p>\n<p>FIAT &#8211; 1X PALIO 2V EXTRA EUROPA (1997-2002) RUEDAS\u00a0DE\u00a0ALEACI\u00d3N\u00a0LIGERA<br \/>\nFIAT &#8211; 1Y PALIO WE EXTRA EUROPA (1997-2002) RUEDAS\u00a0DE\u00a0ALEACI\u00d3N\u00a0LIGERA<br \/>\nFIAT &#8211; PY PALIO\/WEEKEND EUROPA (1997-2002) RUEDAS\u00a0DE\u00a0ALEACI\u00d3N\u00a0LIGERA<br \/>\nFIAT &#8211; 2A SIENA EXTRA EUROPA (1997-2002) EL (PL) \/ HL (PL) \/ EL (TR) \/ HL (TR) \/ EL (PL)4 \/ EL (PL)5 \/ RUEDAS\u00a0DE\u00a0ALEACI\u00d3N\u00a0LIGERA<br \/>\nFIAT PROFESSIONAL &#8211; 1G STRADA (1999-2005) RUEDAS\u00a0DE\u00a0ALEACI\u00d3N\u00a0LIGERA<\/p>\n<p>LA PIEZA ES NUEVA Y ORIGINAL.<\/p>\n","protected":false},"excerpt":{"rendered":"<p>Tapacubo, tapa central de la llanta de aleaci\u00f3n de: Di\u00e1metro: 49,5 mm Di\u00e1metro anclaje: 44,5 mm FIAT &#8211; 1X PALIO 2V EXTRA EUROPA (1997-2002) RUEDAS\u00a0DE\u00a0ALEACI\u00d3N\u00a0LIGERA FIAT &#8211; 1Y PALIO WE EXTRA EUROPA (1997-2002) RUEDAS\u00a0DE\u00a0ALEACI\u00d3N\u00a0LIGERA FIAT &#8211; PY PALIO\/WEEKEND EUROPA (1997-2002) RUEDAS\u00a0DE\u00a0ALEACI\u00d3N\u00a0LIGERA FIAT &#8211; 2A SIENA EXTRA EUROPA (1997-2002) EL (PL) \/ HL (PL) \/ EL [&hellip;]<\/p>\n","protected":false},"featured_media":88118,"template":"","meta":{"_seopress_robots_primary_cat":"","_seopress_titles_title":"","_seopress_titles_desc":"","_seopress_robots_index":""},"product_cat":[20,98,107,109],"product_tag":[],"class_list":{"0":"post-88113","1":"product","2":"type-product","3":"status-publish","4":"has-post-thumbnail","6":"product_cat-recambios-fiat","7":"product_cat-recambios-fiat-palio","8":"product_cat-recambios-fiat-siena","9":"product_cat-recambios-fiat-strada","11":"first","12":"outofstock","13":"taxable","14":"shipping-taxable","15":"purchasable","16":"product-type-simple"},"_links":{"self":[{"href":"https:\/\/galicianparts.com\/shop\/wp-json\/wp\/v2\/product\/88113"}],"collection":[{"href":"https:\/\/galicianparts.com\/shop\/wp-json\/wp\/v2\/product"}],"about":[{"href":"https:\/\/galicianparts.com\/shop\/wp-json\/wp\/v2\/types\/product"}],"wp:featuredmedia":[{"embeddable":true,"href":"https:\/\/galicianparts.com\/shop\/wp-json\/wp\/v2\/media\/88118"}],"wp:attachment":[{"href":"https:\/\/galicianparts.com\/shop\/wp-json\/wp\/v2\/media?parent=88113"}],"wp:term":[{"taxonomy":"product_cat","embeddable":true,"href":"https:\/\/galicianparts.com\/shop\/wp-json\/wp\/v2\/product_cat?post=88113"},{"taxonomy":"product_tag","embeddable":true,"href":"https:\/\/galicianparts.com\/shop\/wp-json\/wp\/v2\/product_tag?post=88113"}],"curies":[{"name":"wp","href":"https:\/\/api.w.org\/{rel}","templated":true}]}}