{"id":88120,"date":"2024-06-14T09:33:41","date_gmt":"2024-06-14T07:33:41","guid":{"rendered":"https:\/\/galicianparts.com\/shop\/producto\/7566253-pack-2-rodillos-puerta-corredera-fiat-ducato-82-94-citroen-c25-peugeot-j5-original\/"},"modified":"2026-03-13T14:08:13","modified_gmt":"2026-03-13T12:08:13","slug":"7566253-pack-2-rodillos-puerta-corredera-fiat-ducato-82-94-citroen-c25-peugeot-j5-original","status":"publish","type":"product","link":"https:\/\/galicianparts.com\/shop\/producto\/7566253-pack-2-rodillos-puerta-corredera-fiat-ducato-82-94-citroen-c25-peugeot-j5-original\/","title":{"rendered":"7566253 Pack 2 rodillos puerta corredera Fiat Ducato (82-94) Citro\u00ebn C25 \/Peugeot J5 ORIGINAL"},"content":{"rendered":"<p>7673134 Juego, set de dos rodillos de la gu\u00eda central de la puerta de corredera lateral de:<br \/>\nDi\u00e1metro: 14,5 mm<br \/>\nDi\u00e1metro interior: 6 mm<br \/>\nAltura: 13 mm<\/p>\n<p>FIAT PROFESSIONAL &#8211; ND DUCATO 4X4 R.90 (1982-1994) FURGON \/ SUPERCOMBI<br \/>\nFIAT PROFESSIONAL &#8211; NB NUOVO DUCATO BZ R.90 (1982-1994)<br \/>\nFIAT PROFESSIONAL &#8211; NA NUOVO DUCATO DS.R.90 (1982-1994)<br \/>\nCITROEN &#8211; C25 (1982-1994)<br \/>\nPEUGEOT &#8211; J5 (1982-1994)<\/p>\n<p>LA PIEZA ES NUEVA Y ORIGINAL.<\/p>\n","protected":false},"excerpt":{"rendered":"<p>7673134 Juego, set de dos rodillos de la gu\u00eda central de la puerta de corredera lateral de: Di\u00e1metro: 14,5 mm Di\u00e1metro interior: 6 mm Altura: 13 mm FIAT PROFESSIONAL &#8211; ND DUCATO 4X4 R.90 (1982-1994) FURGON \/ SUPERCOMBI FIAT PROFESSIONAL &#8211; NB NUOVO DUCATO BZ R.90 (1982-1994) FIAT PROFESSIONAL &#8211; NA NUOVO DUCATO DS.R.90 (1982-1994) [&hellip;]<\/p>\n","protected":false},"featured_media":88125,"template":"","meta":{"_seopress_robots_primary_cat":"","_seopress_titles_title":"","_seopress_titles_desc":"","_seopress_robots_index":""},"product_cat":[132,23,88,20,157,24],"product_tag":[],"class_list":{"0":"post-88120","1":"product","2":"type-product","3":"status-publish","4":"has-post-thumbnail","6":"product_cat-recambios-citroen-c25","7":"product_cat-recambios-citroen","8":"product_cat-recambios-fiat-ducato","9":"product_cat-recambios-fiat","10":"product_cat-recambios-peugeot-j5","11":"product_cat-recambios-peugeot","13":"first","14":"outofstock","15":"taxable","16":"shipping-taxable","17":"purchasable","18":"product-type-simple"},"_links":{"self":[{"href":"https:\/\/galicianparts.com\/shop\/wp-json\/wp\/v2\/product\/88120"}],"collection":[{"href":"https:\/\/galicianparts.com\/shop\/wp-json\/wp\/v2\/product"}],"about":[{"href":"https:\/\/galicianparts.com\/shop\/wp-json\/wp\/v2\/types\/product"}],"wp:featuredmedia":[{"embeddable":true,"href":"https:\/\/galicianparts.com\/shop\/wp-json\/wp\/v2\/media\/88125"}],"wp:attachment":[{"href":"https:\/\/galicianparts.com\/shop\/wp-json\/wp\/v2\/media?parent=88120"}],"wp:term":[{"taxonomy":"product_cat","embeddable":true,"href":"https:\/\/galicianparts.com\/shop\/wp-json\/wp\/v2\/product_cat?post=88120"},{"taxonomy":"product_tag","embeddable":true,"href":"https:\/\/galicianparts.com\/shop\/wp-json\/wp\/v2\/product_tag?post=88120"}],"curies":[{"name":"wp","href":"https:\/\/api.w.org\/{rel}","templated":true}]}}