{"id":88134,"date":"2024-06-14T11:53:36","date_gmt":"2024-06-14T09:53:36","guid":{"rendered":"https:\/\/galicianparts.com\/shop\/producto\/46406128-tubo-entrada-modulo-calefaccion-fiat-punto-1-6-1993-1997-nuevo-original\/"},"modified":"2024-09-23T12:58:45","modified_gmt":"2024-09-23T10:58:45","slug":"46406128-tubo-entrada-modulo-calefaccion-fiat-punto-1-6-1993-1997-nuevo-original","status":"publish","type":"product","link":"https:\/\/galicianparts.com\/shop\/producto\/46406128-tubo-entrada-modulo-calefaccion-fiat-punto-1-6-1993-1997-nuevo-original\/","title":{"rendered":"46406128 Tubo entrada m\u00f3dulo calefacci\u00f3n Fiat Punto 1.6 (1993-1997) NUEVO ORIGINAL"},"content":{"rendered":"<p>Manguito de entrada del refrigerante en el m\u00f3dulo de la calefacci\u00f3n de:<br \/>\nFIAT &#8211; NV PUNTO (1993-1997) 1.6 MPI<br \/>\nFIAT &#8211; NV PUNTO (1993-1997) 1.6 MPI<br \/>\nFIAT &#8211; NV PUNTO (1993-1997) 1.6 MPI<br \/>\nFIAT &#8211; PF PUNTO CABRIO (1994-1997) 1580 MPI<\/p>\n<p>LA PIEZA ES NUEVA Y ORIGINAL.<\/p>\n","protected":false},"excerpt":{"rendered":"<p>Manguito de entrada del refrigerante en el m\u00f3dulo de la calefacci\u00f3n de: FIAT &#8211; NV PUNTO (1993-1997) 1.6 MPI FIAT &#8211; NV PUNTO (1993-1997) 1.6 MPI FIAT &#8211; NV PUNTO (1993-1997) 1.6 MPI FIAT &#8211; PF PUNTO CABRIO (1994-1997) 1580 MPI LA PIEZA ES NUEVA Y ORIGINAL.<\/p>\n","protected":false},"featured_media":88135,"template":"","meta":{"_seopress_robots_primary_cat":"","_seopress_titles_title":"","_seopress_titles_desc":"","_seopress_robots_index":""},"product_cat":[20,101],"product_tag":[],"class_list":{"0":"post-88134","1":"product","2":"type-product","3":"status-publish","4":"has-post-thumbnail","6":"product_cat-recambios-fiat","7":"product_cat-recambios-fiat-punto","9":"first","10":"instock","11":"taxable","12":"shipping-taxable","13":"purchasable","14":"product-type-simple"},"_links":{"self":[{"href":"https:\/\/galicianparts.com\/shop\/wp-json\/wp\/v2\/product\/88134"}],"collection":[{"href":"https:\/\/galicianparts.com\/shop\/wp-json\/wp\/v2\/product"}],"about":[{"href":"https:\/\/galicianparts.com\/shop\/wp-json\/wp\/v2\/types\/product"}],"wp:featuredmedia":[{"embeddable":true,"href":"https:\/\/galicianparts.com\/shop\/wp-json\/wp\/v2\/media\/88135"}],"wp:attachment":[{"href":"https:\/\/galicianparts.com\/shop\/wp-json\/wp\/v2\/media?parent=88134"}],"wp:term":[{"taxonomy":"product_cat","embeddable":true,"href":"https:\/\/galicianparts.com\/shop\/wp-json\/wp\/v2\/product_cat?post=88134"},{"taxonomy":"product_tag","embeddable":true,"href":"https:\/\/galicianparts.com\/shop\/wp-json\/wp\/v2\/product_tag?post=88134"}],"curies":[{"name":"wp","href":"https:\/\/api.w.org\/{rel}","templated":true}]}}