{"id":88141,"date":"2024-06-14T12:04:36","date_gmt":"2024-06-14T10:04:36","guid":{"rendered":"https:\/\/galicianparts.com\/shop\/producto\/82472577-bombilla-mandos-calefaccion-lancia-dedra-fiat-tempra-nueva-original\/"},"modified":"2025-03-27T14:20:59","modified_gmt":"2025-03-27T12:20:59","slug":"82472577-bombilla-mandos-calefaccion-lancia-dedra-fiat-tempra-nueva-original","status":"publish","type":"product","link":"https:\/\/galicianparts.com\/shop\/producto\/82472577-bombilla-mandos-calefaccion-lancia-dedra-fiat-tempra-nueva-original\/","title":{"rendered":"82472577 Bombilla mandos calefacci\u00f3n Lancia Dedra \/Fiat Tempra NUEVA ORIGINAL"},"content":{"rendered":"<p>Portal\u00e1mparas con bombilla de color verde de los controles del m\u00f3dulo de la calefacci\u00f3n de:<br \/>\nIntensidad: 100 MA<\/p>\n<p>FIAT &#8211; MV TEMPRA 1370-1580 (1989-1993) AUTOMATIC HEATER<br \/>\nFIAT &#8211; MV TEMPRA 1370-1580 (1989-1993)<br \/>\nFIAT &#8211; MW TEMPRA 1750-2000 (1989-1993) AUTOMATIC HEATER<br \/>\nFIAT &#8211; MW TEMPRA 1750-2000 (1989-1993)<br \/>\nFIAT &#8211; MX TEMPRA DIESEL-TURBO D. (1989-1993) AUTOMATIC HEATER<br \/>\nFIAT &#8211; MX TEMPRA DIESEL-TURBO D. (1989-1993)<br \/>\nFIAT &#8211; NY TEMPRA MAQ.93 1370-1580 (&#8217;93-&#8217;96) AUTOMATIC HEATER<br \/>\nFIAT &#8211; NY TEMPRA MAQ.93 (&#8217;93-&#8217;96) 1580 SPI \u00abB\u00bb \/ 1580 SPI SELECTA \/ 1580 CARB. \/ 1580 MPI \u00abGM\u00bb \/ 1372 SPI MM \/ 1580 CARB. 91RON<br \/>\nFIAT &#8211; NZ TEMPRA MAQ.93 1750-2000 (&#8217;93-&#8217;96) AUTOMATIC HEATER<br \/>\nFIAT &#8211; NZ TEMPRA MAQ.93 1750-2000 (&#8217;93-&#8217;96)<br \/>\nFIAT &#8211; NJ TEMPRA MQ.93 D-TD (1993-1996) AUTOMATIC HEATER<br \/>\nFIAT &#8211; NJ TEMPRA MQ.93 D-TD (1993-1996)<br \/>\nLANCIA &#8211; RY DEDRA BENZINA (1989-1994) AUTOMATIC HEATER<br \/>\nLANCIA &#8211; RY DEDRA BENZINA (1989-1994) 1600 \/ 1600 USA&#8217;83 MONOJETRONIC \/ 1600 USA&#8217;83 MONOJMORONIC<br \/>\nLANCIA &#8211; RJ DEDRA IE.TB.INTEGRALE (1990-1994)<br \/>\nLANCIA &#8211; RJ DEDRA IE.TB.INTEGRALE (1990-1994) AUTOMATIC HEATER<br \/>\nLANCIA &#8211; RZ DEDRA TURBO DIESEL (1989-1994)<br \/>\nLANCIA &#8211; RZ DEDRA TURBO DIESEL (1989-1994) AUTOMATIC HEATER<\/p>\n<p>LA PIEZA ES NUEVA Y ORIGINAL.<\/p>\n","protected":false},"excerpt":{"rendered":"<p>Portal\u00e1mparas con bombilla de color verde de los controles del m\u00f3dulo de la calefacci\u00f3n de: Intensidad: 100 MA FIAT &#8211; MV TEMPRA 1370-1580 (1989-1993) AUTOMATIC HEATER FIAT &#8211; MV TEMPRA 1370-1580 (1989-1993) FIAT &#8211; MW TEMPRA 1750-2000 (1989-1993) AUTOMATIC HEATER FIAT &#8211; MW TEMPRA 1750-2000 (1989-1993) FIAT &#8211; MX TEMPRA DIESEL-TURBO D. (1989-1993) AUTOMATIC HEATER [&hellip;]<\/p>\n","protected":false},"featured_media":88146,"template":"","meta":{"_seopress_robots_primary_cat":"","_seopress_titles_title":"","_seopress_titles_desc":"","_seopress_robots_index":""},"product_cat":[117,20,21,111],"product_tag":[],"class_list":{"0":"post-88141","1":"product","2":"type-product","3":"status-publish","4":"has-post-thumbnail","6":"product_cat-recambios-lancia-dedra","7":"product_cat-recambios-fiat","8":"product_cat-recambios-lancia","9":"product_cat-recambios-fiat-tempra","11":"first","12":"outofstock","13":"taxable","14":"shipping-taxable","15":"purchasable","16":"product-type-simple"},"_links":{"self":[{"href":"https:\/\/galicianparts.com\/shop\/wp-json\/wp\/v2\/product\/88141"}],"collection":[{"href":"https:\/\/galicianparts.com\/shop\/wp-json\/wp\/v2\/product"}],"about":[{"href":"https:\/\/galicianparts.com\/shop\/wp-json\/wp\/v2\/types\/product"}],"wp:featuredmedia":[{"embeddable":true,"href":"https:\/\/galicianparts.com\/shop\/wp-json\/wp\/v2\/media\/88146"}],"wp:attachment":[{"href":"https:\/\/galicianparts.com\/shop\/wp-json\/wp\/v2\/media?parent=88141"}],"wp:term":[{"taxonomy":"product_cat","embeddable":true,"href":"https:\/\/galicianparts.com\/shop\/wp-json\/wp\/v2\/product_cat?post=88141"},{"taxonomy":"product_tag","embeddable":true,"href":"https:\/\/galicianparts.com\/shop\/wp-json\/wp\/v2\/product_tag?post=88141"}],"curies":[{"name":"wp","href":"https:\/\/api.w.org\/{rel}","templated":true}]}}